	{"id":5760,"date":"2021-05-19T09:22:20","date_gmt":"2021-05-19T07:22:20","guid":{"rendered":"https:\/\/www.econindustries.com\/?page_id=5760"},"modified":"2021-05-19T09:22:20","modified_gmt":"2021-05-19T07:22:20","slug":"gewinnspiel-teilnahmebedingungen","status":"publish","type":"page","link":"https:\/\/www.econindustries.com\/de\/gewinnspiel-teilnahmebedingungen","title":{"rendered":"Gewinnspiel Teilnahmebedingungen"},"content":{"rendered":"<p><strong>Teilnahmebedingungen<\/strong><br \/>\nDie Teilnahme am Gewinnspiel von econ industries services GmbH, nachfolgend Betreiber oder Veranstalter genannt, ist kostenlos und richtet sich ausschlie\u00dflich nach diesen Teilnahmebedingungen.<\/p>\n<p><strong><br \/>\nAblauf des Gewinnspiels<br \/>\n<\/strong>Die Dauer des Gewinnspiels erstreckt sich vom 19.5.2021, 10:00 Uhr CEST bis zum 19.5.2021, 11:40 Uhr CEST. \u00a0Innerhalb dieses Zeitraums erhalten Nutzer online die M\u00f6glichkeit, am Gewinnspiel teilzunehmen.<\/p>\n<p><strong><br \/>\nTeilnahme<br \/>\n<\/strong>Um am Gewinnspiel teilzunehmen, ist ein Ausf\u00fcllen und Absenden des angezeigten Teilnahmeformulars notwendig. Die Teilnahme ist nur innerhalb des Teilnahmezeitraums m\u00f6glich. Nach Teilnahmeschluss eingehende Einsendungen werden bei der Auslosung nicht ber\u00fccksichtigt.<\/p>\n<p>Pro Teilnehmer nimmt nur eine \u00fcbermittelte Anmeldung am Gewinnspiel teil. Es ist strengstens untersagt, mehrere Email-Adressen zur Erh\u00f6hung der Gewinnchancen zu verwenden.<\/p>\n<p>Die Teilnahme am Gewinnspiel ist kostenlos.<\/p>\n<p><strong><br \/>\nTeilnahmeberechtigte<br \/>\n<\/strong>Teilnahmeberechtigt sind nat\u00fcrliche Personen, die Ihren Wohnsitz in Deutschland und das 18. Lebensjahr vollendet haben. Die Teilnahme ist nicht auf Kunden des Veranstalters beschr\u00e4nkt und nicht vom Erwerb einer Ware oder Dienstleistung abh\u00e4ngig.<\/p>\n<p>Sollte ein Teilnehmer in seiner Gesch\u00e4ftsf\u00e4higkeit eingeschr\u00e4nkt sein, bedarf es der Einwilligung seines gesetzlichen Vertreters.<\/p>\n<p>Nicht teilnahmeberechtigt am Gewinnspiel sind alle an der Konzeption und Umsetzung des Gewinnspiels beteiligte Personen und Mitarbeiter des Betreibers sowie ihre Familienmitglieder. Zudem beh\u00e4lt sich der Betreiber vor, nach eigenem Ermessen Personen von der Teilnahme auszuschlie\u00dfen, wenn berechtigte Gr\u00fcnde vorliegen, beispielsweise<\/p>\n<p>(a) bei Manipulationen im Zusammenhang mit Zugang zum oder Durchf\u00fchrung des Gewinnspiels, (b) bei Verst\u00f6\u00dfen gegen diese Teilnahmebedingungen, (c) bei unlauterem Handeln oder (d) bei falschen oder irref\u00fchrenden Angaben im Zusammenhang mit der Teilnahme an dem Gewinnspiel.<\/p>\n<p><strong><br \/>\nGewinn, Benachrichtigung und \u00dcbermittlung des Gewinns<br \/>\n<\/strong>Folgender Preis wird vergeben:<br \/>\nEinen (1) Versuchstag im Wert von \u20ac4000 im Research &amp; Development Center von econ industries. Das Datum des Versuchstags richtet sich nach der Verf\u00fcgbarkeit des Labors und wird im Einvernehmen des Gewinners und econ industries services GmbH bestimmt.<br \/>\nDie Ermittlung des Gewinners erfolgt nach Teilnahmeschluss im Rahmen einer auf dem Zufallsprinzip beruhenden Verlosung unter allen Teilnehmern, die sich w\u00e4hrend des Webinars von econ industries services GmbH am 19.05.2021 zur Verlosung angemeldet haben.<\/p>\n<p>Der Gewinner der Verlosung wird w\u00e4hrend der Veranstaltung und auch zeitnah \u00fcber eine gesonderte Email \u00fcber den Gewinn informiert.<\/p>\n<p>Die Aush\u00e4ndigung des Gewinns erfolgt ausschlie\u00dflich an den Gewinner oder an den gesetzlichen Vertreter des minderj\u00e4hrigen Gewinners. Ein Umtausch, eine \u00dcbertragung sowie eine Barauszahlung des Gewinns sind nicht m\u00f6glich.<\/p>\n<p>Mit der Inanspruchnahme des Gewinns verbundene Zusatzkosten gehen zu Lasten des Gewinners. F\u00fcr eine etwaige Versteuerung des Gewinns ist der Gewinner selbst verantwortlich.<\/p>\n<p>Meldet sich der Gewinner nach zweifacher Aufforderung innerhalb einer Frist von 3 Wochen nicht, kann der Gewinn auf einen anderen Teilnehmer \u00fcbertragen werden. Der Gewinn ist bis zum 31.12.2021 bei econ industries services GmbH einzul\u00f6sen.<\/p>\n<p><strong><br \/>\nBeendigung des Gewinnspiels<br \/>\n<\/strong>Der Veranstalter beh\u00e4lt sich ausdr\u00fccklich vor, das Gewinnspiel ohne vorherige Ank\u00fcndigung und ohne Mitteilung von Gr\u00fcnden zu beenden. Dies gilt insbesondere f\u00fcr jegliche Gr\u00fcnde, die einen planm\u00e4\u00dfigen Ablauf des Gewinnspiels st\u00f6ren oder verhindern w\u00fcrden.<\/p>\n<p><strong><br \/>\nDatenschutz<br \/>\n<\/strong>F\u00fcr die Teilnahme am Gewinnspiel ist die Angabe von pers\u00f6nlichen Daten notwendig. Der Teilnehmer versichert, dass die von ihm gemachten Angaben zur Person, insbesondere Vor-, Nachname und Emailadresse wahrheitsgem\u00e4\u00df und richtig sind.<\/p>\n<p>Der Veranstalter weist darauf hin, dass s\u00e4mtliche personenbezogenen Daten des Teilnehmers ohne Einverst\u00e4ndnis weder an Dritte weitergegeben noch diesen zur Nutzung \u00fcberlassen werden.<\/p>\n<p>Im Falle eines Gewinns, erkl\u00e4rt sich der Gewinner mit der Ver\u00f6ffentlichung seines Namens und Wohnorts in den vom Veranstalter genutzten Werbemedien einverstanden. Dies schlie\u00dft die Bekanntgabe des Gewinners auf der Webseite des Betreibers und seinen Social Media Plattformen mit ein.<\/p>\n<p>Der Teilnehmer kann seine erkl\u00e4rte Einwilligung jederzeit widerrufen. Der Widerruf ist schriftlich an die auf der Webseite im Impressum angegebenen Kontaktdaten des Veranstalters zu richten. Nach Widerruf der Einwilligung werden die erhobenen und gespeicherten personenbezogenen Daten des Teilnehmers umgehend gel\u00f6scht.<\/p>\n<p><strong><br \/>\nAnwendbares Recht<br \/>\n<\/strong>Fragen oder Beanstandungen im Zusammenhang mit dem Gewinnspiel sind an den Betreiber zu richten.<\/p>\n<p>Das Gewinnspiel des Betreibers unterliegt ausschlie\u00dflich dem Recht der Bundesrepublik Deutschland. Der Rechtsweg ist ausgeschlossen.<\/p>\n<p><strong><br \/>\nSalvatorische Klausel<br \/>\n<\/strong>Sollte eine Bestimmung dieser Teilnahmebedingungen ganz oder teilweise unwirksam sein oder werden, so wird dadurch die G\u00fcltigkeit dieser Teilnahmebedingungen im \u00dcbrigen nicht ber\u00fchrt. Statt der unwirksamen Bestimmung gilt diejenige gesetzlich zul\u00e4ssige Regelung, die dem in der unwirksamen Bestimmung zum Ausdruck gekommenen Sinn und Zweck wirtschaftlich am n\u00e4chsten kommt. Entsprechendes gilt f\u00fcr den Fall des Vorliegens einer Regelungsl\u00fccke in diesen Teilnahmebedingungen.<\/p>\n<p>Viel Gl\u00fcck und Erfolg w\u00fcnscht das Team von econ industries!<\/p>\n","protected":false},"excerpt":{"rendered":"<p>Teilnahmebedingungen Die Teilnahme am Gewinnspiel von econ industries services GmbH, nachfolgend Betreiber oder Veranstalter genannt, ist kostenlos und richtet sich ausschlie\u00dflich nach diesen Teilnahmebedingungen. Ablauf des Gewinnspiels Die Dauer des <a class=\"moretag\" href=\"https:\/\/www.econindustries.com\/de\/gewinnspiel-teilnahmebedingungen\">weiterlesen&#8230;<\/a><\/p>\n","protected":false},"author":3,"featured_media":0,"parent":0,"menu_order":124,"comment_status":"open","ping_status":"open","template":"","meta":{"_acf_changed":false,"content-type":"","footnotes":"","_links_to":"","_links_to_target":""},"class_list":["post-5760","page","type-page","status-publish","hentry"],"acf":[],"yoast_head":"<!-- This site is optimized with the Yoast SEO plugin v27.5 - https:\/\/yoast.com\/product\/yoast-seo-wordpress\/ -->\n<title>Gewinnspiel Teilnahmebedingungen - econ industries services GmbH<\/title>\n<meta name=\"robots\" content=\"index, follow, max-snippet:-1, max-image-preview:large, max-video-preview:-1\" \/>\n<link rel=\"canonical\" href=\"https:\/\/www.econindustries.com\/de\/gewinnspiel-teilnahmebedingungen\" \/>\n<meta property=\"og:locale\" content=\"de_DE\" \/>\n<meta property=\"og:type\" content=\"article\" \/>\n<meta property=\"og:title\" content=\"Gewinnspiel Teilnahmebedingungen - econ industries services GmbH\" \/>\n<meta property=\"og:description\" content=\"Teilnahmebedingungen Die Teilnahme am Gewinnspiel von econ industries services GmbH, nachfolgend Betreiber oder Veranstalter genannt, ist kostenlos und richtet sich ausschlie\u00dflich nach diesen Teilnahmebedingungen. Ablauf des Gewinnspiels Die Dauer des weiterlesen...\" \/>\n<meta property=\"og:url\" content=\"https:\/\/www.econindustries.com\/de\/gewinnspiel-teilnahmebedingungen\" \/>\n<meta property=\"og:site_name\" content=\"econ industries services GmbH\" \/>\n<meta property=\"article:publisher\" content=\"https:\/\/www.facebook.com\/econindustries\" \/>\n<meta name=\"twitter:label1\" content=\"Gesch\u00e4tzte Lesezeit\" \/>\n\t<meta name=\"twitter:data1\" content=\"4\u00a0Minuten\" \/>\n<script type=\"application\/ld+json\" class=\"yoast-schema-graph\">{\"@context\":\"https:\\\/\\\/schema.org\",\"@graph\":[{\"@type\":\"WebPage\",\"@id\":\"https:\\\/\\\/www.econindustries.com\\\/de\\\/gewinnspiel-teilnahmebedingungen\",\"url\":\"https:\\\/\\\/www.econindustries.com\\\/de\\\/gewinnspiel-teilnahmebedingungen\",\"name\":\"Gewinnspiel Teilnahmebedingungen - econ industries services GmbH\",\"isPartOf\":{\"@id\":\"https:\\\/\\\/www.econindustries.com\\\/#website\"},\"datePublished\":\"2021-05-19T07:22:20+00:00\",\"breadcrumb\":{\"@id\":\"https:\\\/\\\/www.econindustries.com\\\/de\\\/gewinnspiel-teilnahmebedingungen#breadcrumb\"},\"inLanguage\":\"de\",\"potentialAction\":[{\"@type\":\"ReadAction\",\"target\":[\"https:\\\/\\\/www.econindustries.com\\\/de\\\/gewinnspiel-teilnahmebedingungen\"]}]},{\"@type\":\"BreadcrumbList\",\"@id\":\"https:\\\/\\\/www.econindustries.com\\\/de\\\/gewinnspiel-teilnahmebedingungen#breadcrumb\",\"itemListElement\":[{\"@type\":\"ListItem\",\"position\":1,\"name\":\"Home\",\"item\":\"https:\\\/\\\/www.econindustries.com\\\/de\"},{\"@type\":\"ListItem\",\"position\":2,\"name\":\"Gewinnspiel Teilnahmebedingungen\"}]},{\"@type\":\"WebSite\",\"@id\":\"https:\\\/\\\/www.econindustries.com\\\/#website\",\"url\":\"https:\\\/\\\/www.econindustries.com\\\/\",\"name\":\"econ industries services GmbH\",\"description\":\"\",\"potentialAction\":[{\"@type\":\"SearchAction\",\"target\":{\"@type\":\"EntryPoint\",\"urlTemplate\":\"https:\\\/\\\/www.econindustries.com\\\/?s={search_term_string}\"},\"query-input\":{\"@type\":\"PropertyValueSpecification\",\"valueRequired\":true,\"valueName\":\"search_term_string\"}}],\"inLanguage\":\"de\"}]}<\/script>\n<!-- \/ Yoast SEO plugin. -->","yoast_head_json":{"title":"Gewinnspiel Teilnahmebedingungen - econ industries services GmbH","robots":{"index":"index","follow":"follow","max-snippet":"max-snippet:-1","max-image-preview":"max-image-preview:large","max-video-preview":"max-video-preview:-1"},"canonical":"https:\/\/www.econindustries.com\/de\/gewinnspiel-teilnahmebedingungen","og_locale":"de_DE","og_type":"article","og_title":"Gewinnspiel Teilnahmebedingungen - econ industries services GmbH","og_description":"Teilnahmebedingungen Die Teilnahme am Gewinnspiel von econ industries services GmbH, nachfolgend Betreiber oder Veranstalter genannt, ist kostenlos und richtet sich ausschlie\u00dflich nach diesen Teilnahmebedingungen. Ablauf des Gewinnspiels Die Dauer des weiterlesen...","og_url":"https:\/\/www.econindustries.com\/de\/gewinnspiel-teilnahmebedingungen","og_site_name":"econ industries services GmbH","article_publisher":"https:\/\/www.facebook.com\/econindustries","twitter_misc":{"Gesch\u00e4tzte Lesezeit":"4\u00a0Minuten"},"schema":{"@context":"https:\/\/schema.org","@graph":[{"@type":"WebPage","@id":"https:\/\/www.econindustries.com\/de\/gewinnspiel-teilnahmebedingungen","url":"https:\/\/www.econindustries.com\/de\/gewinnspiel-teilnahmebedingungen","name":"Gewinnspiel Teilnahmebedingungen - econ industries services GmbH","isPartOf":{"@id":"https:\/\/www.econindustries.com\/#website"},"datePublished":"2021-05-19T07:22:20+00:00","breadcrumb":{"@id":"https:\/\/www.econindustries.com\/de\/gewinnspiel-teilnahmebedingungen#breadcrumb"},"inLanguage":"de","potentialAction":[{"@type":"ReadAction","target":["https:\/\/www.econindustries.com\/de\/gewinnspiel-teilnahmebedingungen"]}]},{"@type":"BreadcrumbList","@id":"https:\/\/www.econindustries.com\/de\/gewinnspiel-teilnahmebedingungen#breadcrumb","itemListElement":[{"@type":"ListItem","position":1,"name":"Home","item":"https:\/\/www.econindustries.com\/de"},{"@type":"ListItem","position":2,"name":"Gewinnspiel Teilnahmebedingungen"}]},{"@type":"WebSite","@id":"https:\/\/www.econindustries.com\/#website","url":"https:\/\/www.econindustries.com\/","name":"econ industries services GmbH","description":"","potentialAction":[{"@type":"SearchAction","target":{"@type":"EntryPoint","urlTemplate":"https:\/\/www.econindustries.com\/?s={search_term_string}"},"query-input":{"@type":"PropertyValueSpecification","valueRequired":true,"valueName":"search_term_string"}}],"inLanguage":"de"}]}},"_links":{"self":[{"href":"https:\/\/www.econindustries.com\/de\/wp-json\/wp\/v2\/pages\/5760","targetHints":{"allow":["GET"]}}],"collection":[{"href":"https:\/\/www.econindustries.com\/de\/wp-json\/wp\/v2\/pages"}],"about":[{"href":"https:\/\/www.econindustries.com\/de\/wp-json\/wp\/v2\/types\/page"}],"author":[{"embeddable":true,"href":"https:\/\/www.econindustries.com\/de\/wp-json\/wp\/v2\/users\/3"}],"replies":[{"embeddable":true,"href":"https:\/\/www.econindustries.com\/de\/wp-json\/wp\/v2\/comments?post=5760"}],"version-history":[{"count":1,"href":"https:\/\/www.econindustries.com\/de\/wp-json\/wp\/v2\/pages\/5760\/revisions"}],"predecessor-version":[{"id":5763,"href":"https:\/\/www.econindustries.com\/de\/wp-json\/wp\/v2\/pages\/5760\/revisions\/5763"}],"wp:attachment":[{"href":"https:\/\/www.econindustries.com\/de\/wp-json\/wp\/v2\/media?parent=5760"}],"curies":[{"name":"wp","href":"https:\/\/api.w.org\/{rel}","templated":true}]}}