	{"id":3849,"date":"2019-04-11T17:26:32","date_gmt":"2019-04-11T15:26:32","guid":{"rendered":"https:\/\/www.econindustries.com\/?page_id=3849"},"modified":"2019-04-12T09:09:12","modified_gmt":"2019-04-12T07:09:12","slug":"chlor-alkali-industrie","status":"publish","type":"page","link":"https:\/\/www.econindustries.com\/de\/industries\/chlor-alkali-industrie","title":{"rendered":"Chlorindustrie"},"content":{"rendered":"<div class=\"row sub_content\">\n<div class=\"ls-col-md-4\">\n<p><img loading=\"lazy\" decoding=\"async\" class=\"alignnone wp-image-785 size-size-400x300\" src=\"https:\/\/www.econindustries.com\/wp-content\/uploads\/2015\/01\/mercury-cell-process-400x300.jpg\" alt=\"Mercury cell process\" width=\"400\" height=\"300\" srcset=\"https:\/\/www.econindustries.com\/wp-content\/uploads\/2015\/01\/mercury-cell-process-400x300.jpg 400w, https:\/\/www.econindustries.com\/wp-content\/uploads\/2015\/01\/mercury-cell-process-300x225.jpg 300w, https:\/\/www.econindustries.com\/wp-content\/uploads\/2015\/01\/mercury-cell-process-1024x768.jpg 1024w, https:\/\/www.econindustries.com\/wp-content\/uploads\/2015\/01\/mercury-cell-process.jpg 1600w, https:\/\/www.econindustries.com\/wp-content\/uploads\/2015\/01\/mercury-cell-process-640x480.jpg 640w, https:\/\/www.econindustries.com\/wp-content\/uploads\/2015\/01\/mercury-cell-process-200x150.jpg 200w\" sizes=\"(max-width: 400px) 100vw, 400px\" \/><\/p>\n<\/div>\n<div class=\"ls-col-md-4\">\n<p><a href=\"https:\/\/www.econindustries.com\/wp-content\/uploads\/2015\/05\/chlorine-mercury-production.jpg\"><img loading=\"lazy\" decoding=\"async\" class=\"alignnone wp-image-1276 size-size-400x300\" src=\"https:\/\/www.econindustries.com\/wp-content\/uploads\/2015\/05\/chlorine-mercury-production-400x300.jpg\" alt=\"chlorine-mercury-production\" width=\"400\" height=\"300\" srcset=\"https:\/\/www.econindustries.com\/wp-content\/uploads\/2015\/05\/chlorine-mercury-production-400x300.jpg 400w, https:\/\/www.econindustries.com\/wp-content\/uploads\/2015\/05\/chlorine-mercury-production-300x225.jpg 300w, https:\/\/www.econindustries.com\/wp-content\/uploads\/2015\/05\/chlorine-mercury-production-201x150.jpg 201w, https:\/\/www.econindustries.com\/wp-content\/uploads\/2015\/05\/chlorine-mercury-production.jpg 599w\" sizes=\"(max-width: 400px) 100vw, 400px\" \/><\/a><\/p>\n<\/div>\n<div class=\"ls-col-md-4\">\n<p><a href=\"https:\/\/www.econindustries.com\/wp-content\/uploads\/2015\/03\/Unterhalb-der-Zellen.jpg\"><img loading=\"lazy\" decoding=\"async\" class=\"alignnone wp-image-1512 size-size-400x300\" src=\"https:\/\/www.econindustries.com\/wp-content\/uploads\/2015\/03\/Unterhalb-der-Zellen-400x300.jpg\" alt=\"Unterhalb der Zellen\" width=\"400\" height=\"300\" srcset=\"https:\/\/www.econindustries.com\/wp-content\/uploads\/2015\/03\/Unterhalb-der-Zellen-400x300.jpg 400w, https:\/\/www.econindustries.com\/wp-content\/uploads\/2015\/03\/Unterhalb-der-Zellen-300x225.jpg 300w, https:\/\/www.econindustries.com\/wp-content\/uploads\/2015\/03\/Unterhalb-der-Zellen-1024x768.jpg 1024w, https:\/\/www.econindustries.com\/wp-content\/uploads\/2015\/03\/Unterhalb-der-Zellen.jpg 1600w, https:\/\/www.econindustries.com\/wp-content\/uploads\/2015\/03\/Unterhalb-der-Zellen-640x480.jpg 640w, https:\/\/www.econindustries.com\/wp-content\/uploads\/2015\/03\/Unterhalb-der-Zellen-200x150.jpg 200w\" sizes=\"(max-width: 400px) 100vw, 400px\" \/><\/a><\/p>\n<\/div>\n<\/div>\n<p>Das Quecksilberzellenverfahren ist eine bisher weit verbreitete Produktionstechnik zur Herstellung von Chlor und Natronlauge. Das fl\u00fcssige Metall Quecksilber fungiert dabei als Kathode (Minuspol). In der Vergangenheit f\u00fchrte der Verlust von Quecksilber w\u00e4hrend des Prozesses (an Luft, Boden und Wasser) zu ernsthaften Gesundheits- und Umweltproblemen. Daher haben die meisten europ\u00e4ischen Chlorproduzenten beschlossen, den Quecksilberzellenprozess bis 2020 auslaufen zu lassen. Dennoch werden auch heute noch fast 6000 Tonnen Quecksilber pro Jahr allein in Europa f\u00fcr die Chlorproduktion verwendet. Infolgedessen enthalten die j\u00e4hrlichen Abfallmengen rund 1200 Tonnen Quecksilber, das vor Ort gelagert oder zur Entsorgung abgegeben wird. Der Gro\u00dfteil dieser Abf\u00e4lle ist reines Quecksilber (ehemalige Kathode), quecksilberhaltige Graphitkugeln (aus Zersetzer), Aktivkohle, Laugschlamm, Sedimente, Kl\u00e4rschlamm, kontaminierter Boden und Bauschutt. Quecksilber kann durch den Einsatz des VacuDry\u00ae-Verfahrens sicher aus all diesen Abfallstr\u00f6men gewonnen werden.<\/p>\n<p>Die EU-Vorschriften verlangen, dass \u00fcbersch\u00fcssiges Quecksilber aus der Chlorindustrie aus dem Stoffkreislauf entfernt und vor der sicheren Entsorgung stabilisiert wird. econ industries bietet eine Stabilisierungsl\u00f6sung, den so genannten VaCure-Prozess, bei dem Quecksilber in die nicht auslaugbare und chemisch stabile Verbindung Quecksilbersulfid (HgS) umgewandelt wird. Der rote Zinnober ist f\u00fcr die sichere Entsorgung geeignet und erf\u00fcllt selbst die strengsten Vorschriften.<\/p>\n<p>Lesen Sie mehr \u00fcber unsere Komplettl\u00f6sung f\u00fcr alle Arten von <a href=\"https:\/\/www.econindustries.com\/de\/applications\/mercury-wastes\" target=\"_blank\" rel=\"noopener noreferrer\">quecksilberbelasteten Abf\u00e4llen<\/a>:<\/p>\n<div style=\"height:30px\"><\/div>\n<div class=\"row sub_content\">\n<div class=\"ls-col-md-6\">\n<table summary=\"Eckdaten\" class=\"key-facts ls-table-responsive\">\n<colgroup>\n<col width=\"30%\" \/>\n<col width=\"70%\" \/><\/colgroup>\n<tr>\n<td colspan=\"2\"><strong>Eckdaten<\/strong><\/td>\n<\/tr>\n<tr>\n<td>\n<p>Technologie:<\/p>\n<\/td>\n<td>\n<p>VacuDry<sup>\u00ae<\/sup>-Vakuumdestillation &#038; VaCure-Hg-Stabilisierung<\/p>\n<\/td>\n<\/tr>\n<tr>\n<td>\n<p>Durchsatzleistung:<\/p>\n<\/td>\n<td>\n<p>0.5 \u2013 5 t\/h<\/p>\n<\/td>\n<\/tr>\n<tr>\n<td>\n<p>Inputmaterial:<\/p>\n<\/td>\n<td>\n<p>mit Quecksilber verunreinigte Adsorptionsmittel, Graphit-Kugeln, \u00e4tzender Schlamm, Filterkuchen, Sedimente, B\u00f6den und Bauschutt, andere quecksilberhaltige Abf\u00e4lle<br \/>\nReines Quecksilber (zur Stabilisierung)<\/p>\n<\/td>\n<\/tr>\n<tr>\n<td>\n<p>Reinigungsleistung:<\/p>\n<\/td>\n<td>\n<p>Hg von 10.000 ppm auf 10-50 ppm<br \/>\nHg von 1.000 ppm auf < 5 ppm (0,5 ppm m\u00f6glich)\n\n<\/p>\n<\/td>\n<\/tr>\n<tr>\n<td>\n<p>Heizsystem betrieben mit:<\/p>\n<\/td>\n<td>\n<p>Heiz\u00f6l, Diesel, Strom, Erdgas, Biokraftstoffe<\/p>\n<\/td>\n<\/tr>\n<\/table>\n<\/div>\n<div class=\"ls-col-md-6\">\n<p><strong>Wir bieten:<\/strong><\/p>\n<ul>\n<li>Komplette schl\u00fcsselfertige L\u00f6sungen aus einer Hand f\u00fcr jede Art von quecksilberhaltigen Abf\u00e4llen<\/li>\n<li>H\u00f6chste Standards in Bezug auf Arbeitssicherheit, Umweltschutz, gesetzliche Anforderungen und R\u00fcckverfolgbarkeit<\/li>\n<li>Individuelle mobile und station\u00e4re L\u00f6sungen (On-site; Off-site)<\/li>\n<li>Umfangreiche Erfahrung und eine 20-j\u00e4hrige Erfolgsgeschichte in der Behandlung verschiedener Arten von Quecksilberabf\u00e4llen<\/li>\n<li>Umfassende Beratung bei der Abfallbehandlung und Unterst\u00fctzung beim Genehmigungsprozess<\/li>\n<\/ul>\n<\/div>\n<\/div>\n","protected":false},"excerpt":{"rendered":"<p>Das Quecksilberzellenverfahren ist eine bisher weit verbreitete Produktionstechnik zur Herstellung von Chlor und Natronlauge. Das fl\u00fcssige Metall Quecksilber fungiert dabei als Kathode (Minuspol). In der Vergangenheit f\u00fchrte der Verlust von <a class=\"moretag\" href=\"https:\/\/www.econindustries.com\/de\/ls_keyfacts\/industries-chlorine\">weiterlesen&#8230;<\/a><\/p>\n","protected":false},"author":10,"featured_media":3850,"parent":1813,"menu_order":25,"comment_status":"closed","ping_status":"closed","template":"","meta":{"_acf_changed":false,"content-type":"","footnotes":"","_links_to":"","_links_to_target":""},"class_list":["post-3849","page","type-page","status-publish","has-post-thumbnail","hentry"],"acf":[],"yoast_head":"<!-- This site is optimized with the Yoast SEO plugin v27.5 - https:\/\/yoast.com\/product\/yoast-seo-wordpress\/ -->\n<title>Chlorindustrie - econ industries services GmbH<\/title>\n<meta name=\"robots\" content=\"index, follow, max-snippet:-1, max-image-preview:large, max-video-preview:-1\" \/>\n<link rel=\"canonical\" href=\"https:\/\/www.econindustries.com\/de\/industries\/chlor-alkali-industrie\" \/>\n<meta property=\"og:locale\" content=\"de_DE\" \/>\n<meta property=\"og:type\" content=\"article\" \/>\n<meta property=\"og:title\" content=\"Chlorindustrie - econ industries services GmbH\" \/>\n<meta property=\"og:description\" content=\"Das Quecksilberzellenverfahren ist eine bisher weit verbreitete Produktionstechnik zur Herstellung von Chlor und Natronlauge. Das fl\u00fcssige Metall Quecksilber fungiert dabei als Kathode (Minuspol). In der Vergangenheit f\u00fchrte der Verlust von weiterlesen...\" \/>\n<meta property=\"og:url\" content=\"https:\/\/www.econindustries.com\/de\/industries\/chlor-alkali-industrie\" \/>\n<meta property=\"og:site_name\" content=\"econ industries services GmbH\" \/>\n<meta property=\"article:publisher\" content=\"https:\/\/www.facebook.com\/econindustries\" \/>\n<meta property=\"article:modified_time\" content=\"2019-04-12T07:09:12+00:00\" \/>\n<meta property=\"og:image\" content=\"https:\/\/www.econindustries.com\/wp-content\/uploads\/2015\/01\/mercury-cell-process.jpg\" \/>\n\t<meta property=\"og:image:width\" content=\"1600\" \/>\n\t<meta property=\"og:image:height\" content=\"1200\" \/>\n\t<meta property=\"og:image:type\" content=\"image\/jpeg\" \/>\n<meta name=\"twitter:label1\" content=\"Gesch\u00e4tzte Lesezeit\" \/>\n\t<meta name=\"twitter:data1\" content=\"2\u00a0Minuten\" \/>\n<script type=\"application\/ld+json\" class=\"yoast-schema-graph\">{\"@context\":\"https:\\\/\\\/schema.org\",\"@graph\":[{\"@type\":\"WebPage\",\"@id\":\"https:\\\/\\\/www.econindustries.com\\\/de\\\/industries\\\/chlor-alkali-industrie\",\"url\":\"https:\\\/\\\/www.econindustries.com\\\/de\\\/industries\\\/chlor-alkali-industrie\",\"name\":\"Chlorindustrie - econ industries services GmbH\",\"isPartOf\":{\"@id\":\"https:\\\/\\\/www.econindustries.com\\\/#website\"},\"primaryImageOfPage\":{\"@id\":\"https:\\\/\\\/www.econindustries.com\\\/de\\\/industries\\\/chlor-alkali-industrie#primaryimage\"},\"image\":{\"@id\":\"https:\\\/\\\/www.econindustries.com\\\/de\\\/industries\\\/chlor-alkali-industrie#primaryimage\"},\"thumbnailUrl\":\"https:\\\/\\\/www.econindustries.com\\\/wp-content\\\/uploads\\\/2015\\\/01\\\/mercury-cell-process.jpg\",\"datePublished\":\"2019-04-11T15:26:32+00:00\",\"dateModified\":\"2019-04-12T07:09:12+00:00\",\"breadcrumb\":{\"@id\":\"https:\\\/\\\/www.econindustries.com\\\/de\\\/industries\\\/chlor-alkali-industrie#breadcrumb\"},\"inLanguage\":\"de\",\"potentialAction\":[{\"@type\":\"ReadAction\",\"target\":[\"https:\\\/\\\/www.econindustries.com\\\/de\\\/industries\\\/chlor-alkali-industrie\"]}]},{\"@type\":\"ImageObject\",\"inLanguage\":\"de\",\"@id\":\"https:\\\/\\\/www.econindustries.com\\\/de\\\/industries\\\/chlor-alkali-industrie#primaryimage\",\"url\":\"https:\\\/\\\/www.econindustries.com\\\/wp-content\\\/uploads\\\/2015\\\/01\\\/mercury-cell-process.jpg\",\"contentUrl\":\"https:\\\/\\\/www.econindustries.com\\\/wp-content\\\/uploads\\\/2015\\\/01\\\/mercury-cell-process.jpg\",\"width\":1600,\"height\":1200},{\"@type\":\"BreadcrumbList\",\"@id\":\"https:\\\/\\\/www.econindustries.com\\\/de\\\/industries\\\/chlor-alkali-industrie#breadcrumb\",\"itemListElement\":[{\"@type\":\"ListItem\",\"position\":1,\"name\":\"Home\",\"item\":\"https:\\\/\\\/www.econindustries.com\\\/de\"},{\"@type\":\"ListItem\",\"position\":2,\"name\":\"Branchen\",\"item\":\"https:\\\/\\\/www.econindustries.com\\\/de\\\/industries\"},{\"@type\":\"ListItem\",\"position\":3,\"name\":\"Chlorindustrie\"}]},{\"@type\":\"WebSite\",\"@id\":\"https:\\\/\\\/www.econindustries.com\\\/#website\",\"url\":\"https:\\\/\\\/www.econindustries.com\\\/\",\"name\":\"econ industries services GmbH\",\"description\":\"\",\"potentialAction\":[{\"@type\":\"SearchAction\",\"target\":{\"@type\":\"EntryPoint\",\"urlTemplate\":\"https:\\\/\\\/www.econindustries.com\\\/?s={search_term_string}\"},\"query-input\":{\"@type\":\"PropertyValueSpecification\",\"valueRequired\":true,\"valueName\":\"search_term_string\"}}],\"inLanguage\":\"de\"}]}<\/script>\n<!-- \/ Yoast SEO plugin. -->","yoast_head_json":{"title":"Chlorindustrie - econ industries services GmbH","robots":{"index":"index","follow":"follow","max-snippet":"max-snippet:-1","max-image-preview":"max-image-preview:large","max-video-preview":"max-video-preview:-1"},"canonical":"https:\/\/www.econindustries.com\/de\/industries\/chlor-alkali-industrie","og_locale":"de_DE","og_type":"article","og_title":"Chlorindustrie - econ industries services GmbH","og_description":"Das Quecksilberzellenverfahren ist eine bisher weit verbreitete Produktionstechnik zur Herstellung von Chlor und Natronlauge. Das fl\u00fcssige Metall Quecksilber fungiert dabei als Kathode (Minuspol). In der Vergangenheit f\u00fchrte der Verlust von weiterlesen...","og_url":"https:\/\/www.econindustries.com\/de\/industries\/chlor-alkali-industrie","og_site_name":"econ industries services GmbH","article_publisher":"https:\/\/www.facebook.com\/econindustries","article_modified_time":"2019-04-12T07:09:12+00:00","og_image":[{"width":1600,"height":1200,"url":"https:\/\/www.econindustries.com\/wp-content\/uploads\/2015\/01\/mercury-cell-process.jpg","type":"image\/jpeg"}],"twitter_misc":{"Gesch\u00e4tzte Lesezeit":"2\u00a0Minuten"},"schema":{"@context":"https:\/\/schema.org","@graph":[{"@type":"WebPage","@id":"https:\/\/www.econindustries.com\/de\/industries\/chlor-alkali-industrie","url":"https:\/\/www.econindustries.com\/de\/industries\/chlor-alkali-industrie","name":"Chlorindustrie - econ industries services GmbH","isPartOf":{"@id":"https:\/\/www.econindustries.com\/#website"},"primaryImageOfPage":{"@id":"https:\/\/www.econindustries.com\/de\/industries\/chlor-alkali-industrie#primaryimage"},"image":{"@id":"https:\/\/www.econindustries.com\/de\/industries\/chlor-alkali-industrie#primaryimage"},"thumbnailUrl":"https:\/\/www.econindustries.com\/wp-content\/uploads\/2015\/01\/mercury-cell-process.jpg","datePublished":"2019-04-11T15:26:32+00:00","dateModified":"2019-04-12T07:09:12+00:00","breadcrumb":{"@id":"https:\/\/www.econindustries.com\/de\/industries\/chlor-alkali-industrie#breadcrumb"},"inLanguage":"de","potentialAction":[{"@type":"ReadAction","target":["https:\/\/www.econindustries.com\/de\/industries\/chlor-alkali-industrie"]}]},{"@type":"ImageObject","inLanguage":"de","@id":"https:\/\/www.econindustries.com\/de\/industries\/chlor-alkali-industrie#primaryimage","url":"https:\/\/www.econindustries.com\/wp-content\/uploads\/2015\/01\/mercury-cell-process.jpg","contentUrl":"https:\/\/www.econindustries.com\/wp-content\/uploads\/2015\/01\/mercury-cell-process.jpg","width":1600,"height":1200},{"@type":"BreadcrumbList","@id":"https:\/\/www.econindustries.com\/de\/industries\/chlor-alkali-industrie#breadcrumb","itemListElement":[{"@type":"ListItem","position":1,"name":"Home","item":"https:\/\/www.econindustries.com\/de"},{"@type":"ListItem","position":2,"name":"Branchen","item":"https:\/\/www.econindustries.com\/de\/industries"},{"@type":"ListItem","position":3,"name":"Chlorindustrie"}]},{"@type":"WebSite","@id":"https:\/\/www.econindustries.com\/#website","url":"https:\/\/www.econindustries.com\/","name":"econ industries services GmbH","description":"","potentialAction":[{"@type":"SearchAction","target":{"@type":"EntryPoint","urlTemplate":"https:\/\/www.econindustries.com\/?s={search_term_string}"},"query-input":{"@type":"PropertyValueSpecification","valueRequired":true,"valueName":"search_term_string"}}],"inLanguage":"de"}]}},"_links":{"self":[{"href":"https:\/\/www.econindustries.com\/de\/wp-json\/wp\/v2\/pages\/3849","targetHints":{"allow":["GET"]}}],"collection":[{"href":"https:\/\/www.econindustries.com\/de\/wp-json\/wp\/v2\/pages"}],"about":[{"href":"https:\/\/www.econindustries.com\/de\/wp-json\/wp\/v2\/types\/page"}],"author":[{"embeddable":true,"href":"https:\/\/www.econindustries.com\/de\/wp-json\/wp\/v2\/users\/10"}],"replies":[{"embeddable":true,"href":"https:\/\/www.econindustries.com\/de\/wp-json\/wp\/v2\/comments?post=3849"}],"version-history":[{"count":8,"href":"https:\/\/www.econindustries.com\/de\/wp-json\/wp\/v2\/pages\/3849\/revisions"}],"predecessor-version":[{"id":3858,"href":"https:\/\/www.econindustries.com\/de\/wp-json\/wp\/v2\/pages\/3849\/revisions\/3858"}],"up":[{"embeddable":true,"href":"https:\/\/www.econindustries.com\/de\/wp-json\/wp\/v2\/pages\/1813"}],"wp:featuredmedia":[{"embeddable":true,"href":"https:\/\/www.econindustries.com\/de\/wp-json\/wp\/v2\/media\/3850"}],"wp:attachment":[{"href":"https:\/\/www.econindustries.com\/de\/wp-json\/wp\/v2\/media?parent=3849"}],"curies":[{"name":"wp","href":"https:\/\/api.w.org\/{rel}","templated":true}]}}