	{"id":3260,"date":"2018-11-09T15:31:16","date_gmt":"2018-11-09T14:31:16","guid":{"rendered":"https:\/\/www.econindustries.com\/?page_id=3260"},"modified":"2024-05-03T09:54:04","modified_gmt":"2024-05-03T07:54:04","slug":"vacudry-3","status":"publish","type":"page","link":"https:\/\/www.econindustries.com\/de\/technology-2\/vacudry-3","title":{"rendered":"VacuDry<sup>\u00ae<\/sup>"},"content":{"rendered":"<p>Die VacuDry<sup>\u00ae<\/sup>-Technologie von econ industries ist richtungsweisend zur R\u00fcckgewinnung von Ressourcen aus Industrieabf\u00e4llen. Wir m\u00f6chten Wegbereiter daf\u00fcr sein, dass Abf\u00e4lle k\u00fcnftig nicht mehr verbrannt oder deponiert werden m\u00fcssen. Stattdessen soll die VacuDry\u00ae-Technologie als ressourcenschonendes Materialrecycling etabliert werden. Im Hinblick auf Emissionen, CO2-Fu\u00dfabdruck, Kraftstoffverbrauch sowie Gesundheits- und Sicherheitsbedingungen reicht keine andere Technologie an unsere Vakuumdestillationsanlagen heran.<\/p>\n<p>Unsere Kunden sind in der Regel Marktf\u00fchrer in ihrem jeweiligen Bereich. F\u00fcr sie ist die VacuDry<sup>\u00ae<\/sup>-Technologie die einzige L\u00f6sung, die Fragen ihres Abfallmanagements in einer wirtschaftlich soliden sowie nachhaltigen Art und Weise zu l\u00f6sen. Bislang wurden mehr als 100 verschiedene Arten von Abfallstr\u00f6men erfolgreich aufbereitet. Schadstoffe oder Ressourcen mit einem Siedepunkt &lt; 450 \u00b0C \/ 842 \u00b0F (bei Normaldruck) sind f\u00fcr die VacuDry<sup>\u00ae<\/sup>-Technologie ideal.<\/p>\n<p>VacuDry<sup>\u00ae<\/sup> wird derzeit von unseren Kunden f\u00fcr eine Vielzahl von <a href=\"https:\/\/www.econindustries.com\/de\/applications\">Anwendungen<\/a> genutzt. Die Entfernung von Quecksilber- und Kohlenwasserstoffverunreinigungen aus kontaminierten B\u00f6den, die R\u00fcckgewinnung hochlegierten Stahls aus Metallschl\u00e4mmen oder die Aufbereitung von Bohrschl\u00e4mmen aus \u00d6l- und Gasbohrungen sind nur einige davon.<\/p>\n<h3>Das sch\u00e4tzen unsere Kunden an der VacuDry<sup>\u00ae<\/sup>-Technologie besonders:<\/h3>\n<ul>\n<li>Die hohe Qualit\u00e4t der r\u00fcckgewonnenen Ressourcen &#8211; ein speziell abgestimmtes Temperaturprofil, Vakuum und Stickstoff verhindern Oxidation oder Degradation der wertvollen Ressourcen<\/li>\n<li>Den niedrigen Energieverbrauch &#8211; dank des hocheffizienten Thermal\u00f6l-Heizsystems<\/li>\n<li>Die hohe Flexibilit\u00e4t &#8211; die Anlagen k\u00f6nnen leicht an sich ver\u00e4ndernde Abfallstr\u00f6me angepasst werden<\/li>\n<li>Die hohe Verf\u00fcgbarkeit von \u00fcber 90% &#8211; dank Hochleistungsanlagen f\u00fcr den 24\/7 Betrieb<\/li>\n<li>Das hohe Sicherheitsniveau &#8211; (CE- und ATEX-zertifiziert, gepr\u00fcft vom deutschen T\u00dcV)<\/li>\n<li>Die niedrigen Emissionen &#8211; durch Vakuum und Aktivkohlefilter<\/li>\n<li>Die perfekte Prozesskontrolle &#8211; durch den online \u00fcberwachten Chargenbetrieb<a href=\"#_ftn2\" name=\"_ftnref2\"><\/a><\/li>\n<\/ul>\n<p>&nbsp;<\/p>\n","protected":false},"excerpt":{"rendered":"<p>Die VacuDry\u00ae-Technologie von econ industries ist richtungsweisend zur R\u00fcckgewinnung von Ressourcen aus Industrieabf\u00e4llen. Wir m\u00f6chten Wegbereiter daf\u00fcr sein, dass Abf\u00e4lle k\u00fcnftig nicht mehr verbrannt oder deponiert werden m\u00fcssen. Stattdessen soll <a class=\"moretag\" href=\"https:\/\/www.econindustries.com\/de\/technology-2\/vacudry-3\">weiterlesen&#8230;<\/a><\/p>\n","protected":false},"author":3,"featured_media":7607,"parent":1744,"menu_order":21,"comment_status":"closed","ping_status":"closed","template":"","meta":{"_acf_changed":false,"content-type":"","footnotes":"","_links_to":"","_links_to_target":""},"class_list":["post-3260","page","type-page","status-publish","has-post-thumbnail","hentry"],"acf":[],"yoast_head":"<!-- This site is optimized with the Yoast SEO plugin v27.3 - https:\/\/yoast.com\/product\/yoast-seo-wordpress\/ -->\n<title>VacuDry\u00ae - econ industries services GmbH<\/title>\n<meta name=\"robots\" content=\"index, follow, max-snippet:-1, max-image-preview:large, max-video-preview:-1\" \/>\n<link rel=\"canonical\" href=\"https:\/\/www.econindustries.com\/de\/technology-2\/vacudry-3\" \/>\n<meta property=\"og:locale\" content=\"de_DE\" \/>\n<meta property=\"og:type\" content=\"article\" \/>\n<meta property=\"og:title\" content=\"VacuDry\u00ae - econ industries services GmbH\" \/>\n<meta property=\"og:description\" content=\"Die VacuDry\u00ae-Technologie von econ industries ist richtungsweisend zur R\u00fcckgewinnung von Ressourcen aus Industrieabf\u00e4llen. Wir m\u00f6chten Wegbereiter daf\u00fcr sein, dass Abf\u00e4lle k\u00fcnftig nicht mehr verbrannt oder deponiert werden m\u00fcssen. Stattdessen soll weiterlesen...\" \/>\n<meta property=\"og:url\" content=\"https:\/\/www.econindustries.com\/de\/technology-2\/vacudry-3\" \/>\n<meta property=\"og:site_name\" content=\"econ industries services GmbH\" \/>\n<meta property=\"article:publisher\" content=\"https:\/\/www.facebook.com\/econindustries\" \/>\n<meta property=\"article:modified_time\" content=\"2024-05-03T07:54:04+00:00\" \/>\n<meta property=\"og:image\" content=\"https:\/\/www.econindustries.com\/wp-content\/uploads\/2015\/01\/soil-remediation-france-2.jpg\" \/>\n\t<meta property=\"og:image:width\" content=\"2000\" \/>\n\t<meta property=\"og:image:height\" content=\"1464\" \/>\n\t<meta property=\"og:image:type\" content=\"image\/jpeg\" \/>\n<meta name=\"twitter:label1\" content=\"Gesch\u00e4tzte Lesezeit\" \/>\n\t<meta name=\"twitter:data1\" content=\"2\u00a0Minuten\" \/>\n<script type=\"application\/ld+json\" class=\"yoast-schema-graph\">{\"@context\":\"https:\\\/\\\/schema.org\",\"@graph\":[{\"@type\":\"WebPage\",\"@id\":\"https:\\\/\\\/www.econindustries.com\\\/de\\\/technology-2\\\/vacudry-3\",\"url\":\"https:\\\/\\\/www.econindustries.com\\\/de\\\/technology-2\\\/vacudry-3\",\"name\":\"VacuDry\u00ae - econ industries services GmbH\",\"isPartOf\":{\"@id\":\"https:\\\/\\\/www.econindustries.com\\\/#website\"},\"primaryImageOfPage\":{\"@id\":\"https:\\\/\\\/www.econindustries.com\\\/de\\\/technology-2\\\/vacudry-3#primaryimage\"},\"image\":{\"@id\":\"https:\\\/\\\/www.econindustries.com\\\/de\\\/technology-2\\\/vacudry-3#primaryimage\"},\"thumbnailUrl\":\"https:\\\/\\\/www.econindustries.com\\\/wp-content\\\/uploads\\\/2024\\\/08\\\/VacuDry-plant-soil-remediation-mercury-1.png\",\"datePublished\":\"2018-11-09T14:31:16+00:00\",\"dateModified\":\"2024-05-03T07:54:04+00:00\",\"breadcrumb\":{\"@id\":\"https:\\\/\\\/www.econindustries.com\\\/de\\\/technology-2\\\/vacudry-3#breadcrumb\"},\"inLanguage\":\"de\",\"potentialAction\":[{\"@type\":\"ReadAction\",\"target\":[\"https:\\\/\\\/www.econindustries.com\\\/de\\\/technology-2\\\/vacudry-3\"]}]},{\"@type\":\"ImageObject\",\"inLanguage\":\"de\",\"@id\":\"https:\\\/\\\/www.econindustries.com\\\/de\\\/technology-2\\\/vacudry-3#primaryimage\",\"url\":\"https:\\\/\\\/www.econindustries.com\\\/wp-content\\\/uploads\\\/2024\\\/08\\\/VacuDry-plant-soil-remediation-mercury-1.png\",\"contentUrl\":\"https:\\\/\\\/www.econindustries.com\\\/wp-content\\\/uploads\\\/2024\\\/08\\\/VacuDry-plant-soil-remediation-mercury-1.png\",\"width\":3976,\"height\":2968,\"caption\":\"VacuDry\u00ae 3 000 for mercury waste treatment in India\"},{\"@type\":\"BreadcrumbList\",\"@id\":\"https:\\\/\\\/www.econindustries.com\\\/de\\\/technology-2\\\/vacudry-3#breadcrumb\",\"itemListElement\":[{\"@type\":\"ListItem\",\"position\":1,\"name\":\"Home\",\"item\":\"https:\\\/\\\/www.econindustries.com\\\/de\"},{\"@type\":\"ListItem\",\"position\":2,\"name\":\"Technologie\",\"item\":\"https:\\\/\\\/www.econindustries.com\\\/de\\\/technology-2\"},{\"@type\":\"ListItem\",\"position\":3,\"name\":\"VacuDry\u00ae\"}]},{\"@type\":\"WebSite\",\"@id\":\"https:\\\/\\\/www.econindustries.com\\\/#website\",\"url\":\"https:\\\/\\\/www.econindustries.com\\\/\",\"name\":\"econ industries services GmbH\",\"description\":\"\",\"potentialAction\":[{\"@type\":\"SearchAction\",\"target\":{\"@type\":\"EntryPoint\",\"urlTemplate\":\"https:\\\/\\\/www.econindustries.com\\\/?s={search_term_string}\"},\"query-input\":{\"@type\":\"PropertyValueSpecification\",\"valueRequired\":true,\"valueName\":\"search_term_string\"}}],\"inLanguage\":\"de\"}]}<\/script>\n<!-- \/ Yoast SEO plugin. -->","yoast_head_json":{"title":"VacuDry\u00ae - econ industries services GmbH","robots":{"index":"index","follow":"follow","max-snippet":"max-snippet:-1","max-image-preview":"max-image-preview:large","max-video-preview":"max-video-preview:-1"},"canonical":"https:\/\/www.econindustries.com\/de\/technology-2\/vacudry-3","og_locale":"de_DE","og_type":"article","og_title":"VacuDry\u00ae - econ industries services GmbH","og_description":"Die VacuDry\u00ae-Technologie von econ industries ist richtungsweisend zur R\u00fcckgewinnung von Ressourcen aus Industrieabf\u00e4llen. Wir m\u00f6chten Wegbereiter daf\u00fcr sein, dass Abf\u00e4lle k\u00fcnftig nicht mehr verbrannt oder deponiert werden m\u00fcssen. Stattdessen soll weiterlesen...","og_url":"https:\/\/www.econindustries.com\/de\/technology-2\/vacudry-3","og_site_name":"econ industries services GmbH","article_publisher":"https:\/\/www.facebook.com\/econindustries","article_modified_time":"2024-05-03T07:54:04+00:00","og_image":[{"width":2000,"height":1464,"url":"https:\/\/www.econindustries.com\/wp-content\/uploads\/2015\/01\/soil-remediation-france-2.jpg","type":"image\/jpeg"}],"twitter_misc":{"Gesch\u00e4tzte Lesezeit":"2\u00a0Minuten"},"schema":{"@context":"https:\/\/schema.org","@graph":[{"@type":"WebPage","@id":"https:\/\/www.econindustries.com\/de\/technology-2\/vacudry-3","url":"https:\/\/www.econindustries.com\/de\/technology-2\/vacudry-3","name":"VacuDry\u00ae - econ industries services GmbH","isPartOf":{"@id":"https:\/\/www.econindustries.com\/#website"},"primaryImageOfPage":{"@id":"https:\/\/www.econindustries.com\/de\/technology-2\/vacudry-3#primaryimage"},"image":{"@id":"https:\/\/www.econindustries.com\/de\/technology-2\/vacudry-3#primaryimage"},"thumbnailUrl":"https:\/\/www.econindustries.com\/wp-content\/uploads\/2024\/08\/VacuDry-plant-soil-remediation-mercury-1.png","datePublished":"2018-11-09T14:31:16+00:00","dateModified":"2024-05-03T07:54:04+00:00","breadcrumb":{"@id":"https:\/\/www.econindustries.com\/de\/technology-2\/vacudry-3#breadcrumb"},"inLanguage":"de","potentialAction":[{"@type":"ReadAction","target":["https:\/\/www.econindustries.com\/de\/technology-2\/vacudry-3"]}]},{"@type":"ImageObject","inLanguage":"de","@id":"https:\/\/www.econindustries.com\/de\/technology-2\/vacudry-3#primaryimage","url":"https:\/\/www.econindustries.com\/wp-content\/uploads\/2024\/08\/VacuDry-plant-soil-remediation-mercury-1.png","contentUrl":"https:\/\/www.econindustries.com\/wp-content\/uploads\/2024\/08\/VacuDry-plant-soil-remediation-mercury-1.png","width":3976,"height":2968,"caption":"VacuDry\u00ae 3 000 for mercury waste treatment in India"},{"@type":"BreadcrumbList","@id":"https:\/\/www.econindustries.com\/de\/technology-2\/vacudry-3#breadcrumb","itemListElement":[{"@type":"ListItem","position":1,"name":"Home","item":"https:\/\/www.econindustries.com\/de"},{"@type":"ListItem","position":2,"name":"Technologie","item":"https:\/\/www.econindustries.com\/de\/technology-2"},{"@type":"ListItem","position":3,"name":"VacuDry\u00ae"}]},{"@type":"WebSite","@id":"https:\/\/www.econindustries.com\/#website","url":"https:\/\/www.econindustries.com\/","name":"econ industries services GmbH","description":"","potentialAction":[{"@type":"SearchAction","target":{"@type":"EntryPoint","urlTemplate":"https:\/\/www.econindustries.com\/?s={search_term_string}"},"query-input":{"@type":"PropertyValueSpecification","valueRequired":true,"valueName":"search_term_string"}}],"inLanguage":"de"}]}},"_links":{"self":[{"href":"https:\/\/www.econindustries.com\/de\/wp-json\/wp\/v2\/pages\/3260","targetHints":{"allow":["GET"]}}],"collection":[{"href":"https:\/\/www.econindustries.com\/de\/wp-json\/wp\/v2\/pages"}],"about":[{"href":"https:\/\/www.econindustries.com\/de\/wp-json\/wp\/v2\/types\/page"}],"author":[{"embeddable":true,"href":"https:\/\/www.econindustries.com\/de\/wp-json\/wp\/v2\/users\/3"}],"replies":[{"embeddable":true,"href":"https:\/\/www.econindustries.com\/de\/wp-json\/wp\/v2\/comments?post=3260"}],"version-history":[{"count":2,"href":"https:\/\/www.econindustries.com\/de\/wp-json\/wp\/v2\/pages\/3260\/revisions"}],"predecessor-version":[{"id":3864,"href":"https:\/\/www.econindustries.com\/de\/wp-json\/wp\/v2\/pages\/3260\/revisions\/3864"}],"up":[{"embeddable":true,"href":"https:\/\/www.econindustries.com\/de\/wp-json\/wp\/v2\/pages\/1744"}],"wp:featuredmedia":[{"embeddable":true,"href":"https:\/\/www.econindustries.com\/de\/wp-json\/wp\/v2\/media\/7607"}],"wp:attachment":[{"href":"https:\/\/www.econindustries.com\/de\/wp-json\/wp\/v2\/media?parent=3260"}],"curies":[{"name":"wp","href":"https:\/\/api.w.org\/{rel}","templated":true}]}}