	{"id":1898,"date":"2015-02-06T07:52:11","date_gmt":"2015-02-06T05:52:11","guid":{"rendered":"http:\/\/www.econ.industries\/de\/applications\/metal-sludge"},"modified":"2021-01-28T17:12:47","modified_gmt":"2021-01-28T15:12:47","slug":"metal-sludge","status":"publish","type":"page","link":"https:\/\/www.econindustries.com\/de\/applications\/metal-sludge","title":{"rendered":"Metallschl\u00e4mme"},"content":{"rendered":"<div class=\"row sub_content\">\n<div class=\"ls-col-md-6\">\n<p>Schleifstaub aus der metallverarbeitenden Industrie k\u00f6nnen Metalllegierungen, Edel- und hochlegierten Stahl enthalten &#8211; f\u00fcr die VacuDry<sup>\u00ae<\/sup>-Anlage allesamt ideale Inputmaterialien. Der Sauerstoffabschluss im VacuDry<sup>\u00ae<\/sup>-Prozess verhindert w\u00e4hrend der Aufbereitung jegliche Ver\u00e4nderung der chemischen Struktur von \u00d6l, Emulsionen oder Metallen. Das Outputmaterial kann anschlie\u00dfend teuer verkauft werden.<\/p>\n<div style=\"height:30px\"><\/div>\n<h3>Vorteile der VacuDry<sup>\u00ae<\/sup>-Anlagen zur Aufbereitung von Metallschlamm:<\/h3>\n<ul>\n<li>Trennung von Schleif-\/Walz\u00f6l und Metalle ohne Qualit\u00e4tsverlust<\/li>\n<li>Sauerstofffreier Prozess sch\u00fctzt Metalle vor Oxidation<\/li>\n<li>Niedriger Energieverbrauch<\/li>\n<li>Aufgrund niedriger Emissionen f\u00fcr fast alle Industriestandorte geeignet<\/li>\n<li>Hochflexibel hinsichtlich der verschiedensten Abfallstr\u00f6me<\/li>\n<\/ul>\n<\/div>\n<div class=\"ls-col-md-6\">\n<table summary=\"Eckdaten\" class=\"key-facts ls-table-responsive\">\n<colgroup>\n<col width=\"30%\" \/>\n<col width=\"70%\" \/><\/colgroup>\n<tr>\n<td colspan=\"2\"><strong>Eckdaten<\/strong><\/td>\n<\/tr>\n<tr>\n<td>\n<p>Quellen:<\/p>\n<\/td>\n<td>\n<p>Mechanische Fertigung von Metallteilen, Filtration von Schneidfl\u00fcssigkeit aus der Metallbearbeitung, Walz- und Stahlwerken<\/p>\n<\/td>\n<\/tr>\n<tr>\n<td>\n<p>Inputmaterial:<\/p>\n<\/td>\n<td>\n<p>Schleifstaub &#8211; hochlegierter Stahl, Hartstahl, Edelstahl und Kohlenstoffstahl; Walzzunder, Metallpulverschlamm<\/p>\n<\/td>\n<\/tr>\n<tr>\n<td>\n<p>Outputmaterial:<\/p>\n<\/td>\n<td>\n<p>\u00d6l, Wasser, \u00f6lfreie Metallbriketts; TPH kleiner 1000 ppm, 100 ppm m\u00f6glich<\/p>\n<\/td>\n<\/tr>\n<tr>\n<td>\n<p>Anlagendesign:<\/p>\n<\/td>\n<td>\n<p>Station\u00e4re oder mobile Ausf\u00fchrung, 0,5 &#8230; > 5 t \/ h Durchsatzleistung<\/p>\n<\/td>\n<\/tr>\n<tr>\n<td>\n<p>Heizsystem betrieben mit:<\/p>\n<\/td>\n<td>\n<p>Elektrizit\u00e4t, Biokraftstoffe, Wasserstoff, r\u00fcckgewonnenes \u00d6l, Diesel, Erdgas, sowie Hybridsysteme verf\u00fcgbar<\/p>\n<\/td>\n<\/tr>\n<tr>\n<td>\n<p>Optional:<\/p>\n<\/td>\n<td>\n<p>Brikettierung des wiedergewonnenen Metallpulvers<\/p>\n<\/td>\n<\/tr>\n<\/table>\n<\/div>\n<\/div>\n","protected":false},"excerpt":{"rendered":"","protected":false},"author":1,"featured_media":780,"parent":1853,"menu_order":54,"comment_status":"open","ping_status":"open","template":"tmpl\/template-applications.php","meta":{"_acf_changed":false,"content-type":"","footnotes":"","_links_to":"","_links_to_target":""},"class_list":["post-1898","page","type-page","status-publish","has-post-thumbnail","hentry"],"acf":[],"yoast_head":"<!-- This site is optimized with the Yoast SEO plugin v27.3 - https:\/\/yoast.com\/product\/yoast-seo-wordpress\/ -->\n<title>Metallschl\u00e4mme - econ industries services GmbH<\/title>\n<meta name=\"robots\" content=\"index, follow, max-snippet:-1, max-image-preview:large, max-video-preview:-1\" \/>\n<link rel=\"canonical\" href=\"https:\/\/www.econindustries.com\/de\/applications\/metal-sludge\" \/>\n<meta property=\"og:locale\" content=\"de_DE\" \/>\n<meta property=\"og:type\" content=\"article\" \/>\n<meta property=\"og:title\" content=\"Metallschl\u00e4mme - econ industries services GmbH\" \/>\n<meta property=\"og:url\" content=\"https:\/\/www.econindustries.com\/de\/applications\/metal-sludge\" \/>\n<meta property=\"og:site_name\" content=\"econ industries services GmbH\" \/>\n<meta property=\"article:publisher\" content=\"https:\/\/www.facebook.com\/econindustries\" \/>\n<meta property=\"article:modified_time\" content=\"2021-01-28T15:12:47+00:00\" \/>\n<meta property=\"og:image\" content=\"https:\/\/www.econindustries.com\/wp-content\/uploads\/2015\/01\/metal-sludge-input-02.jpg\" \/>\n\t<meta property=\"og:image:width\" content=\"1600\" \/>\n\t<meta property=\"og:image:height\" content=\"1064\" \/>\n\t<meta property=\"og:image:type\" content=\"image\/jpeg\" \/>\n<meta name=\"twitter:label1\" content=\"Gesch\u00e4tzte Lesezeit\" \/>\n\t<meta name=\"twitter:data1\" content=\"1\u00a0Minute\" \/>\n<script type=\"application\/ld+json\" class=\"yoast-schema-graph\">{\"@context\":\"https:\\\/\\\/schema.org\",\"@graph\":[{\"@type\":\"WebPage\",\"@id\":\"https:\\\/\\\/www.econindustries.com\\\/de\\\/applications\\\/metal-sludge\",\"url\":\"https:\\\/\\\/www.econindustries.com\\\/de\\\/applications\\\/metal-sludge\",\"name\":\"Metallschl\u00e4mme - econ industries services GmbH\",\"isPartOf\":{\"@id\":\"https:\\\/\\\/www.econindustries.com\\\/#website\"},\"primaryImageOfPage\":{\"@id\":\"https:\\\/\\\/www.econindustries.com\\\/de\\\/applications\\\/metal-sludge#primaryimage\"},\"image\":{\"@id\":\"https:\\\/\\\/www.econindustries.com\\\/de\\\/applications\\\/metal-sludge#primaryimage\"},\"thumbnailUrl\":\"https:\\\/\\\/www.econindustries.com\\\/wp-content\\\/uploads\\\/2015\\\/01\\\/metal-sludge-input-02.jpg\",\"datePublished\":\"2015-02-06T05:52:11+00:00\",\"dateModified\":\"2021-01-28T15:12:47+00:00\",\"breadcrumb\":{\"@id\":\"https:\\\/\\\/www.econindustries.com\\\/de\\\/applications\\\/metal-sludge#breadcrumb\"},\"inLanguage\":\"de\",\"potentialAction\":[{\"@type\":\"ReadAction\",\"target\":[\"https:\\\/\\\/www.econindustries.com\\\/de\\\/applications\\\/metal-sludge\"]}]},{\"@type\":\"ImageObject\",\"inLanguage\":\"de\",\"@id\":\"https:\\\/\\\/www.econindustries.com\\\/de\\\/applications\\\/metal-sludge#primaryimage\",\"url\":\"https:\\\/\\\/www.econindustries.com\\\/wp-content\\\/uploads\\\/2015\\\/01\\\/metal-sludge-input-02.jpg\",\"contentUrl\":\"https:\\\/\\\/www.econindustries.com\\\/wp-content\\\/uploads\\\/2015\\\/01\\\/metal-sludge-input-02.jpg\",\"width\":1600,\"height\":1064,\"caption\":\"Metal sludge before treatment with VacuDry\u00ae\"},{\"@type\":\"BreadcrumbList\",\"@id\":\"https:\\\/\\\/www.econindustries.com\\\/de\\\/applications\\\/metal-sludge#breadcrumb\",\"itemListElement\":[{\"@type\":\"ListItem\",\"position\":1,\"name\":\"Home\",\"item\":\"https:\\\/\\\/www.econindustries.com\\\/de\"},{\"@type\":\"ListItem\",\"position\":2,\"name\":\"Recycling\",\"item\":\"https:\\\/\\\/www.econindustries.com\\\/de\\\/applications\"},{\"@type\":\"ListItem\",\"position\":3,\"name\":\"Metallschl\u00e4mme\"}]},{\"@type\":\"WebSite\",\"@id\":\"https:\\\/\\\/www.econindustries.com\\\/#website\",\"url\":\"https:\\\/\\\/www.econindustries.com\\\/\",\"name\":\"econ industries services GmbH\",\"description\":\"\",\"potentialAction\":[{\"@type\":\"SearchAction\",\"target\":{\"@type\":\"EntryPoint\",\"urlTemplate\":\"https:\\\/\\\/www.econindustries.com\\\/?s={search_term_string}\"},\"query-input\":{\"@type\":\"PropertyValueSpecification\",\"valueRequired\":true,\"valueName\":\"search_term_string\"}}],\"inLanguage\":\"de\"}]}<\/script>\n<!-- \/ Yoast SEO plugin. -->","yoast_head_json":{"title":"Metallschl\u00e4mme - econ industries services GmbH","robots":{"index":"index","follow":"follow","max-snippet":"max-snippet:-1","max-image-preview":"max-image-preview:large","max-video-preview":"max-video-preview:-1"},"canonical":"https:\/\/www.econindustries.com\/de\/applications\/metal-sludge","og_locale":"de_DE","og_type":"article","og_title":"Metallschl\u00e4mme - econ industries services GmbH","og_url":"https:\/\/www.econindustries.com\/de\/applications\/metal-sludge","og_site_name":"econ industries services GmbH","article_publisher":"https:\/\/www.facebook.com\/econindustries","article_modified_time":"2021-01-28T15:12:47+00:00","og_image":[{"width":1600,"height":1064,"url":"https:\/\/www.econindustries.com\/wp-content\/uploads\/2015\/01\/metal-sludge-input-02.jpg","type":"image\/jpeg"}],"twitter_misc":{"Gesch\u00e4tzte Lesezeit":"1\u00a0Minute"},"schema":{"@context":"https:\/\/schema.org","@graph":[{"@type":"WebPage","@id":"https:\/\/www.econindustries.com\/de\/applications\/metal-sludge","url":"https:\/\/www.econindustries.com\/de\/applications\/metal-sludge","name":"Metallschl\u00e4mme - econ industries services GmbH","isPartOf":{"@id":"https:\/\/www.econindustries.com\/#website"},"primaryImageOfPage":{"@id":"https:\/\/www.econindustries.com\/de\/applications\/metal-sludge#primaryimage"},"image":{"@id":"https:\/\/www.econindustries.com\/de\/applications\/metal-sludge#primaryimage"},"thumbnailUrl":"https:\/\/www.econindustries.com\/wp-content\/uploads\/2015\/01\/metal-sludge-input-02.jpg","datePublished":"2015-02-06T05:52:11+00:00","dateModified":"2021-01-28T15:12:47+00:00","breadcrumb":{"@id":"https:\/\/www.econindustries.com\/de\/applications\/metal-sludge#breadcrumb"},"inLanguage":"de","potentialAction":[{"@type":"ReadAction","target":["https:\/\/www.econindustries.com\/de\/applications\/metal-sludge"]}]},{"@type":"ImageObject","inLanguage":"de","@id":"https:\/\/www.econindustries.com\/de\/applications\/metal-sludge#primaryimage","url":"https:\/\/www.econindustries.com\/wp-content\/uploads\/2015\/01\/metal-sludge-input-02.jpg","contentUrl":"https:\/\/www.econindustries.com\/wp-content\/uploads\/2015\/01\/metal-sludge-input-02.jpg","width":1600,"height":1064,"caption":"Metal sludge before treatment with VacuDry\u00ae"},{"@type":"BreadcrumbList","@id":"https:\/\/www.econindustries.com\/de\/applications\/metal-sludge#breadcrumb","itemListElement":[{"@type":"ListItem","position":1,"name":"Home","item":"https:\/\/www.econindustries.com\/de"},{"@type":"ListItem","position":2,"name":"Recycling","item":"https:\/\/www.econindustries.com\/de\/applications"},{"@type":"ListItem","position":3,"name":"Metallschl\u00e4mme"}]},{"@type":"WebSite","@id":"https:\/\/www.econindustries.com\/#website","url":"https:\/\/www.econindustries.com\/","name":"econ industries services GmbH","description":"","potentialAction":[{"@type":"SearchAction","target":{"@type":"EntryPoint","urlTemplate":"https:\/\/www.econindustries.com\/?s={search_term_string}"},"query-input":{"@type":"PropertyValueSpecification","valueRequired":true,"valueName":"search_term_string"}}],"inLanguage":"de"}]}},"_links":{"self":[{"href":"https:\/\/www.econindustries.com\/de\/wp-json\/wp\/v2\/pages\/1898","targetHints":{"allow":["GET"]}}],"collection":[{"href":"https:\/\/www.econindustries.com\/de\/wp-json\/wp\/v2\/pages"}],"about":[{"href":"https:\/\/www.econindustries.com\/de\/wp-json\/wp\/v2\/types\/page"}],"author":[{"embeddable":true,"href":"https:\/\/www.econindustries.com\/de\/wp-json\/wp\/v2\/users\/1"}],"replies":[{"embeddable":true,"href":"https:\/\/www.econindustries.com\/de\/wp-json\/wp\/v2\/comments?post=1898"}],"version-history":[{"count":6,"href":"https:\/\/www.econindustries.com\/de\/wp-json\/wp\/v2\/pages\/1898\/revisions"}],"predecessor-version":[{"id":5320,"href":"https:\/\/www.econindustries.com\/de\/wp-json\/wp\/v2\/pages\/1898\/revisions\/5320"}],"up":[{"embeddable":true,"href":"https:\/\/www.econindustries.com\/de\/wp-json\/wp\/v2\/pages\/1853"}],"wp:featuredmedia":[{"embeddable":true,"href":"https:\/\/www.econindustries.com\/de\/wp-json\/wp\/v2\/media\/780"}],"wp:attachment":[{"href":"https:\/\/www.econindustries.com\/de\/wp-json\/wp\/v2\/media?parent=1898"}],"curies":[{"name":"wp","href":"https:\/\/api.w.org\/{rel}","templated":true}]}}