	{"id":1877,"date":"2015-02-06T07:52:11","date_gmt":"2015-02-06T05:52:11","guid":{"rendered":"http:\/\/www.econ.industries\/de\/applications\/mercury-wastes"},"modified":"2021-03-16T10:25:16","modified_gmt":"2021-03-16T09:25:16","slug":"mercury-wastes","status":"publish","type":"page","link":"https:\/\/www.econindustries.com\/de\/applications\/mercury-wastes","title":{"rendered":"Quecksilberabf\u00e4lle"},"content":{"rendered":"<p>Quecksilberbelastete Abf\u00e4lle stellenviele Branchen, wie etwa die Chlorindustrie, \u00d6l- und Gasraffinerien (Katalysatoren) und die \u00d6l- und Gasf\u00f6rderung, vor eine gro\u00dfe Herausforderung. Aufgrund der strengen gesetzlichen Auflagen und Arbeitsschutzbestimmungen ist beim Umgang mit quecksilberbelasteten Abf\u00e4llen besondere Sorgfalt n\u00f6tig. Mit Anlagen, die von Genehmigungsbeh\u00f6rden auf der ganzen Welt als Stand der Technik anerkannt sind, haben wir von econ industries die beste L\u00f6sung f\u00fcr jeden einzelnen quecksilberhaltigen Abfallstrom.<\/p>\n<div style=\"height:30px\"><\/div>\n<div class=\"row sub_content\">\n<div class=\"ls-col-md-6\">\n<h3>Vorteile der VacuDry<sup>\u00ae<\/sup>-Anlagen zur Aufbereitung quecksilberhaltiger Abf\u00e4lle:<\/h3>\n<ul>\n<li>Umweltfreundliche R\u00fcckgewinnung wiederverwendbaren Quecksilbers<\/li>\n<li>Verunreinigungen werden durch fraktionierte Kondensation getrennt gewonnen<\/li>\n<li>Hohe Temperaturen und niedriges Vakuum gew\u00e4hrleisten eine gr\u00fcndliche Reinigung<\/li>\n<li>Niedriger Energieverbrauch<\/li>\n<li>Geringer Abgasstrom &#8211; keine nachgeschaltete, kostenintensive Abgasbehandlung erforderlich<\/li>\n<li>Emissions- und staubfreies System; gekapselte Aufbereitung von Br\u00fcden und Feststoffen<\/li>\n<li>F\u00fcr die Aufbereitung von NORM-Abf\u00e4llen (nat\u00fcrlich vorkommendes radioaktives Material) geeignet<\/li>\n<\/ul>\n<\/div>\n<div class=\"ls-col-md-6\">\n<table summary=\"Eckdaten\" class=\"key-facts ls-table-responsive\">\n<colgroup>\n<col width=\"30%\" \/>\n<col width=\"70%\" \/><\/colgroup>\n<tr>\n<td colspan=\"2\"><strong>Eckdaten<\/strong><\/td>\n<\/tr>\n<tr>\n<td>\n<p>Quellen:<\/p>\n<\/td>\n<td>\n<p>Nebenprodukte industrieller Prozesse, Quecksilber als Katalysator z.B. Chlor-Alkali-Elektrolyse, kontaminierte Schl\u00e4mme aus der Erdgasbohrung, NORM-Abf\u00e4lle aus der \u00d6l- und Gasindustrie, R\u00fcckst\u00e4nde aus Fungizidproduktion, Holzimpr\u00e4gnierung, Amalgamation, kontaminierten Betriebsst\u00e4tten und Bauschutt, \u00d6l- und Gasraffinerien (Katalysatoren)<\/p>\n<\/td>\n<\/tr>\n<tr>\n<td>\n<p>Inputmaterial:<\/p>\n<\/td>\n<td>\n<p>Schl\u00e4mme mit unterschiedlichen Viskosit\u00e4ten, Pulver, Boden, Adsorptionsmittel, Katalysatoren, Sedimenten, Bauschutt<\/p>\n<\/td>\n<\/tr>\n<tr>\n<td>\n<p>Outputmaterial:<\/p>\n<\/td>\n<td>\n<p>Reines fl\u00fcssiges Quecksilber (> 97 %, 99,999 % m\u00f6glich), Wasser, Feststoff mit Hg-Konzentrationen kleiner 10 ppm, 1 ppm m\u00f6glich<\/p>\n<\/td>\n<\/tr>\n<tr>\n<td>\n<p>Anlagendesign:<\/p>\n<\/td>\n<td>\n<p>Station\u00e4re oder mobile Ausf\u00fchrung 0,5 &#8230; > 10 t \/ h Durchsatzleistung<\/p>\n<\/td>\n<\/tr>\n<tr>\n<td>\n<p>Heizsystem betrieben mit:<\/p>\n<\/td>\n<td>\n<p>Elektrizit\u00e4t, Biokraftstoffe, Wasserstoff, r\u00fcckgewonnenes \u00d6l, Diesel, Erdgas, sowie Hybridsysteme verf\u00fcgbar<\/p>\n<\/td>\n<\/tr>\n<\/table>\n<\/div>\n<\/div>\n","protected":false},"excerpt":{"rendered":"<p>Quecksilberbelastete Abf\u00e4lle stellenviele Branchen, wie etwa die Chlorindustrie, \u00d6l- und Gasraffinerien (Katalysatoren) und die \u00d6l- und Gasf\u00f6rderung, vor eine gro\u00dfe Herausforderung. Aufgrund der strengen gesetzlichen Auflagen und Arbeitsschutzbestimmungen ist beim <a class=\"moretag\" href=\"https:\/\/www.econindustries.com\/de\/ls_keyfacts\/applications-mercury-waste\">weiterlesen&#8230;<\/a><\/p>\n","protected":false},"author":1,"featured_media":1147,"parent":1853,"menu_order":48,"comment_status":"open","ping_status":"closed","template":"tmpl\/template-applications.php","meta":{"_acf_changed":false,"content-type":"","footnotes":"","_links_to":"","_links_to_target":""},"class_list":["post-1877","page","type-page","status-publish","has-post-thumbnail","hentry"],"acf":[],"yoast_head":"<!-- This site is optimized with the Yoast SEO plugin v27.4 - https:\/\/yoast.com\/product\/yoast-seo-wordpress\/ -->\n<title>Quecksilberabf\u00e4lle - econ industries services GmbH<\/title>\n<meta name=\"robots\" content=\"index, follow, max-snippet:-1, max-image-preview:large, max-video-preview:-1\" \/>\n<link rel=\"canonical\" href=\"https:\/\/www.econindustries.com\/de\/applications\/mercury-wastes\" \/>\n<meta property=\"og:locale\" content=\"de_DE\" \/>\n<meta property=\"og:type\" content=\"article\" \/>\n<meta property=\"og:title\" content=\"Quecksilberabf\u00e4lle - econ industries services GmbH\" \/>\n<meta property=\"og:description\" content=\"Quecksilberbelastete Abf\u00e4lle stellenviele Branchen, wie etwa die Chlorindustrie, \u00d6l- und Gasraffinerien (Katalysatoren) und die \u00d6l- und Gasf\u00f6rderung, vor eine gro\u00dfe Herausforderung. Aufgrund der strengen gesetzlichen Auflagen und Arbeitsschutzbestimmungen ist beim weiterlesen...\" \/>\n<meta property=\"og:url\" content=\"https:\/\/www.econindustries.com\/de\/applications\/mercury-wastes\" \/>\n<meta property=\"og:site_name\" content=\"econ industries services GmbH\" \/>\n<meta property=\"article:publisher\" content=\"https:\/\/www.facebook.com\/econindustries\" \/>\n<meta property=\"article:modified_time\" content=\"2021-03-16T09:25:16+00:00\" \/>\n<meta property=\"og:image\" content=\"https:\/\/www.econindustries.com\/wp-content\/uploads\/2015\/01\/adsorbents-catalysts-recovery.jpg\" \/>\n\t<meta property=\"og:image:width\" content=\"1691\" \/>\n\t<meta property=\"og:image:height\" content=\"1123\" \/>\n\t<meta property=\"og:image:type\" content=\"image\/jpeg\" \/>\n<meta name=\"twitter:label1\" content=\"Gesch\u00e4tzte Lesezeit\" \/>\n\t<meta name=\"twitter:data1\" content=\"1\u00a0Minute\" \/>\n<script type=\"application\/ld+json\" class=\"yoast-schema-graph\">{\"@context\":\"https:\\\/\\\/schema.org\",\"@graph\":[{\"@type\":\"WebPage\",\"@id\":\"https:\\\/\\\/www.econindustries.com\\\/de\\\/applications\\\/mercury-wastes\",\"url\":\"https:\\\/\\\/www.econindustries.com\\\/de\\\/applications\\\/mercury-wastes\",\"name\":\"Quecksilberabf\u00e4lle - econ industries services GmbH\",\"isPartOf\":{\"@id\":\"https:\\\/\\\/www.econindustries.com\\\/#website\"},\"primaryImageOfPage\":{\"@id\":\"https:\\\/\\\/www.econindustries.com\\\/de\\\/applications\\\/mercury-wastes#primaryimage\"},\"image\":{\"@id\":\"https:\\\/\\\/www.econindustries.com\\\/de\\\/applications\\\/mercury-wastes#primaryimage\"},\"thumbnailUrl\":\"https:\\\/\\\/www.econindustries.com\\\/wp-content\\\/uploads\\\/2015\\\/01\\\/adsorbents-catalysts-recovery.jpg\",\"datePublished\":\"2015-02-06T05:52:11+00:00\",\"dateModified\":\"2021-03-16T09:25:16+00:00\",\"breadcrumb\":{\"@id\":\"https:\\\/\\\/www.econindustries.com\\\/de\\\/applications\\\/mercury-wastes#breadcrumb\"},\"inLanguage\":\"de\",\"potentialAction\":[{\"@type\":\"ReadAction\",\"target\":[\"https:\\\/\\\/www.econindustries.com\\\/de\\\/applications\\\/mercury-wastes\"]}]},{\"@type\":\"ImageObject\",\"inLanguage\":\"de\",\"@id\":\"https:\\\/\\\/www.econindustries.com\\\/de\\\/applications\\\/mercury-wastes#primaryimage\",\"url\":\"https:\\\/\\\/www.econindustries.com\\\/wp-content\\\/uploads\\\/2015\\\/01\\\/adsorbents-catalysts-recovery.jpg\",\"contentUrl\":\"https:\\\/\\\/www.econindustries.com\\\/wp-content\\\/uploads\\\/2015\\\/01\\\/adsorbents-catalysts-recovery.jpg\",\"width\":1691,\"height\":1123,\"caption\":\"Recovery of catalysts and adsorbents\"},{\"@type\":\"BreadcrumbList\",\"@id\":\"https:\\\/\\\/www.econindustries.com\\\/de\\\/applications\\\/mercury-wastes#breadcrumb\",\"itemListElement\":[{\"@type\":\"ListItem\",\"position\":1,\"name\":\"Home\",\"item\":\"https:\\\/\\\/www.econindustries.com\\\/de\"},{\"@type\":\"ListItem\",\"position\":2,\"name\":\"Recycling\",\"item\":\"https:\\\/\\\/www.econindustries.com\\\/de\\\/applications\"},{\"@type\":\"ListItem\",\"position\":3,\"name\":\"Quecksilberabf\u00e4lle\"}]},{\"@type\":\"WebSite\",\"@id\":\"https:\\\/\\\/www.econindustries.com\\\/#website\",\"url\":\"https:\\\/\\\/www.econindustries.com\\\/\",\"name\":\"econ industries services GmbH\",\"description\":\"\",\"potentialAction\":[{\"@type\":\"SearchAction\",\"target\":{\"@type\":\"EntryPoint\",\"urlTemplate\":\"https:\\\/\\\/www.econindustries.com\\\/?s={search_term_string}\"},\"query-input\":{\"@type\":\"PropertyValueSpecification\",\"valueRequired\":true,\"valueName\":\"search_term_string\"}}],\"inLanguage\":\"de\"}]}<\/script>\n<!-- \/ Yoast SEO plugin. -->","yoast_head_json":{"title":"Quecksilberabf\u00e4lle - econ industries services GmbH","robots":{"index":"index","follow":"follow","max-snippet":"max-snippet:-1","max-image-preview":"max-image-preview:large","max-video-preview":"max-video-preview:-1"},"canonical":"https:\/\/www.econindustries.com\/de\/applications\/mercury-wastes","og_locale":"de_DE","og_type":"article","og_title":"Quecksilberabf\u00e4lle - econ industries services GmbH","og_description":"Quecksilberbelastete Abf\u00e4lle stellenviele Branchen, wie etwa die Chlorindustrie, \u00d6l- und Gasraffinerien (Katalysatoren) und die \u00d6l- und Gasf\u00f6rderung, vor eine gro\u00dfe Herausforderung. Aufgrund der strengen gesetzlichen Auflagen und Arbeitsschutzbestimmungen ist beim weiterlesen...","og_url":"https:\/\/www.econindustries.com\/de\/applications\/mercury-wastes","og_site_name":"econ industries services GmbH","article_publisher":"https:\/\/www.facebook.com\/econindustries","article_modified_time":"2021-03-16T09:25:16+00:00","og_image":[{"width":1691,"height":1123,"url":"https:\/\/www.econindustries.com\/wp-content\/uploads\/2015\/01\/adsorbents-catalysts-recovery.jpg","type":"image\/jpeg"}],"twitter_misc":{"Gesch\u00e4tzte Lesezeit":"1\u00a0Minute"},"schema":{"@context":"https:\/\/schema.org","@graph":[{"@type":"WebPage","@id":"https:\/\/www.econindustries.com\/de\/applications\/mercury-wastes","url":"https:\/\/www.econindustries.com\/de\/applications\/mercury-wastes","name":"Quecksilberabf\u00e4lle - econ industries services GmbH","isPartOf":{"@id":"https:\/\/www.econindustries.com\/#website"},"primaryImageOfPage":{"@id":"https:\/\/www.econindustries.com\/de\/applications\/mercury-wastes#primaryimage"},"image":{"@id":"https:\/\/www.econindustries.com\/de\/applications\/mercury-wastes#primaryimage"},"thumbnailUrl":"https:\/\/www.econindustries.com\/wp-content\/uploads\/2015\/01\/adsorbents-catalysts-recovery.jpg","datePublished":"2015-02-06T05:52:11+00:00","dateModified":"2021-03-16T09:25:16+00:00","breadcrumb":{"@id":"https:\/\/www.econindustries.com\/de\/applications\/mercury-wastes#breadcrumb"},"inLanguage":"de","potentialAction":[{"@type":"ReadAction","target":["https:\/\/www.econindustries.com\/de\/applications\/mercury-wastes"]}]},{"@type":"ImageObject","inLanguage":"de","@id":"https:\/\/www.econindustries.com\/de\/applications\/mercury-wastes#primaryimage","url":"https:\/\/www.econindustries.com\/wp-content\/uploads\/2015\/01\/adsorbents-catalysts-recovery.jpg","contentUrl":"https:\/\/www.econindustries.com\/wp-content\/uploads\/2015\/01\/adsorbents-catalysts-recovery.jpg","width":1691,"height":1123,"caption":"Recovery of catalysts and adsorbents"},{"@type":"BreadcrumbList","@id":"https:\/\/www.econindustries.com\/de\/applications\/mercury-wastes#breadcrumb","itemListElement":[{"@type":"ListItem","position":1,"name":"Home","item":"https:\/\/www.econindustries.com\/de"},{"@type":"ListItem","position":2,"name":"Recycling","item":"https:\/\/www.econindustries.com\/de\/applications"},{"@type":"ListItem","position":3,"name":"Quecksilberabf\u00e4lle"}]},{"@type":"WebSite","@id":"https:\/\/www.econindustries.com\/#website","url":"https:\/\/www.econindustries.com\/","name":"econ industries services GmbH","description":"","potentialAction":[{"@type":"SearchAction","target":{"@type":"EntryPoint","urlTemplate":"https:\/\/www.econindustries.com\/?s={search_term_string}"},"query-input":{"@type":"PropertyValueSpecification","valueRequired":true,"valueName":"search_term_string"}}],"inLanguage":"de"}]}},"_links":{"self":[{"href":"https:\/\/www.econindustries.com\/de\/wp-json\/wp\/v2\/pages\/1877","targetHints":{"allow":["GET"]}}],"collection":[{"href":"https:\/\/www.econindustries.com\/de\/wp-json\/wp\/v2\/pages"}],"about":[{"href":"https:\/\/www.econindustries.com\/de\/wp-json\/wp\/v2\/types\/page"}],"author":[{"embeddable":true,"href":"https:\/\/www.econindustries.com\/de\/wp-json\/wp\/v2\/users\/1"}],"replies":[{"embeddable":true,"href":"https:\/\/www.econindustries.com\/de\/wp-json\/wp\/v2\/comments?post=1877"}],"version-history":[{"count":13,"href":"https:\/\/www.econindustries.com\/de\/wp-json\/wp\/v2\/pages\/1877\/revisions"}],"predecessor-version":[{"id":5406,"href":"https:\/\/www.econindustries.com\/de\/wp-json\/wp\/v2\/pages\/1877\/revisions\/5406"}],"up":[{"embeddable":true,"href":"https:\/\/www.econindustries.com\/de\/wp-json\/wp\/v2\/pages\/1853"}],"wp:featuredmedia":[{"embeddable":true,"href":"https:\/\/www.econindustries.com\/de\/wp-json\/wp\/v2\/media\/1147"}],"wp:attachment":[{"href":"https:\/\/www.econindustries.com\/de\/wp-json\/wp\/v2\/media?parent=1877"}],"curies":[{"name":"wp","href":"https:\/\/api.w.org\/{rel}","templated":true}]}}