	{"id":1866,"date":"2015-02-06T07:52:11","date_gmt":"2015-02-06T05:52:11","guid":{"rendered":"http:\/\/www.econ.industries\/de\/applications\/oily-wastes"},"modified":"2018-04-19T15:11:35","modified_gmt":"2018-04-19T13:11:35","slug":"oily-wastes","status":"publish","type":"page","link":"https:\/\/www.econindustries.com\/de\/applications\/oily-wastes","title":{"rendered":"\u00d6lhaltige Abf\u00e4lle"},"content":{"rendered":"<p>\u00dcberall dort, wo \u00d6l produziert, verarbeitet, transportiert oder gelagert wird, sehen sich unsere Kunden mit gro\u00dfen Mengen \u00f6lhaltiger Abfall in vielen verschiedenen Formen konfrontiert. Unsere VacuDry<sup>\u00ae<\/sup>-Technologie erm\u00f6glicht die effiziente und umweltfreundliche Aufbereitung aller \u00f6lhaltigen Abfallstr\u00f6me in einer einzigen Anlage. Aufgrund der Bedingungen, unter denen die Abf\u00e4lle behandelt werden (niedrige Temperatur, Vakuum und Stickstoff\u00fcberlagerung), kann das gewonnene \u00d6l nach der Aufbereitung wiederverwendet werden.<\/p>\n<div class=\"row sub_content\">\n<div class=\"ls-col-md-6\">\n<h3>Vorteile der VacuDry<sup>\u00ae<\/sup> zur Aufbereitung \u00f6lhaltiger Abf\u00e4lle<\/h3>\n<ul>\n<li>Schl\u00fcsselfertige, vormontierte, mobile oder station\u00e4re ma\u00dfgeschneiderte L\u00f6sungen<\/li>\n<li>Definierte Trennung von wieder verwendbaren Kohlenwasserstoffen durch schrittweise Erw\u00e4rmung<\/li>\n<li>Hohe Verf\u00fcgbarkeit durch selbstreinigenden Trockner<\/li>\n<li>Hohe Qualit\u00e4t des r\u00fcckgewonnenen \u00d6ls durch indirekte Erw\u00e4rmung unter Vakuum, kein Cracken<\/li>\n<li>Das kondensierte, saubere Wasser wird zur Befeuchtung der aufbereiteten mineralischen Feststoffe genutzt<\/li>\n<li>Emissions- und staubfreies System durch gekapselte Aufbereitung von Br\u00fcden und Feststoffen<\/li>\n<li>Optionaler Engineering-Service f\u00fcr die mechanische Vorbehandlung durch Zentrifugation<\/li>\n<li>econ VacuDry<sup>\u00ae<\/sup>-Anlagen erf\u00fcllen alle EN HSE-Normen<\/li>\n<li>Optimal: Nutzung der gewonnenen Mineral\u00f6lfraktion zur Befeuerung der Thermal\u00f6l-Heizeinheit<\/li>\n<\/ul>\n<\/div>\n<div class=\"ls-col-md-6\">\n<table summary=\"Eckdaten\" class=\"key-facts ls-table-responsive\">\n<colgroup>\n<col width=\"30%\" \/>\n<col width=\"70%\" \/><\/colgroup>\n<tr>\n<td colspan=\"2\"><strong>Eckdaten<\/strong><\/td>\n<\/tr>\n<tr>\n<td>\n<p>Quellen:<\/p>\n<\/td>\n<td>\n<p>Tankreinigungsschl\u00e4mme, \u00d6llagunen, \u00d6lgruben, Absetzbecken, Festphase aus der Zentrifugation, Altlasten, Raffinerier\u00fcckst\u00e4nde<\/p>\n<\/td>\n<\/tr>\n<tr>\n<td>\n<p>Inputmaterial:<\/p>\n<\/td>\n<td>\n<p>Alle \u00f6lhaltigen Abf\u00e4lle und Schl\u00e4mme mit einem Feststoffgehalt > 45%<\/p>\n<\/td>\n<\/tr>\n<tr>\n<td>\n<p>Outputmaterial:<\/p>\n<\/td>\n<td>\n<p>\u00d6l, Wasser, Feststoffe (TPH C10-C40 kleiner 1 %, < 0,1 % m\u00f6glich)\n<\/p>\n<\/td>\n<\/tr>\n<tr>\n<td>\n<p>Anlagendesign:<\/p>\n<\/td>\n<td>\n<p>Station\u00e4re oder mobile Ausf\u00fchrung 0,5 &#8230; > 5 t \/ h Durchsatzleistung<\/p>\n<\/td>\n<\/tr>\n<tr>\n<td>\n<p>Heizsystem betrieben mit:<\/p>\n<\/td>\n<td>\n<p>Elektrizit\u00e4t, Biokraftstoffe, Wasserstoff, r\u00fcckgewonnenes \u00d6l, Diesel, Erdgas, sowie Hybridsysteme verf\u00fcgbar<\/p>\n<\/td>\n<\/tr>\n<\/table>\n<\/div>\n<\/div>\n","protected":false},"excerpt":{"rendered":"<p>\u00dcberall dort, wo \u00d6l produziert, verarbeitet, transportiert oder gelagert wird, sehen sich unsere Kunden mit gro\u00dfen Mengen \u00f6lhaltiger Abfall in vielen verschiedenen Formen konfrontiert. Unsere VacuDry\u00ae-Technologie erm\u00f6glicht die effiziente und <a class=\"moretag\" href=\"https:\/\/www.econindustries.com\/de\/ls_keyfacts\/applications-oily-waste\">weiterlesen&#8230;<\/a><\/p>\n","protected":false},"author":1,"featured_media":503,"parent":1853,"menu_order":47,"comment_status":"closed","ping_status":"open","template":"tmpl\/template-applications.php","meta":{"_acf_changed":false,"content-type":"","footnotes":"","_links_to":"","_links_to_target":""},"class_list":["post-1866","page","type-page","status-publish","has-post-thumbnail","hentry"],"acf":[],"yoast_head":"<!-- This site is optimized with the Yoast SEO plugin v27.3 - https:\/\/yoast.com\/product\/yoast-seo-wordpress\/ -->\n<title>\u00d6lhaltige Abf\u00e4lle - econ industries services GmbH<\/title>\n<meta name=\"robots\" content=\"index, follow, max-snippet:-1, max-image-preview:large, max-video-preview:-1\" \/>\n<link rel=\"canonical\" href=\"https:\/\/www.econindustries.com\/de\/applications\/oily-wastes\" \/>\n<meta property=\"og:locale\" content=\"de_DE\" \/>\n<meta property=\"og:type\" content=\"article\" \/>\n<meta property=\"og:title\" content=\"\u00d6lhaltige Abf\u00e4lle - econ industries services GmbH\" \/>\n<meta property=\"og:description\" content=\"\u00dcberall dort, wo \u00d6l produziert, verarbeitet, transportiert oder gelagert wird, sehen sich unsere Kunden mit gro\u00dfen Mengen \u00f6lhaltiger Abfall in vielen verschiedenen Formen konfrontiert. Unsere VacuDry\u00ae-Technologie erm\u00f6glicht die effiziente und weiterlesen...\" \/>\n<meta property=\"og:url\" content=\"https:\/\/www.econindustries.com\/de\/applications\/oily-wastes\" \/>\n<meta property=\"og:site_name\" content=\"econ industries services GmbH\" \/>\n<meta property=\"article:publisher\" content=\"https:\/\/www.facebook.com\/econindustries\" \/>\n<meta property=\"article:modified_time\" content=\"2018-04-19T13:11:35+00:00\" \/>\n<meta property=\"og:image\" content=\"https:\/\/www.econindustries.com\/wp-content\/uploads\/2015\/01\/refinery-waste-recoveryl.jpg\" \/>\n\t<meta property=\"og:image:width\" content=\"1600\" \/>\n\t<meta property=\"og:image:height\" content=\"1200\" \/>\n\t<meta property=\"og:image:type\" content=\"image\/jpeg\" \/>\n<meta name=\"twitter:label1\" content=\"Gesch\u00e4tzte Lesezeit\" \/>\n\t<meta name=\"twitter:data1\" content=\"1\u00a0Minute\" \/>\n<script type=\"application\/ld+json\" class=\"yoast-schema-graph\">{\"@context\":\"https:\\\/\\\/schema.org\",\"@graph\":[{\"@type\":\"WebPage\",\"@id\":\"https:\\\/\\\/www.econindustries.com\\\/de\\\/applications\\\/oily-wastes\",\"url\":\"https:\\\/\\\/www.econindustries.com\\\/de\\\/applications\\\/oily-wastes\",\"name\":\"\u00d6lhaltige Abf\u00e4lle - econ industries services GmbH\",\"isPartOf\":{\"@id\":\"https:\\\/\\\/www.econindustries.com\\\/#website\"},\"primaryImageOfPage\":{\"@id\":\"https:\\\/\\\/www.econindustries.com\\\/de\\\/applications\\\/oily-wastes#primaryimage\"},\"image\":{\"@id\":\"https:\\\/\\\/www.econindustries.com\\\/de\\\/applications\\\/oily-wastes#primaryimage\"},\"thumbnailUrl\":\"https:\\\/\\\/www.econindustries.com\\\/wp-content\\\/uploads\\\/2015\\\/01\\\/refinery-waste-recoveryl.jpg\",\"datePublished\":\"2015-02-06T05:52:11+00:00\",\"dateModified\":\"2018-04-19T13:11:35+00:00\",\"breadcrumb\":{\"@id\":\"https:\\\/\\\/www.econindustries.com\\\/de\\\/applications\\\/oily-wastes#breadcrumb\"},\"inLanguage\":\"de\",\"potentialAction\":[{\"@type\":\"ReadAction\",\"target\":[\"https:\\\/\\\/www.econindustries.com\\\/de\\\/applications\\\/oily-wastes\"]}]},{\"@type\":\"ImageObject\",\"inLanguage\":\"de\",\"@id\":\"https:\\\/\\\/www.econindustries.com\\\/de\\\/applications\\\/oily-wastes#primaryimage\",\"url\":\"https:\\\/\\\/www.econindustries.com\\\/wp-content\\\/uploads\\\/2015\\\/01\\\/refinery-waste-recoveryl.jpg\",\"contentUrl\":\"https:\\\/\\\/www.econindustries.com\\\/wp-content\\\/uploads\\\/2015\\\/01\\\/refinery-waste-recoveryl.jpg\",\"width\":1600,\"height\":1200,\"caption\":\"Oil sludge befor treatment with VacuDry\u00ae\"},{\"@type\":\"BreadcrumbList\",\"@id\":\"https:\\\/\\\/www.econindustries.com\\\/de\\\/applications\\\/oily-wastes#breadcrumb\",\"itemListElement\":[{\"@type\":\"ListItem\",\"position\":1,\"name\":\"Home\",\"item\":\"https:\\\/\\\/www.econindustries.com\\\/de\"},{\"@type\":\"ListItem\",\"position\":2,\"name\":\"Recycling\",\"item\":\"https:\\\/\\\/www.econindustries.com\\\/de\\\/applications\"},{\"@type\":\"ListItem\",\"position\":3,\"name\":\"\u00d6lhaltige Abf\u00e4lle\"}]},{\"@type\":\"WebSite\",\"@id\":\"https:\\\/\\\/www.econindustries.com\\\/#website\",\"url\":\"https:\\\/\\\/www.econindustries.com\\\/\",\"name\":\"econ industries services GmbH\",\"description\":\"\",\"potentialAction\":[{\"@type\":\"SearchAction\",\"target\":{\"@type\":\"EntryPoint\",\"urlTemplate\":\"https:\\\/\\\/www.econindustries.com\\\/?s={search_term_string}\"},\"query-input\":{\"@type\":\"PropertyValueSpecification\",\"valueRequired\":true,\"valueName\":\"search_term_string\"}}],\"inLanguage\":\"de\"}]}<\/script>\n<!-- \/ Yoast SEO plugin. -->","yoast_head_json":{"title":"\u00d6lhaltige Abf\u00e4lle - econ industries services GmbH","robots":{"index":"index","follow":"follow","max-snippet":"max-snippet:-1","max-image-preview":"max-image-preview:large","max-video-preview":"max-video-preview:-1"},"canonical":"https:\/\/www.econindustries.com\/de\/applications\/oily-wastes","og_locale":"de_DE","og_type":"article","og_title":"\u00d6lhaltige Abf\u00e4lle - econ industries services GmbH","og_description":"\u00dcberall dort, wo \u00d6l produziert, verarbeitet, transportiert oder gelagert wird, sehen sich unsere Kunden mit gro\u00dfen Mengen \u00f6lhaltiger Abfall in vielen verschiedenen Formen konfrontiert. Unsere VacuDry\u00ae-Technologie erm\u00f6glicht die effiziente und weiterlesen...","og_url":"https:\/\/www.econindustries.com\/de\/applications\/oily-wastes","og_site_name":"econ industries services GmbH","article_publisher":"https:\/\/www.facebook.com\/econindustries","article_modified_time":"2018-04-19T13:11:35+00:00","og_image":[{"width":1600,"height":1200,"url":"https:\/\/www.econindustries.com\/wp-content\/uploads\/2015\/01\/refinery-waste-recoveryl.jpg","type":"image\/jpeg"}],"twitter_misc":{"Gesch\u00e4tzte Lesezeit":"1\u00a0Minute"},"schema":{"@context":"https:\/\/schema.org","@graph":[{"@type":"WebPage","@id":"https:\/\/www.econindustries.com\/de\/applications\/oily-wastes","url":"https:\/\/www.econindustries.com\/de\/applications\/oily-wastes","name":"\u00d6lhaltige Abf\u00e4lle - econ industries services GmbH","isPartOf":{"@id":"https:\/\/www.econindustries.com\/#website"},"primaryImageOfPage":{"@id":"https:\/\/www.econindustries.com\/de\/applications\/oily-wastes#primaryimage"},"image":{"@id":"https:\/\/www.econindustries.com\/de\/applications\/oily-wastes#primaryimage"},"thumbnailUrl":"https:\/\/www.econindustries.com\/wp-content\/uploads\/2015\/01\/refinery-waste-recoveryl.jpg","datePublished":"2015-02-06T05:52:11+00:00","dateModified":"2018-04-19T13:11:35+00:00","breadcrumb":{"@id":"https:\/\/www.econindustries.com\/de\/applications\/oily-wastes#breadcrumb"},"inLanguage":"de","potentialAction":[{"@type":"ReadAction","target":["https:\/\/www.econindustries.com\/de\/applications\/oily-wastes"]}]},{"@type":"ImageObject","inLanguage":"de","@id":"https:\/\/www.econindustries.com\/de\/applications\/oily-wastes#primaryimage","url":"https:\/\/www.econindustries.com\/wp-content\/uploads\/2015\/01\/refinery-waste-recoveryl.jpg","contentUrl":"https:\/\/www.econindustries.com\/wp-content\/uploads\/2015\/01\/refinery-waste-recoveryl.jpg","width":1600,"height":1200,"caption":"Oil sludge befor treatment with VacuDry\u00ae"},{"@type":"BreadcrumbList","@id":"https:\/\/www.econindustries.com\/de\/applications\/oily-wastes#breadcrumb","itemListElement":[{"@type":"ListItem","position":1,"name":"Home","item":"https:\/\/www.econindustries.com\/de"},{"@type":"ListItem","position":2,"name":"Recycling","item":"https:\/\/www.econindustries.com\/de\/applications"},{"@type":"ListItem","position":3,"name":"\u00d6lhaltige Abf\u00e4lle"}]},{"@type":"WebSite","@id":"https:\/\/www.econindustries.com\/#website","url":"https:\/\/www.econindustries.com\/","name":"econ industries services GmbH","description":"","potentialAction":[{"@type":"SearchAction","target":{"@type":"EntryPoint","urlTemplate":"https:\/\/www.econindustries.com\/?s={search_term_string}"},"query-input":{"@type":"PropertyValueSpecification","valueRequired":true,"valueName":"search_term_string"}}],"inLanguage":"de"}]}},"_links":{"self":[{"href":"https:\/\/www.econindustries.com\/de\/wp-json\/wp\/v2\/pages\/1866","targetHints":{"allow":["GET"]}}],"collection":[{"href":"https:\/\/www.econindustries.com\/de\/wp-json\/wp\/v2\/pages"}],"about":[{"href":"https:\/\/www.econindustries.com\/de\/wp-json\/wp\/v2\/types\/page"}],"author":[{"embeddable":true,"href":"https:\/\/www.econindustries.com\/de\/wp-json\/wp\/v2\/users\/1"}],"replies":[{"embeddable":true,"href":"https:\/\/www.econindustries.com\/de\/wp-json\/wp\/v2\/comments?post=1866"}],"version-history":[{"count":7,"href":"https:\/\/www.econindustries.com\/de\/wp-json\/wp\/v2\/pages\/1866\/revisions"}],"predecessor-version":[{"id":2798,"href":"https:\/\/www.econindustries.com\/de\/wp-json\/wp\/v2\/pages\/1866\/revisions\/2798"}],"up":[{"embeddable":true,"href":"https:\/\/www.econindustries.com\/de\/wp-json\/wp\/v2\/pages\/1853"}],"wp:featuredmedia":[{"embeddable":true,"href":"https:\/\/www.econindustries.com\/de\/wp-json\/wp\/v2\/media\/503"}],"wp:attachment":[{"href":"https:\/\/www.econindustries.com\/de\/wp-json\/wp\/v2\/media?parent=1866"}],"curies":[{"name":"wp","href":"https:\/\/api.w.org\/{rel}","templated":true}]}}