	{"id":1858,"date":"2015-02-06T07:52:11","date_gmt":"2015-02-06T05:52:11","guid":{"rendered":"http:\/\/www.econ.industries\/de\/applications\/drill-cuttings"},"modified":"2021-01-28T17:09:57","modified_gmt":"2021-01-28T15:09:57","slug":"drill-cuttings","status":"publish","type":"page","link":"https:\/\/www.econindustries.com\/de\/applications\/drill-cuttings","title":{"rendered":"Bohrklein"},"content":{"rendered":"<p>Die \u00fcberall in der Welt eingesetzten, herk\u00f6mmlichen \u00d6l- und Gasbohrverfahren produzieren eine stetig wachsende Menge \u00f6lhaltiges Bohrklein. In einigen F\u00e4llen enth\u00e4lt dieses Bohrklein auch andere gef\u00e4hrliche Bestandteile wie Quecksilber oder NORM (nat\u00fcrlich vorkommendes radioaktives Material), die besonderer Aufmerksamkeit bed\u00fcrfen. Die Aufbereitung des Bohrkleins ist daher sowohl aus \u00f6kologischer als auch aus wirtschaftlicher Sicht von Vorteil. So kann wertvolles Bohr\u00f6l zur\u00fcckgewonnen und die umweltvertr\u00e4gliche Entsorgung des Bohrkleins gew\u00e4hrleistet werden. Unsere VacuDry<sup>\u00ae<\/sup>-Technologie trennt \u00d6l, Wasser und Quecksilber zuverl\u00e4ssig von den Feststoffen (einschlie\u00dflich NORM). Das erlaubt eine Wiederverwendung des \u00d6ls und eine sichere Entsorgung von Wasser, Quecksilber, Feststoffen und NORM.<\/p>\n<div class=\"row sub_content\">\n<div class=\"ls-col-md-6\">\n<h3>Vorteile der VacuDry<sup>\u00ae<\/sup>-Anlagen zur Aufbereitung von Bohrklein<\/h3>\n<ul>\n<li>Hohe Qualit\u00e4t des wiedergewonnenen Bohr\u00f6ls &#8211; kann zu einem hohen Preis verkauft werden<\/li>\n<li>Niedriger W\u00e4rmeenergieverbrauch<\/li>\n<li>Geringer Verschlei\u00df<\/li>\n<li>Genaue Steuerung des Recyclingprozesses<\/li>\n<li>Hohe \u00d6l-R\u00fcckgewinnungsrate: &gt; 99 %<\/li>\n<li>W\u00e4rme\u00fcbertragung zum Trockner \u00fcber Thermal\u00f6l, f\u00fcr ATEX-Betrieb zertifiziert<\/li>\n<\/ul>\n<\/div>\n<div class=\"ls-col-md-6\">\n<table summary=\"Eckdaten\" class=\"key-facts ls-table-responsive\">\n<colgroup>\n<col width=\"30%\" \/>\n<col width=\"70%\" \/><\/colgroup>\n<tr>\n<td colspan=\"2\"><strong>Eckdaten<\/strong><\/td>\n<\/tr>\n<tr>\n<td>\n<p>Quellen:<\/p>\n<\/td>\n<td>\n<p>Bohrklein aus der \u00d6l- und Gasexploration<br \/>\n\u00d6lschlamm (OBM)<\/p>\n<\/td>\n<\/tr>\n<tr>\n<td>\n<p>Inputmaterial:<\/p>\n<\/td>\n<td>\n<p>Schlammige Materialien verschiedenster Viskosit\u00e4ten und Zusammensetzungen<\/p>\n<\/td>\n<\/tr>\n<tr>\n<td>\n<p>Outputmaterial:<\/p>\n<\/td>\n<td>\n<p>H\u00f6chste Qualit\u00e4t der r\u00fcckgewonnenen hochpreisigen Bohr\u00f6ls &#8211; kann zu hohem Preis verkauft werden, Wasser und 99% reine Mineralien<\/p>\n<\/td>\n<\/tr>\n<tr>\n<td>\n<p>Anlagendesign:<\/p>\n<\/td>\n<td>\n<p>Station\u00e4re oder mobile Ausf\u00fchrung 0,5 &#8230; > 10 t \/ h Durchsatzleistung<\/p>\n<\/td>\n<\/tr>\n<tr>\n<td>\n<p>Heizsystem betrieben mit:<\/p>\n<\/td>\n<td>\n<p>Elektrizit\u00e4t, Biokraftstoffe, Wasserstoff, r\u00fcckgewonnenes \u00d6l, Diesel, Erdgas, sowie Hybridsysteme verf\u00fcgbar<\/p>\n<\/td>\n<\/tr>\n<\/table>\n<\/div>\n<\/div>\n<div class=\"row sub_content\">\n<div class=\"ls-col-md-6\">\n<h3>Bohrsp\u00fclung\u00a0\u00a0\u00a0\u00a0\u00a0\u00a0\u00a0<strong>\u00a0\u00a0\u00a0\u00a0\u00a0\u00a0\u00a0\u00a0\u00a0\u00a0\u00a0\u00a0\u00a0\u00a0\u00a0\u00a0\u00a0\u00a0\u00a0\u00a0\u00a0\u00a0\u00a0\u00a0\u00a0\u00a0\u00a0\u00a0\u00a0\u00a0\u00a0\u00a0\u00a0\u00a0\u00a0\u00a0\u00a0\u00a0\u00a0\u00a0\u00a0\u00a0\u00a0\u00a0\u00a0\u00a0\u00a0\u00a0\u00a0\u00a0\u00a0\u00a0\u00a0\u00a0 <\/strong><\/h3>\n<p>VacuDry<sup>\u00ae<\/sup> ist das einzige Aufbereitungsverfahren f\u00fcr Bohrklein, bei dem Bohrsp\u00fclung in h\u00f6chster Qualit\u00e4t zur\u00fcckgewonnen werden kann. Die r\u00fcckgewonnene Sp\u00fclung erf\u00fcllt die Anforderungen f\u00fcr Standard-Bohrbetrieb und kann deshalb wiederverwendet oder an die Bohrindustrie weiterverkauft werden.<\/p>\n<p>Die Qualit\u00e4t bleibt w\u00e4hrend des VacuDry<sup>\u00ae<\/sup>-Prozess stabil durch:<\/p>\n<ul>\n<li>Vakuum (kleiner 100 mbar(abs))<\/li>\n<li>Sauerstoffabschluss (Stickstoff\u00fcberlagerung)<\/li>\n<li>Niedrige Temperaturen (unter 200 \u00b0C)<\/li>\n<\/ul>\n<\/div>\n<div class=\"ls-col-md-6\">\n<div class=\"brlbs-cmpnt-container brlbs-cmpnt-content-blocker brlbs-cmpnt-with-individual-styles\" data-borlabs-cookie-content-blocker-id=\"default\" data-borlabs-cookie-content=\"PGlmcmFtZSB0aXRsZT0iZWNvbiBpbmR1c3RyaWVzIFZhY3VEcnnCriAtLSBkcmlsbCBjdXR0aW5ncyB0cmVhdG1lbnQiIHdpZHRoPSI1MDAiIGhlaWdodD0iMjgxIiBzcmM9Imh0dHBzOi8vd3d3LnlvdXR1YmUuY29tL2VtYmVkL1QyMzd2MWFFRW5RP2ZlYXR1cmU9b2VtYmVkIiBmcmFtZWJvcmRlcj0iMCIgYWxsb3c9ImFjY2VsZXJvbWV0ZXI7IGF1dG9wbGF5OyBjbGlwYm9hcmQtd3JpdGU7IGVuY3J5cHRlZC1tZWRpYTsgZ3lyb3Njb3BlOyBwaWN0dXJlLWluLXBpY3R1cmU7IHdlYi1zaGFyZSIgcmVmZXJyZXJwb2xpY3k9InN0cmljdC1vcmlnaW4td2hlbi1jcm9zcy1vcmlnaW4iIGFsbG93ZnVsbHNjcmVlbj48L2lmcmFtZT4=\">\n<div class=\"brlbs-cmpnt-cb-preset-a\">\n<p class=\"brlbs-cmpnt-cb-description\">Sie sehen gerade einen Platzhalterinhalt von <strong>Standard<\/strong>. Um auf den eigentlichen Inhalt zuzugreifen, klicken Sie auf den Button unten. Bitte beachten Sie, dass dabei Daten an Drittanbieter weitergegeben werden.<\/p>\n<div class=\"brlbs-cmpnt-cb-buttons\"> <a class=\"brlbs-cmpnt-cb-btn\" href=\"#\" data-borlabs-cookie-unblock role=\"button\">Inhalt entsperren<\/a> <a class=\"brlbs-cmpnt-cb-btn\" href=\"#\" data-borlabs-cookie-accept-service role=\"button\" style=\"display: none\">Erforderlichen Service akzeptieren und Inhalte entsperren<\/a> <\/div>\n<p> <a class=\"brlbs-cmpnt-cb-provider-toggle\" href=\"#\" data-borlabs-cookie-show-provider-information role=\"button\">Weitere Informationen<\/a> <\/div>\n<\/div>\n<\/div>\n<\/div>\n","protected":false},"excerpt":{"rendered":"<p>Die \u00fcberall in der Welt eingesetzten, herk\u00f6mmlichen \u00d6l- und Gasbohrverfahren produzieren eine stetig wachsende Menge \u00f6lhaltiges Bohrklein. In einigen F\u00e4llen enth\u00e4lt dieses Bohrklein auch andere gef\u00e4hrliche Bestandteile wie Quecksilber oder <a class=\"moretag\" href=\"https:\/\/www.econindustries.com\/de\/ls_keyfacts\/applications-drill-cuttings\">weiterlesen&#8230;<\/a><\/p>\n","protected":false},"author":1,"featured_media":454,"parent":1853,"menu_order":45,"comment_status":"closed","ping_status":"open","template":"tmpl\/template-applications.php","meta":{"_acf_changed":false,"content-type":"","footnotes":"","_links_to":"","_links_to_target":""},"class_list":["post-1858","page","type-page","status-publish","has-post-thumbnail","hentry"],"acf":[],"yoast_head":"<!-- This site is optimized with the Yoast SEO plugin v27.3 - https:\/\/yoast.com\/product\/yoast-seo-wordpress\/ -->\n<title>Bohrklein - econ industries services GmbH<\/title>\n<meta name=\"robots\" content=\"index, follow, max-snippet:-1, max-image-preview:large, max-video-preview:-1\" \/>\n<link rel=\"canonical\" href=\"https:\/\/www.econindustries.com\/de\/applications\/drill-cuttings\" \/>\n<meta property=\"og:locale\" content=\"de_DE\" \/>\n<meta property=\"og:type\" content=\"article\" \/>\n<meta property=\"og:title\" content=\"Bohrklein - econ industries services GmbH\" \/>\n<meta property=\"og:description\" content=\"Die \u00fcberall in der Welt eingesetzten, herk\u00f6mmlichen \u00d6l- und Gasbohrverfahren produzieren eine stetig wachsende Menge \u00f6lhaltiges Bohrklein. In einigen F\u00e4llen enth\u00e4lt dieses Bohrklein auch andere gef\u00e4hrliche Bestandteile wie Quecksilber oder weiterlesen...\" \/>\n<meta property=\"og:url\" content=\"https:\/\/www.econindustries.com\/de\/applications\/drill-cuttings\" \/>\n<meta property=\"og:site_name\" content=\"econ industries services GmbH\" \/>\n<meta property=\"article:publisher\" content=\"https:\/\/www.facebook.com\/econindustries\" \/>\n<meta property=\"article:modified_time\" content=\"2021-01-28T15:09:57+00:00\" \/>\n<meta property=\"og:image\" content=\"https:\/\/www.econindustries.com\/wp-content\/uploads\/2015\/01\/drill-cuttings-vacuum-distillation.jpg\" \/>\n\t<meta property=\"og:image:width\" content=\"1024\" \/>\n\t<meta property=\"og:image:height\" content=\"733\" \/>\n\t<meta property=\"og:image:type\" content=\"image\/jpeg\" \/>\n<meta name=\"twitter:label1\" content=\"Gesch\u00e4tzte Lesezeit\" \/>\n\t<meta name=\"twitter:data1\" content=\"1\u00a0Minute\" \/>\n<script type=\"application\/ld+json\" class=\"yoast-schema-graph\">{\"@context\":\"https:\\\/\\\/schema.org\",\"@graph\":[{\"@type\":\"WebPage\",\"@id\":\"https:\\\/\\\/www.econindustries.com\\\/de\\\/applications\\\/drill-cuttings\",\"url\":\"https:\\\/\\\/www.econindustries.com\\\/de\\\/applications\\\/drill-cuttings\",\"name\":\"Bohrklein - econ industries services GmbH\",\"isPartOf\":{\"@id\":\"https:\\\/\\\/www.econindustries.com\\\/#website\"},\"primaryImageOfPage\":{\"@id\":\"https:\\\/\\\/www.econindustries.com\\\/de\\\/applications\\\/drill-cuttings#primaryimage\"},\"image\":{\"@id\":\"https:\\\/\\\/www.econindustries.com\\\/de\\\/applications\\\/drill-cuttings#primaryimage\"},\"thumbnailUrl\":\"https:\\\/\\\/www.econindustries.com\\\/wp-content\\\/uploads\\\/2015\\\/01\\\/drill-cuttings-vacuum-distillation.jpg\",\"datePublished\":\"2015-02-06T05:52:11+00:00\",\"dateModified\":\"2021-01-28T15:09:57+00:00\",\"breadcrumb\":{\"@id\":\"https:\\\/\\\/www.econindustries.com\\\/de\\\/applications\\\/drill-cuttings#breadcrumb\"},\"inLanguage\":\"de\",\"potentialAction\":[{\"@type\":\"ReadAction\",\"target\":[\"https:\\\/\\\/www.econindustries.com\\\/de\\\/applications\\\/drill-cuttings\"]}]},{\"@type\":\"ImageObject\",\"inLanguage\":\"de\",\"@id\":\"https:\\\/\\\/www.econindustries.com\\\/de\\\/applications\\\/drill-cuttings#primaryimage\",\"url\":\"https:\\\/\\\/www.econindustries.com\\\/wp-content\\\/uploads\\\/2015\\\/01\\\/drill-cuttings-vacuum-distillation.jpg\",\"contentUrl\":\"https:\\\/\\\/www.econindustries.com\\\/wp-content\\\/uploads\\\/2015\\\/01\\\/drill-cuttings-vacuum-distillation.jpg\",\"width\":1024,\"height\":733,\"caption\":\"drill cuttings bei vacuum distillation\"},{\"@type\":\"BreadcrumbList\",\"@id\":\"https:\\\/\\\/www.econindustries.com\\\/de\\\/applications\\\/drill-cuttings#breadcrumb\",\"itemListElement\":[{\"@type\":\"ListItem\",\"position\":1,\"name\":\"Home\",\"item\":\"https:\\\/\\\/www.econindustries.com\\\/de\"},{\"@type\":\"ListItem\",\"position\":2,\"name\":\"Recycling\",\"item\":\"https:\\\/\\\/www.econindustries.com\\\/de\\\/applications\"},{\"@type\":\"ListItem\",\"position\":3,\"name\":\"Bohrklein\"}]},{\"@type\":\"WebSite\",\"@id\":\"https:\\\/\\\/www.econindustries.com\\\/#website\",\"url\":\"https:\\\/\\\/www.econindustries.com\\\/\",\"name\":\"econ industries services GmbH\",\"description\":\"\",\"potentialAction\":[{\"@type\":\"SearchAction\",\"target\":{\"@type\":\"EntryPoint\",\"urlTemplate\":\"https:\\\/\\\/www.econindustries.com\\\/?s={search_term_string}\"},\"query-input\":{\"@type\":\"PropertyValueSpecification\",\"valueRequired\":true,\"valueName\":\"search_term_string\"}}],\"inLanguage\":\"de\"}]}<\/script>\n<!-- \/ Yoast SEO plugin. -->","yoast_head_json":{"title":"Bohrklein - econ industries services GmbH","robots":{"index":"index","follow":"follow","max-snippet":"max-snippet:-1","max-image-preview":"max-image-preview:large","max-video-preview":"max-video-preview:-1"},"canonical":"https:\/\/www.econindustries.com\/de\/applications\/drill-cuttings","og_locale":"de_DE","og_type":"article","og_title":"Bohrklein - econ industries services GmbH","og_description":"Die \u00fcberall in der Welt eingesetzten, herk\u00f6mmlichen \u00d6l- und Gasbohrverfahren produzieren eine stetig wachsende Menge \u00f6lhaltiges Bohrklein. In einigen F\u00e4llen enth\u00e4lt dieses Bohrklein auch andere gef\u00e4hrliche Bestandteile wie Quecksilber oder weiterlesen...","og_url":"https:\/\/www.econindustries.com\/de\/applications\/drill-cuttings","og_site_name":"econ industries services GmbH","article_publisher":"https:\/\/www.facebook.com\/econindustries","article_modified_time":"2021-01-28T15:09:57+00:00","og_image":[{"width":1024,"height":733,"url":"https:\/\/www.econindustries.com\/wp-content\/uploads\/2015\/01\/drill-cuttings-vacuum-distillation.jpg","type":"image\/jpeg"}],"twitter_misc":{"Gesch\u00e4tzte Lesezeit":"1\u00a0Minute"},"schema":{"@context":"https:\/\/schema.org","@graph":[{"@type":"WebPage","@id":"https:\/\/www.econindustries.com\/de\/applications\/drill-cuttings","url":"https:\/\/www.econindustries.com\/de\/applications\/drill-cuttings","name":"Bohrklein - econ industries services GmbH","isPartOf":{"@id":"https:\/\/www.econindustries.com\/#website"},"primaryImageOfPage":{"@id":"https:\/\/www.econindustries.com\/de\/applications\/drill-cuttings#primaryimage"},"image":{"@id":"https:\/\/www.econindustries.com\/de\/applications\/drill-cuttings#primaryimage"},"thumbnailUrl":"https:\/\/www.econindustries.com\/wp-content\/uploads\/2015\/01\/drill-cuttings-vacuum-distillation.jpg","datePublished":"2015-02-06T05:52:11+00:00","dateModified":"2021-01-28T15:09:57+00:00","breadcrumb":{"@id":"https:\/\/www.econindustries.com\/de\/applications\/drill-cuttings#breadcrumb"},"inLanguage":"de","potentialAction":[{"@type":"ReadAction","target":["https:\/\/www.econindustries.com\/de\/applications\/drill-cuttings"]}]},{"@type":"ImageObject","inLanguage":"de","@id":"https:\/\/www.econindustries.com\/de\/applications\/drill-cuttings#primaryimage","url":"https:\/\/www.econindustries.com\/wp-content\/uploads\/2015\/01\/drill-cuttings-vacuum-distillation.jpg","contentUrl":"https:\/\/www.econindustries.com\/wp-content\/uploads\/2015\/01\/drill-cuttings-vacuum-distillation.jpg","width":1024,"height":733,"caption":"drill cuttings bei vacuum distillation"},{"@type":"BreadcrumbList","@id":"https:\/\/www.econindustries.com\/de\/applications\/drill-cuttings#breadcrumb","itemListElement":[{"@type":"ListItem","position":1,"name":"Home","item":"https:\/\/www.econindustries.com\/de"},{"@type":"ListItem","position":2,"name":"Recycling","item":"https:\/\/www.econindustries.com\/de\/applications"},{"@type":"ListItem","position":3,"name":"Bohrklein"}]},{"@type":"WebSite","@id":"https:\/\/www.econindustries.com\/#website","url":"https:\/\/www.econindustries.com\/","name":"econ industries services GmbH","description":"","potentialAction":[{"@type":"SearchAction","target":{"@type":"EntryPoint","urlTemplate":"https:\/\/www.econindustries.com\/?s={search_term_string}"},"query-input":{"@type":"PropertyValueSpecification","valueRequired":true,"valueName":"search_term_string"}}],"inLanguage":"de"}]}},"_links":{"self":[{"href":"https:\/\/www.econindustries.com\/de\/wp-json\/wp\/v2\/pages\/1858","targetHints":{"allow":["GET"]}}],"collection":[{"href":"https:\/\/www.econindustries.com\/de\/wp-json\/wp\/v2\/pages"}],"about":[{"href":"https:\/\/www.econindustries.com\/de\/wp-json\/wp\/v2\/types\/page"}],"author":[{"embeddable":true,"href":"https:\/\/www.econindustries.com\/de\/wp-json\/wp\/v2\/users\/1"}],"replies":[{"embeddable":true,"href":"https:\/\/www.econindustries.com\/de\/wp-json\/wp\/v2\/comments?post=1858"}],"version-history":[{"count":7,"href":"https:\/\/www.econindustries.com\/de\/wp-json\/wp\/v2\/pages\/1858\/revisions"}],"predecessor-version":[{"id":2821,"href":"https:\/\/www.econindustries.com\/de\/wp-json\/wp\/v2\/pages\/1858\/revisions\/2821"}],"up":[{"embeddable":true,"href":"https:\/\/www.econindustries.com\/de\/wp-json\/wp\/v2\/pages\/1853"}],"wp:featuredmedia":[{"embeddable":true,"href":"https:\/\/www.econindustries.com\/de\/wp-json\/wp\/v2\/media\/454"}],"wp:attachment":[{"href":"https:\/\/www.econindustries.com\/de\/wp-json\/wp\/v2\/media?parent=1858"}],"curies":[{"name":"wp","href":"https:\/\/api.w.org\/{rel}","templated":true}]}}