	{"id":1853,"date":"2015-01-28T15:13:41","date_gmt":"2015-01-28T13:13:41","guid":{"rendered":"http:\/\/www.econ.industries\/de\/applications"},"modified":"2021-02-01T17:33:58","modified_gmt":"2021-02-01T15:33:58","slug":"applications","status":"publish","type":"page","link":"https:\/\/www.econindustries.com\/de\/applications","title":{"rendered":"Recycling"},"content":{"rendered":"<p>Mit VacuDry<sup>\u00ae<\/sup> bietet econ industries die f\u00fchrende L\u00f6sung f\u00fcr die Aufbereitung gef\u00e4hrlicher Industrieabf\u00e4lle und kontaminierter B\u00f6den. Wir m\u00f6chten Wegbereiter daf\u00fcr sein, dass Abf\u00e4lle k\u00fcnftig nicht mehr verbrannt oder deponiert werden m\u00fcssen. Stattdessen soll die VacuDry\u00ae-Technologie als ressourcenschonendes Materialrecycling etabliert werden.<\/p>\n<p>Die Anwendungsgebiete sind vielf\u00e4ltig &#8211; von fl\u00fcssigem Schlamm bis hin zu B\u00f6den und Schutt aller Verschmutzungsgrade. Sogar toxische Substanzen wie Dioxin, PCB, PAH, chlorierte organische Verbindungen, organische Bleiverbindungen sowie R\u00fcckst\u00e4nde aus petrochemischen Prozessen oder der Pestizid-Produktion k\u00f6nnen abgetrennt\/ zerst\u00f6rt oder zur\u00fcckgewonnen werden.<\/p>\n<p>Ihr Anwendungsfall war nicht dabei? <a title=\"Contact\" href=\"https:\/\/www.econindustries.com\/de\/contact\"><span style=\"text-decoration: underline;\">Sprechen Sie uns an<\/span><\/a> und wir finden die passende Anlage.<\/p>\n","protected":false},"excerpt":{"rendered":"<p>Mit VacuDry\u00ae bietet econ industries die f\u00fchrende L\u00f6sung f\u00fcr die Aufbereitung gef\u00e4hrlicher Industrieabf\u00e4lle und kontaminierter B\u00f6den. Wir m\u00f6chten Wegbereiter daf\u00fcr sein, dass Abf\u00e4lle k\u00fcnftig nicht mehr verbrannt oder deponiert werden <a class=\"moretag\" href=\"https:\/\/www.econindustries.com\/de\/applications\">weiterlesen&#8230;<\/a><\/p>\n","protected":false},"author":1,"featured_media":0,"parent":0,"menu_order":118,"comment_status":"closed","ping_status":"open","template":"","meta":{"_acf_changed":false,"content-type":"","footnotes":"","_links_to":"","_links_to_target":""},"class_list":["post-1853","page","type-page","status-publish","hentry"],"acf":[],"yoast_head":"<!-- This site is optimized with the Yoast SEO plugin v27.5 - https:\/\/yoast.com\/product\/yoast-seo-wordpress\/ -->\n<title>Recycling - econ industries services GmbH<\/title>\n<meta name=\"robots\" content=\"index, follow, max-snippet:-1, max-image-preview:large, max-video-preview:-1\" \/>\n<link rel=\"canonical\" href=\"https:\/\/www.econindustries.com\/de\/applications\" \/>\n<meta property=\"og:locale\" content=\"de_DE\" \/>\n<meta property=\"og:type\" content=\"article\" \/>\n<meta property=\"og:title\" content=\"Recycling - econ industries services GmbH\" \/>\n<meta property=\"og:description\" content=\"Mit VacuDry\u00ae bietet econ industries die f\u00fchrende L\u00f6sung f\u00fcr die Aufbereitung gef\u00e4hrlicher Industrieabf\u00e4lle und kontaminierter B\u00f6den. Wir m\u00f6chten Wegbereiter daf\u00fcr sein, dass Abf\u00e4lle k\u00fcnftig nicht mehr verbrannt oder deponiert werden weiterlesen...\" \/>\n<meta property=\"og:url\" content=\"https:\/\/www.econindustries.com\/de\/applications\" \/>\n<meta property=\"og:site_name\" content=\"econ industries services GmbH\" \/>\n<meta property=\"article:publisher\" content=\"https:\/\/www.facebook.com\/econindustries\" \/>\n<meta property=\"article:modified_time\" content=\"2021-02-01T15:33:58+00:00\" \/>\n<meta name=\"twitter:label1\" content=\"Gesch\u00e4tzte Lesezeit\" \/>\n\t<meta name=\"twitter:data1\" content=\"1\u00a0Minute\" \/>\n<script type=\"application\/ld+json\" class=\"yoast-schema-graph\">{\"@context\":\"https:\\\/\\\/schema.org\",\"@graph\":[{\"@type\":\"WebPage\",\"@id\":\"https:\\\/\\\/www.econindustries.com\\\/de\\\/applications\",\"url\":\"https:\\\/\\\/www.econindustries.com\\\/de\\\/applications\",\"name\":\"Recycling - econ industries services GmbH\",\"isPartOf\":{\"@id\":\"https:\\\/\\\/www.econindustries.com\\\/#website\"},\"datePublished\":\"2015-01-28T13:13:41+00:00\",\"dateModified\":\"2021-02-01T15:33:58+00:00\",\"breadcrumb\":{\"@id\":\"https:\\\/\\\/www.econindustries.com\\\/de\\\/applications#breadcrumb\"},\"inLanguage\":\"de\",\"potentialAction\":[{\"@type\":\"ReadAction\",\"target\":[\"https:\\\/\\\/www.econindustries.com\\\/de\\\/applications\"]}]},{\"@type\":\"BreadcrumbList\",\"@id\":\"https:\\\/\\\/www.econindustries.com\\\/de\\\/applications#breadcrumb\",\"itemListElement\":[{\"@type\":\"ListItem\",\"position\":1,\"name\":\"Home\",\"item\":\"https:\\\/\\\/www.econindustries.com\\\/de\"},{\"@type\":\"ListItem\",\"position\":2,\"name\":\"Recycling\"}]},{\"@type\":\"WebSite\",\"@id\":\"https:\\\/\\\/www.econindustries.com\\\/#website\",\"url\":\"https:\\\/\\\/www.econindustries.com\\\/\",\"name\":\"econ industries services GmbH\",\"description\":\"\",\"potentialAction\":[{\"@type\":\"SearchAction\",\"target\":{\"@type\":\"EntryPoint\",\"urlTemplate\":\"https:\\\/\\\/www.econindustries.com\\\/?s={search_term_string}\"},\"query-input\":{\"@type\":\"PropertyValueSpecification\",\"valueRequired\":true,\"valueName\":\"search_term_string\"}}],\"inLanguage\":\"de\"}]}<\/script>\n<!-- \/ Yoast SEO plugin. -->","yoast_head_json":{"title":"Recycling - econ industries services GmbH","robots":{"index":"index","follow":"follow","max-snippet":"max-snippet:-1","max-image-preview":"max-image-preview:large","max-video-preview":"max-video-preview:-1"},"canonical":"https:\/\/www.econindustries.com\/de\/applications","og_locale":"de_DE","og_type":"article","og_title":"Recycling - econ industries services GmbH","og_description":"Mit VacuDry\u00ae bietet econ industries die f\u00fchrende L\u00f6sung f\u00fcr die Aufbereitung gef\u00e4hrlicher Industrieabf\u00e4lle und kontaminierter B\u00f6den. Wir m\u00f6chten Wegbereiter daf\u00fcr sein, dass Abf\u00e4lle k\u00fcnftig nicht mehr verbrannt oder deponiert werden weiterlesen...","og_url":"https:\/\/www.econindustries.com\/de\/applications","og_site_name":"econ industries services GmbH","article_publisher":"https:\/\/www.facebook.com\/econindustries","article_modified_time":"2021-02-01T15:33:58+00:00","twitter_misc":{"Gesch\u00e4tzte Lesezeit":"1\u00a0Minute"},"schema":{"@context":"https:\/\/schema.org","@graph":[{"@type":"WebPage","@id":"https:\/\/www.econindustries.com\/de\/applications","url":"https:\/\/www.econindustries.com\/de\/applications","name":"Recycling - econ industries services GmbH","isPartOf":{"@id":"https:\/\/www.econindustries.com\/#website"},"datePublished":"2015-01-28T13:13:41+00:00","dateModified":"2021-02-01T15:33:58+00:00","breadcrumb":{"@id":"https:\/\/www.econindustries.com\/de\/applications#breadcrumb"},"inLanguage":"de","potentialAction":[{"@type":"ReadAction","target":["https:\/\/www.econindustries.com\/de\/applications"]}]},{"@type":"BreadcrumbList","@id":"https:\/\/www.econindustries.com\/de\/applications#breadcrumb","itemListElement":[{"@type":"ListItem","position":1,"name":"Home","item":"https:\/\/www.econindustries.com\/de"},{"@type":"ListItem","position":2,"name":"Recycling"}]},{"@type":"WebSite","@id":"https:\/\/www.econindustries.com\/#website","url":"https:\/\/www.econindustries.com\/","name":"econ industries services GmbH","description":"","potentialAction":[{"@type":"SearchAction","target":{"@type":"EntryPoint","urlTemplate":"https:\/\/www.econindustries.com\/?s={search_term_string}"},"query-input":{"@type":"PropertyValueSpecification","valueRequired":true,"valueName":"search_term_string"}}],"inLanguage":"de"}]}},"_links":{"self":[{"href":"https:\/\/www.econindustries.com\/de\/wp-json\/wp\/v2\/pages\/1853","targetHints":{"allow":["GET"]}}],"collection":[{"href":"https:\/\/www.econindustries.com\/de\/wp-json\/wp\/v2\/pages"}],"about":[{"href":"https:\/\/www.econindustries.com\/de\/wp-json\/wp\/v2\/types\/page"}],"author":[{"embeddable":true,"href":"https:\/\/www.econindustries.com\/de\/wp-json\/wp\/v2\/users\/1"}],"replies":[{"embeddable":true,"href":"https:\/\/www.econindustries.com\/de\/wp-json\/wp\/v2\/comments?post=1853"}],"version-history":[{"count":7,"href":"https:\/\/www.econindustries.com\/de\/wp-json\/wp\/v2\/pages\/1853\/revisions"}],"predecessor-version":[{"id":6576,"href":"https:\/\/www.econindustries.com\/de\/wp-json\/wp\/v2\/pages\/1853\/revisions\/6576"}],"wp:attachment":[{"href":"https:\/\/www.econindustries.com\/de\/wp-json\/wp\/v2\/media?parent=1853"}],"curies":[{"name":"wp","href":"https:\/\/api.w.org\/{rel}","templated":true}]}}