	{"id":1842,"date":"2015-03-03T10:13:42","date_gmt":"2015-03-03T08:13:42","guid":{"rendered":"http:\/\/www.econ.industries\/de\/industries\/chemical-site-clean-up"},"modified":"2016-04-01T13:25:13","modified_gmt":"2016-04-01T11:25:13","slug":"chemical-site-clean-up","status":"publish","type":"page","link":"https:\/\/www.econindustries.com\/de\/industries\/chemical-site-clean-up","title":{"rendered":"Altlastensanierung"},"content":{"rendered":"<div class=\"row sub_content\">\n<div class=\"ls-col-md-3\">\n<p><img loading=\"lazy\" decoding=\"async\" class=\"alignnone wp-image-1279 size-size-640x480\" src=\"https:\/\/www.econindustries.com\/wp-content\/uploads\/2015\/03\/hall-site-remediation-640x480.jpg\" alt=\"hall-site-remediation\" width=\"640\" height=\"480\" srcset=\"https:\/\/www.econindustries.com\/wp-content\/uploads\/2015\/03\/hall-site-remediation-640x480.jpg 640w, https:\/\/www.econindustries.com\/wp-content\/uploads\/2015\/03\/hall-site-remediation-300x225.jpg 300w, https:\/\/www.econindustries.com\/wp-content\/uploads\/2015\/03\/hall-site-remediation-1024x768.jpg 1024w, https:\/\/www.econindustries.com\/wp-content\/uploads\/2015\/03\/hall-site-remediation-1600x1200.jpg 1600w, https:\/\/www.econindustries.com\/wp-content\/uploads\/2015\/03\/hall-site-remediation-400x300.jpg 400w, https:\/\/www.econindustries.com\/wp-content\/uploads\/2015\/03\/hall-site-remediation-200x150.jpg 200w, https:\/\/www.econindustries.com\/wp-content\/uploads\/2015\/03\/hall-site-remediation.jpg 2048w\" sizes=\"(max-width: 640px) 100vw, 640px\" \/><\/p>\n<\/div>\n<div class=\"ls-col-md-3\">\n<p><img loading=\"lazy\" decoding=\"async\" class=\"alignnone wp-image-521 size-size-640x480\" src=\"https:\/\/www.econindustries.com\/wp-content\/uploads\/2015\/01\/oil-contaminated-treatment-640x480.jpg\" alt=\"contaminated soil before treatment with VacuDry \" width=\"640\" height=\"480\" srcset=\"https:\/\/www.econindustries.com\/wp-content\/uploads\/2015\/01\/oil-contaminated-treatment-640x480.jpg 640w, https:\/\/www.econindustries.com\/wp-content\/uploads\/2015\/01\/oil-contaminated-treatment-300x225.jpg 300w, https:\/\/www.econindustries.com\/wp-content\/uploads\/2015\/01\/oil-contaminated-treatment-1024x768.jpg 1024w, https:\/\/www.econindustries.com\/wp-content\/uploads\/2015\/01\/oil-contaminated-treatment.jpg 1600w, https:\/\/www.econindustries.com\/wp-content\/uploads\/2015\/01\/oil-contaminated-treatment-400x300.jpg 400w, https:\/\/www.econindustries.com\/wp-content\/uploads\/2015\/01\/oil-contaminated-treatment-200x150.jpg 200w\" sizes=\"(max-width: 640px) 100vw, 640px\" \/><\/div>\n<div class=\"ls-col-md-3\">\n<p><img loading=\"lazy\" decoding=\"async\" class=\"alignnone wp-image-960 size-size-640x480\" src=\"https:\/\/www.econindustries.com\/wp-content\/uploads\/2015\/01\/oil-contaminated-soil1-640x480.jpg\" alt=\"Oil contaminated soil\" width=\"640\" height=\"480\" srcset=\"https:\/\/www.econindustries.com\/wp-content\/uploads\/2015\/01\/oil-contaminated-soil1-640x480.jpg 640w, https:\/\/www.econindustries.com\/wp-content\/uploads\/2015\/01\/oil-contaminated-soil1-300x225.jpg 300w, https:\/\/www.econindustries.com\/wp-content\/uploads\/2015\/01\/oil-contaminated-soil1.jpg 1024w, https:\/\/www.econindustries.com\/wp-content\/uploads\/2015\/01\/oil-contaminated-soil1-400x300.jpg 400w, https:\/\/www.econindustries.com\/wp-content\/uploads\/2015\/01\/oil-contaminated-soil1-200x150.jpg 200w\" sizes=\"(max-width: 640px) 100vw, 640px\" \/><\/div>\n<div class=\"ls-col-md-3\">\n<p><img loading=\"lazy\" decoding=\"async\" class=\"alignnone wp-image-526 size-size-640x480\" src=\"https:\/\/www.econindustries.com\/wp-content\/uploads\/2015\/01\/cleanup-mercury-site-640x480.jpg\" alt=\"output Vacudry from mercury contaminated soil treatment\" width=\"640\" height=\"480\" srcset=\"https:\/\/www.econindustries.com\/wp-content\/uploads\/2015\/01\/cleanup-mercury-site-640x480.jpg 640w, https:\/\/www.econindustries.com\/wp-content\/uploads\/2015\/01\/cleanup-mercury-site-300x225.jpg 300w, https:\/\/www.econindustries.com\/wp-content\/uploads\/2015\/01\/cleanup-mercury-site-1024x768.jpg 1024w, https:\/\/www.econindustries.com\/wp-content\/uploads\/2015\/01\/cleanup-mercury-site-400x300.jpg 400w, https:\/\/www.econindustries.com\/wp-content\/uploads\/2015\/01\/cleanup-mercury-site-200x150.jpg 200w, https:\/\/www.econindustries.com\/wp-content\/uploads\/2015\/01\/cleanup-mercury-site.jpg 1280w\" sizes=\"(max-width: 640px) 100vw, 640px\" \/><\/p>\n<\/div>\n<\/div>\n<p>Die Kontamination von B\u00f6den durch die chemische Produktion in der Vergangenheit kann oft unvorhersehbar und vielf\u00e4ltig sein. Die allermeisten Schadstoffe machen ein ex-situ Aufbereitungsverfahren erforderlich. Viele unserer VacuDry<sup>\u00ae<\/sup>-Anlagen k\u00f6nnen direkt mit kontaminierten B\u00f6den beschickt werden. Um die Inputmenge f\u00fcr die W\u00e4rmebehandlung zu reduzieren, lassen sich VacuDry<sup>\u00ae<\/sup>-Anlagen auch mit Bodenwaschanlagen kombinieren. In diesem Fall f\u00fchrt der Kunde nur die hoch verschmutzten Fraktionen, gesiebte Feinstkornanteile (z.B. unter 10 mm) und die Filterkuchen aus dem Bodenwaschprozess zu. Wir sind in der Lage, Quecksilber, Kohlenwasserstoffen, PAK, PCB, Dioxinen, Furanen, organische Bleiverbindungen und viele andere Schadstoffe aus belasteten B\u00f6den zu entfernen.<\/p>\n<p>Die VacuDry<sup>\u00ae<\/sup>-Anlagen f\u00fcr on-site ex-situ Sanierungsprojekte werden in Modulbauweise geliefert. Dadurch l\u00e4sst sich das System nach Ende der Sanierungsarbeiten einfach zum n\u00e4chsten Einsatzort verlegen. Aufgrund der vernachl\u00e4ssigbaren Prozessemissionen kann die VacuDry<sup>\u00ae<\/sup>-Anlage auch in bewohnten Gebieten sicher betrieben werden. F\u00fcr zeitlich befristete Projekte bieten wir eine Mietl\u00f6sung an. Lesen Sie mehr im Abschnitt \u201c<a href=\"https:\/\/www.econindustries.com\/de\/technology\/rent-a-vacudry\">Rent a VacuDry<sup>\u00ae<\/sup><\/a>\u201c.<\/p>\n<div style=\"height:30px\"><\/div>\n<div class=\"row sub_content\">\n<div class=\"ls-col-md-6\">\n<table summary=\"Eckdaten\" class=\"key-facts ls-table-responsive\">\n<colgroup>\n<col width=\"30%\" \/>\n<col width=\"70%\" \/><\/colgroup>\n<tr>\n<td colspan=\"2\"><strong>Eckdaten<\/strong><\/td>\n<\/tr>\n<tr>\n<td>\n<p>Technologie:<\/p>\n<\/td>\n<td>\n<p>VacuDry<sup>\u00ae<\/sup>-Vakuumdestillation, Kombination mit Bodenw\u00e4sche m\u00f6glich<\/p>\n<\/td>\n<\/tr>\n<tr>\n<td>\n<p>Durchsatzleistung:<\/p>\n<\/td>\n<td>\n<p>Bis zu 10 t\/h bei thermischer Aufbereitung; in Kombination mit Bodenw\u00e4sche bis 50 t\/h<\/p>\n<\/td>\n<\/tr>\n<tr>\n<td>\n<p>Inputmaterial:<\/p>\n<\/td>\n<td>\n<p>Mit Kohlenwasserstoffen, VOC, POP, PAK, Schmiermitteln, Quecksilber, organischen Bleiverbindungen, etc. verunreinigte B\u00f6den und Bauschutt<\/p>\n<\/td>\n<\/tr>\n<tr>\n<td>\n<p>C10-C40 Output:<\/p>\n<\/td>\n<td>\n<p>Kleiner 1 %, < 0,1 % m\u00f6glich \u2013 nach EN 14039\n<\/p>\n<\/td>\n<\/tr>\n<tr>\n<td>\n<p>Quecksilberaussto\u00df:<\/p>\n<\/td>\n<td>\n<p>< 1 ppm\n<\/p>\n<\/td>\n<\/tr>\n<tr>\n<td>\n<p>Heizsystem betrieben mit:<\/p>\n<\/td>\n<td>\n<p>Heiz\u00f6l, Diesel, Erdgas, Biokraftstoffe, r\u00fcckgewonnene Mineral\u00f6lfraktion<\/p>\n<\/td>\n<\/tr>\n<\/table>\n<\/div>\n<div class=\"ls-col-md-6\">\n<h3>Gr\u00f6\u00dfte Vorteile:<\/h3>\n<ul>\n<li>Fast 20 Jahre nachgewiesene Erfahrung im Betrieb von Vakuum-Destillationsanlagen zur Aufbereitung von kontaminierten B\u00f6den und Bauschutt<\/li>\n<li>Wegweisende einzigartige, patentierte Vakuumdestillations-L\u00f6sungen, seit 1998 f\u00fcr vielf\u00e4ltige und anspruchsvolle Sanierungsprojekte in der chemischen Industrie im Einsatz<\/li>\n<li>Flexible, auf Gestell montierte und modulare VacuDry<sup>\u00ae<\/sup>-Anlagen mit Verlegungszeiten zwischen 1 und 3 Monaten (je nach Anlagengr\u00f6\u00dfen)<\/li>\n<li>VacuDry<sup>\u00ae<\/sup>-Sanierungstechnologie erf\u00fcllt immer die lokalen EPA-Auflagen<\/li>\n<li>Vernachl\u00e4ssigbare Emissionen; Genehmigung zum Betrieb in Wohngebieten<\/li>\n<li>Optionaler Betrieb der VacuDry<sup>\u00ae<\/sup>-Anlagen vor Ort durch Ingenieure von econ industries<\/li>\n<\/ul>\n<\/div>\n<\/div>\n<h4><\/h4>\n","protected":false},"excerpt":{"rendered":"<p>Die Kontamination von B\u00f6den durch die chemische Produktion in der Vergangenheit kann oft unvorhersehbar und vielf\u00e4ltig sein. Die allermeisten Schadstoffe machen ein ex-situ Aufbereitungsverfahren erforderlich. Viele unserer VacuDry\u00ae-Anlagen k\u00f6nnen direkt <a class=\"moretag\" href=\"https:\/\/www.econindustries.com\/de\/ls_keyfacts\/industries-site-remediation\">weiterlesen&#8230;<\/a><\/p>\n","protected":false},"author":3,"featured_media":527,"parent":1813,"menu_order":27,"comment_status":"closed","ping_status":"closed","template":"","meta":{"_acf_changed":false,"content-type":"","footnotes":"","_links_to":"","_links_to_target":""},"class_list":["post-1842","page","type-page","status-publish","has-post-thumbnail","hentry"],"acf":[],"yoast_head":"<!-- This site is optimized with the Yoast SEO plugin v27.3 - https:\/\/yoast.com\/product\/yoast-seo-wordpress\/ -->\n<title>Altlastensanierung - econ industries services GmbH<\/title>\n<meta name=\"robots\" content=\"index, follow, max-snippet:-1, max-image-preview:large, max-video-preview:-1\" \/>\n<link rel=\"canonical\" href=\"https:\/\/www.econindustries.com\/de\/industries\/chemical-site-clean-up\" \/>\n<meta property=\"og:locale\" content=\"de_DE\" \/>\n<meta property=\"og:type\" content=\"article\" \/>\n<meta property=\"og:title\" content=\"Altlastensanierung - econ industries services GmbH\" \/>\n<meta property=\"og:description\" content=\"Die Kontamination von B\u00f6den durch die chemische Produktion in der Vergangenheit kann oft unvorhersehbar und vielf\u00e4ltig sein. Die allermeisten Schadstoffe machen ein ex-situ Aufbereitungsverfahren erforderlich. Viele unserer VacuDry\u00ae-Anlagen k\u00f6nnen direkt weiterlesen...\" \/>\n<meta property=\"og:url\" content=\"https:\/\/www.econindustries.com\/de\/industries\/chemical-site-clean-up\" \/>\n<meta property=\"og:site_name\" content=\"econ industries services GmbH\" \/>\n<meta property=\"article:publisher\" content=\"https:\/\/www.facebook.com\/econindustries\" \/>\n<meta property=\"article:modified_time\" content=\"2016-04-01T11:25:13+00:00\" \/>\n<meta property=\"og:image\" content=\"https:\/\/www.econindustries.com\/wp-content\/uploads\/2015\/01\/construction-waste-recycling.jpg\" \/>\n\t<meta property=\"og:image:width\" content=\"1024\" \/>\n\t<meta property=\"og:image:height\" content=\"577\" \/>\n\t<meta property=\"og:image:type\" content=\"image\/jpeg\" \/>\n<meta name=\"twitter:label1\" content=\"Gesch\u00e4tzte Lesezeit\" \/>\n\t<meta name=\"twitter:data1\" content=\"1\u00a0Minute\" \/>\n<script type=\"application\/ld+json\" class=\"yoast-schema-graph\">{\"@context\":\"https:\\\/\\\/schema.org\",\"@graph\":[{\"@type\":\"WebPage\",\"@id\":\"https:\\\/\\\/www.econindustries.com\\\/de\\\/industries\\\/chemical-site-clean-up\",\"url\":\"https:\\\/\\\/www.econindustries.com\\\/de\\\/industries\\\/chemical-site-clean-up\",\"name\":\"Altlastensanierung - econ industries services GmbH\",\"isPartOf\":{\"@id\":\"https:\\\/\\\/www.econindustries.com\\\/#website\"},\"primaryImageOfPage\":{\"@id\":\"https:\\\/\\\/www.econindustries.com\\\/de\\\/industries\\\/chemical-site-clean-up#primaryimage\"},\"image\":{\"@id\":\"https:\\\/\\\/www.econindustries.com\\\/de\\\/industries\\\/chemical-site-clean-up#primaryimage\"},\"thumbnailUrl\":\"https:\\\/\\\/www.econindustries.com\\\/wp-content\\\/uploads\\\/2015\\\/01\\\/construction-waste-recycling.jpg\",\"datePublished\":\"2015-03-03T08:13:42+00:00\",\"dateModified\":\"2016-04-01T11:25:13+00:00\",\"breadcrumb\":{\"@id\":\"https:\\\/\\\/www.econindustries.com\\\/de\\\/industries\\\/chemical-site-clean-up#breadcrumb\"},\"inLanguage\":\"de\",\"potentialAction\":[{\"@type\":\"ReadAction\",\"target\":[\"https:\\\/\\\/www.econindustries.com\\\/de\\\/industries\\\/chemical-site-clean-up\"]}]},{\"@type\":\"ImageObject\",\"inLanguage\":\"de\",\"@id\":\"https:\\\/\\\/www.econindustries.com\\\/de\\\/industries\\\/chemical-site-clean-up#primaryimage\",\"url\":\"https:\\\/\\\/www.econindustries.com\\\/wp-content\\\/uploads\\\/2015\\\/01\\\/construction-waste-recycling.jpg\",\"contentUrl\":\"https:\\\/\\\/www.econindustries.com\\\/wp-content\\\/uploads\\\/2015\\\/01\\\/construction-waste-recycling.jpg\",\"width\":1024,\"height\":577,\"caption\":\"soil remediation input material for VacuDry\u00ae\"},{\"@type\":\"BreadcrumbList\",\"@id\":\"https:\\\/\\\/www.econindustries.com\\\/de\\\/industries\\\/chemical-site-clean-up#breadcrumb\",\"itemListElement\":[{\"@type\":\"ListItem\",\"position\":1,\"name\":\"Home\",\"item\":\"https:\\\/\\\/www.econindustries.com\\\/de\"},{\"@type\":\"ListItem\",\"position\":2,\"name\":\"Branchen\",\"item\":\"https:\\\/\\\/www.econindustries.com\\\/de\\\/industries\"},{\"@type\":\"ListItem\",\"position\":3,\"name\":\"Altlastensanierung\"}]},{\"@type\":\"WebSite\",\"@id\":\"https:\\\/\\\/www.econindustries.com\\\/#website\",\"url\":\"https:\\\/\\\/www.econindustries.com\\\/\",\"name\":\"econ industries services GmbH\",\"description\":\"\",\"potentialAction\":[{\"@type\":\"SearchAction\",\"target\":{\"@type\":\"EntryPoint\",\"urlTemplate\":\"https:\\\/\\\/www.econindustries.com\\\/?s={search_term_string}\"},\"query-input\":{\"@type\":\"PropertyValueSpecification\",\"valueRequired\":true,\"valueName\":\"search_term_string\"}}],\"inLanguage\":\"de\"}]}<\/script>\n<!-- \/ Yoast SEO plugin. -->","yoast_head_json":{"title":"Altlastensanierung - econ industries services GmbH","robots":{"index":"index","follow":"follow","max-snippet":"max-snippet:-1","max-image-preview":"max-image-preview:large","max-video-preview":"max-video-preview:-1"},"canonical":"https:\/\/www.econindustries.com\/de\/industries\/chemical-site-clean-up","og_locale":"de_DE","og_type":"article","og_title":"Altlastensanierung - econ industries services GmbH","og_description":"Die Kontamination von B\u00f6den durch die chemische Produktion in der Vergangenheit kann oft unvorhersehbar und vielf\u00e4ltig sein. Die allermeisten Schadstoffe machen ein ex-situ Aufbereitungsverfahren erforderlich. Viele unserer VacuDry\u00ae-Anlagen k\u00f6nnen direkt weiterlesen...","og_url":"https:\/\/www.econindustries.com\/de\/industries\/chemical-site-clean-up","og_site_name":"econ industries services GmbH","article_publisher":"https:\/\/www.facebook.com\/econindustries","article_modified_time":"2016-04-01T11:25:13+00:00","og_image":[{"width":1024,"height":577,"url":"https:\/\/www.econindustries.com\/wp-content\/uploads\/2015\/01\/construction-waste-recycling.jpg","type":"image\/jpeg"}],"twitter_misc":{"Gesch\u00e4tzte Lesezeit":"1\u00a0Minute"},"schema":{"@context":"https:\/\/schema.org","@graph":[{"@type":"WebPage","@id":"https:\/\/www.econindustries.com\/de\/industries\/chemical-site-clean-up","url":"https:\/\/www.econindustries.com\/de\/industries\/chemical-site-clean-up","name":"Altlastensanierung - econ industries services GmbH","isPartOf":{"@id":"https:\/\/www.econindustries.com\/#website"},"primaryImageOfPage":{"@id":"https:\/\/www.econindustries.com\/de\/industries\/chemical-site-clean-up#primaryimage"},"image":{"@id":"https:\/\/www.econindustries.com\/de\/industries\/chemical-site-clean-up#primaryimage"},"thumbnailUrl":"https:\/\/www.econindustries.com\/wp-content\/uploads\/2015\/01\/construction-waste-recycling.jpg","datePublished":"2015-03-03T08:13:42+00:00","dateModified":"2016-04-01T11:25:13+00:00","breadcrumb":{"@id":"https:\/\/www.econindustries.com\/de\/industries\/chemical-site-clean-up#breadcrumb"},"inLanguage":"de","potentialAction":[{"@type":"ReadAction","target":["https:\/\/www.econindustries.com\/de\/industries\/chemical-site-clean-up"]}]},{"@type":"ImageObject","inLanguage":"de","@id":"https:\/\/www.econindustries.com\/de\/industries\/chemical-site-clean-up#primaryimage","url":"https:\/\/www.econindustries.com\/wp-content\/uploads\/2015\/01\/construction-waste-recycling.jpg","contentUrl":"https:\/\/www.econindustries.com\/wp-content\/uploads\/2015\/01\/construction-waste-recycling.jpg","width":1024,"height":577,"caption":"soil remediation input material for VacuDry\u00ae"},{"@type":"BreadcrumbList","@id":"https:\/\/www.econindustries.com\/de\/industries\/chemical-site-clean-up#breadcrumb","itemListElement":[{"@type":"ListItem","position":1,"name":"Home","item":"https:\/\/www.econindustries.com\/de"},{"@type":"ListItem","position":2,"name":"Branchen","item":"https:\/\/www.econindustries.com\/de\/industries"},{"@type":"ListItem","position":3,"name":"Altlastensanierung"}]},{"@type":"WebSite","@id":"https:\/\/www.econindustries.com\/#website","url":"https:\/\/www.econindustries.com\/","name":"econ industries services GmbH","description":"","potentialAction":[{"@type":"SearchAction","target":{"@type":"EntryPoint","urlTemplate":"https:\/\/www.econindustries.com\/?s={search_term_string}"},"query-input":{"@type":"PropertyValueSpecification","valueRequired":true,"valueName":"search_term_string"}}],"inLanguage":"de"}]}},"_links":{"self":[{"href":"https:\/\/www.econindustries.com\/de\/wp-json\/wp\/v2\/pages\/1842","targetHints":{"allow":["GET"]}}],"collection":[{"href":"https:\/\/www.econindustries.com\/de\/wp-json\/wp\/v2\/pages"}],"about":[{"href":"https:\/\/www.econindustries.com\/de\/wp-json\/wp\/v2\/types\/page"}],"author":[{"embeddable":true,"href":"https:\/\/www.econindustries.com\/de\/wp-json\/wp\/v2\/users\/3"}],"replies":[{"embeddable":true,"href":"https:\/\/www.econindustries.com\/de\/wp-json\/wp\/v2\/comments?post=1842"}],"version-history":[{"count":7,"href":"https:\/\/www.econindustries.com\/de\/wp-json\/wp\/v2\/pages\/1842\/revisions"}],"predecessor-version":[{"id":2310,"href":"https:\/\/www.econindustries.com\/de\/wp-json\/wp\/v2\/pages\/1842\/revisions\/2310"}],"up":[{"embeddable":true,"href":"https:\/\/www.econindustries.com\/de\/wp-json\/wp\/v2\/pages\/1813"}],"wp:featuredmedia":[{"embeddable":true,"href":"https:\/\/www.econindustries.com\/de\/wp-json\/wp\/v2\/media\/527"}],"wp:attachment":[{"href":"https:\/\/www.econindustries.com\/de\/wp-json\/wp\/v2\/media?parent=1842"}],"curies":[{"name":"wp","href":"https:\/\/api.w.org\/{rel}","templated":true}]}}