	{"id":1832,"date":"2015-03-03T10:13:05","date_gmt":"2015-03-03T08:13:05","guid":{"rendered":"http:\/\/www.econ.industries\/de\/industries\/chlorine-industry"},"modified":"2019-11-28T11:19:34","modified_gmt":"2019-11-28T09:19:34","slug":"chemische-industrien-2","status":"publish","type":"page","link":"https:\/\/www.econindustries.com\/de\/industries\/chemische-industrien-2","title":{"rendered":"Chemische Industrien"},"content":{"rendered":"<div class=\"row sub_content\">\n<div class=\"ls-col-md-4\">\n<p><img loading=\"lazy\" decoding=\"async\" class=\"alignnone wp-image-3828 size-size-640x480\" src=\"https:\/\/www.econindustries.com\/wp-content\/uploads\/2019\/04\/Refrigerants-640x480.jpg\" alt=\"\" width=\"640\" height=\"480\" srcset=\"https:\/\/www.econindustries.com\/wp-content\/uploads\/2019\/04\/Refrigerants-640x480.jpg 640w, https:\/\/www.econindustries.com\/wp-content\/uploads\/2019\/04\/Refrigerants-300x225.jpg 300w, https:\/\/www.econindustries.com\/wp-content\/uploads\/2019\/04\/Refrigerants-400x300.jpg 400w\" sizes=\"(max-width: 640px) 100vw, 640px\" \/><\/p>\n<\/div>\n<div class=\"ls-col-md-4\">\n<p><img loading=\"lazy\" decoding=\"async\" class=\"alignnone wp-image-3316 size-size-640x480\" src=\"https:\/\/www.econindustries.com\/wp-content\/uploads\/2018\/11\/bild1-1-640x480.jpg\" alt=\"\" width=\"640\" height=\"480\" srcset=\"https:\/\/www.econindustries.com\/wp-content\/uploads\/2018\/11\/bild1-1-640x480.jpg 640w, https:\/\/www.econindustries.com\/wp-content\/uploads\/2018\/11\/bild1-1-300x225.jpg 300w, https:\/\/www.econindustries.com\/wp-content\/uploads\/2018\/11\/bild1-1-400x300.jpg 400w\" sizes=\"(max-width: 640px) 100vw, 640px\" \/><\/p>\n<\/div>\n<div class=\"ls-col-md-4\">\n<p><img loading=\"lazy\" decoding=\"async\" class=\"alignnone wp-image-3306 size-size-640x480\" src=\"https:\/\/www.econindustries.com\/wp-content\/uploads\/2018\/11\/bild1-640x480.jpg\" alt=\"\" width=\"640\" height=\"480\" srcset=\"https:\/\/www.econindustries.com\/wp-content\/uploads\/2018\/11\/bild1-640x480.jpg 640w, https:\/\/www.econindustries.com\/wp-content\/uploads\/2018\/11\/bild1-300x225.jpg 300w, https:\/\/www.econindustries.com\/wp-content\/uploads\/2018\/11\/bild1-400x300.jpg 400w\" sizes=\"(max-width: 640px) 100vw, 640px\" \/><\/p>\n<\/div>\n<\/div>\n<h3>Sonderabfallwirtschaft<\/h3>\n<p>Entsorgungsunternehmen auf der ganzen Welt tragen eine gro\u00dfe Verantwortung f\u00fcr die professionelle Entsorgung der Abf\u00e4lle ihrer Kunden. Diese Unternehmen sollten \u00fcber die entsprechenden Lizenzen und die richtige Technologie verf\u00fcgen, um ihre Kunden bedarfsgerecht zu unterst\u00fctzen.<\/p>\n<p>econs PyroPlas-Anlage hilft bei der Vernichtung aller organischen fl\u00fcssigen oder gasf\u00f6rmigen Abf\u00e4lle. Das <a href=\"https:\/\/www.econindustries.com\/de\/technology\/pyroplas-funktionsprinzip\" target=\"_blank\" rel=\"noopener noreferrer\">PyroPlas-Verfahren<\/a> verwendet anstelle der Verbrennung Pyrolyse zur Zerst\u00f6rung dieser Abf\u00e4lle und wandelt sie in neutrale Salzl\u00f6sung um.<\/p>\n<p>&nbsp;<\/p>\n<h3>K\u00e4lte-, Brandbek\u00e4mpfungs- und Halbleiterindustrie<\/h3>\n<p>Diese Industrien verwenden viele Spezialgase, die speziell f\u00fcr deren Zweck entwickelt wurden. Viele dieser Gase haben ein signifikantes Ozonschichtabbaupotential (ODP) und ein globales Erw\u00e4rmungspotential (GWP).<br \/>\nODP ist der Prozentsatz eines Stoffes, der zum Abbau der Ozonschicht ben\u00f6tigt wird. Bei Freisetzung in die Umwelt haben Gase mit einem h\u00f6heren ODP einen signifikanten Einfluss auf die Ozonschicht.<br \/>\nGWP gibt den Prozentsatz einer Stoffes an, den diesre ben\u00f6tigt um W\u00e4rme aufzunehmen und zur\u00fcckzuhalten. Bei Freisetzung in die Umwelt tragen Gase mit einem h\u00f6heren GWP zum Anstieg der globalen Temperaturen bei.<br \/>\nUm diese sch\u00e4dlichen Stoffe aktiv zu kontrollieren und ihre Freisetzung in die Umwelt zu verringern, haben daher viele Regierungen das <a href=\"https:\/\/www.umweltbundesamt.de\/themen\/30-jahre-montrealer-protokoll-schutz-von\">Montreal-Protokoll<\/a> und das <a href=\"https:\/\/www.bmu.de\/themen\/klima-energie\/klimaschutz\/internationale-klimapolitik\/kyoto-protokoll\/\">Kyoto-Protokoll<\/a>, zwei international bindende Vertr\u00e4ge zum Schutz der Ozonschicht, ratifiziert.<br \/>\necons PyroPlas-Prozess bietet durch den ausgezeichnenten Wirkungsgrad einheitliche Zerst\u00f6rungsstandards f\u00fcr ODS und SGG, bei einer einfachen und transparenten Bedienung sowie Auditierung.<\/p>\n<p><strong>\u00a0<\/strong><\/p>\n<h3>Fertigungsindustrie<\/h3>\n<p>Viele verarbeitende Industriezweige produzieren eine Reihe von Nebenprodukten, die wenig oder gar keinen wirtschaftlichen Nutzen haben. Diese Nebenprodukte werden an Entsorgungsunternehmen weitergegeben oder vor Ort gelagert. PyroPlas ist die ideale L\u00f6sung f\u00fcr das Management dieser Nebenprodukte, da diese direkt w\u00e4hrend der Produktion zerst\u00f6rt werden. Dadurch entfallen Materialtransport und Lagerung.<\/p>\n<p>&nbsp;<\/p>\n<h3>Milit\u00e4r und Friedenssicherung<\/h3>\n<p>Zerst\u00f6rung von chemischen Waffen: Lagerbest\u00e4nde an Chemiewaffen sind sowohl in Industrie- als auch Entwicklungsl\u00e4ndern \u00fcblich. Die Zerst\u00f6rung vor Ort wird aufgrund der vollst\u00e4ndigen Transparenz und der Sicherheitsanforderungen bevorzugt. Die geringe Stellfl\u00e4che und eine kurze Mobilisierungszeit der PyroPlas-Anlage erm\u00f6glichen die Vernichtung von Chemiewaffen an jedem Ort der Welt, auch kurzfristig.<\/p>\n<div style=\"height:30px\"><\/div>\n<div class=\"row sub_content\">\n<div class=\"ls-col-md-6\">\n<table summary=\"Eckdaten\" class=\"key-facts ls-table-responsive\">\n<colgroup>\n<col width=\"30%\" \/>\n<col width=\"70%\" \/><\/colgroup>\n<tr>\n<td colspan=\"2\"><strong>Eckdaten<\/strong><\/td>\n<\/tr>\n<tr>\n<td>\n<p>Technologie<\/p>\n<\/td>\n<td>\n<p>PyroPlas &#8211; Plasma Arc Destruction<\/p>\n<\/td>\n<\/tr>\n<tr>\n<td>\n<p>Eingangsmaterial:<\/p>\n<\/td>\n<td>\n<p>Organische Fl\u00fcssigkeiten (z.B. halogenierte L\u00f6sungsmittel und Pestizide)<br \/>\nSynthetische Treibhausgase, ozonsichtsch\u00e4digende Substanzen<br \/>\nFl\u00fcssigkeiten oder Gase<br \/>\nFl\u00fcssige oder gasf\u00f6rmige chemische Waffen<\/p>\n<\/td>\n<\/tr>\n<tr>\n<td>\n<p>Ausgangsmaterial:<\/p>\n<\/td>\n<td>\n<p>Neutrale Salzl\u00f6sung<br \/>\nProzessabgase in Abh\u00e4ngigkeit vom Abfallstrom<\/p>\n<\/td>\n<\/tr>\n<tr>\n<td>\n<p>Betrieb:<\/p>\n<\/td>\n<td>\n<p>Kontinuierlicher oder Chargenbetrieb mit minimalem Personaleinsatz <\/p>\n<\/td>\n<\/tr>\n<tr>\n<td>\n<p>Wirkungsgrad<\/p>\n<\/td>\n<td>\n<p>99.9999 %<\/p>\n<\/td>\n<\/tr>\n<\/table>\n<\/div>\n<div class=\"ls-col-md-6\">\n<h3>Wir bieten:<\/h3>\n<ul>\n<li>Know-how und Verst\u00e4ndnis f\u00fcr gef\u00e4hrliche Industrieabf\u00e4lle, um die Anlage auf die Bed\u00fcrfnisse der Kunden anzupassen<\/li>\n<li>Schl\u00fcsselfertige Anlagenlieferung inklusive Inbetriebnahme<\/li>\n<li>Geringer Platzbedarf und einfache Bedienung der PyroPlas-Anlage bieten dem Kunden ein hohes Ma\u00df an Flexibilit\u00e4t<\/li>\n<li>Kontinuierlicher, konsistenter Betrieb mit Fern\u00fcberwachung<\/li>\n<li>PyroPlas erf\u00fcllt alle lokalen Umweltanforderungen<\/li>\n<\/ul>\n<\/div>\n<\/div>\n","protected":false},"excerpt":{"rendered":"<p>Sonderabfallwirtschaft Entsorgungsunternehmen auf der ganzen Welt tragen eine gro\u00dfe Verantwortung f\u00fcr die professionelle Entsorgung der Abf\u00e4lle ihrer Kunden. Diese Unternehmen sollten \u00fcber die entsprechenden Lizenzen und die richtige Technologie verf\u00fcgen, <a class=\"moretag\" href=\"https:\/\/www.econindustries.com\/de\/ls_keyfacts\/key-facts-chemische-industrien\">weiterlesen&#8230;<\/a><\/p>\n","protected":false},"author":3,"featured_media":3308,"parent":1813,"menu_order":29,"comment_status":"closed","ping_status":"closed","template":"","meta":{"_acf_changed":false,"content-type":"","footnotes":"","_links_to":"","_links_to_target":""},"class_list":["post-1832","page","type-page","status-publish","has-post-thumbnail","hentry"],"acf":[],"yoast_head":"<!-- This site is optimized with the Yoast SEO plugin v27.5 - https:\/\/yoast.com\/product\/yoast-seo-wordpress\/ -->\n<title>Chemische Industrien - econ industries services GmbH<\/title>\n<meta name=\"robots\" content=\"index, follow, max-snippet:-1, max-image-preview:large, max-video-preview:-1\" \/>\n<link rel=\"canonical\" href=\"https:\/\/www.econindustries.com\/de\/industries\/chemische-industrien-2\" \/>\n<meta property=\"og:locale\" content=\"de_DE\" \/>\n<meta property=\"og:type\" content=\"article\" \/>\n<meta property=\"og:title\" content=\"Chemische Industrien - econ industries services GmbH\" \/>\n<meta property=\"og:description\" content=\"Sonderabfallwirtschaft Entsorgungsunternehmen auf der ganzen Welt tragen eine gro\u00dfe Verantwortung f\u00fcr die professionelle Entsorgung der Abf\u00e4lle ihrer Kunden. Diese Unternehmen sollten \u00fcber die entsprechenden Lizenzen und die richtige Technologie verf\u00fcgen, weiterlesen...\" \/>\n<meta property=\"og:url\" content=\"https:\/\/www.econindustries.com\/de\/industries\/chemische-industrien-2\" \/>\n<meta property=\"og:site_name\" content=\"econ industries services GmbH\" \/>\n<meta property=\"article:publisher\" content=\"https:\/\/www.facebook.com\/econindustries\" \/>\n<meta property=\"article:modified_time\" content=\"2019-11-28T09:19:34+00:00\" \/>\n<meta property=\"og:image\" content=\"https:\/\/www.econindustries.com\/wp-content\/uploads\/2018\/11\/bild2.jpg\" \/>\n\t<meta property=\"og:image:width\" content=\"1377\" \/>\n\t<meta property=\"og:image:height\" content=\"915\" \/>\n\t<meta property=\"og:image:type\" content=\"image\/jpeg\" \/>\n<meta name=\"twitter:label1\" content=\"Gesch\u00e4tzte Lesezeit\" \/>\n\t<meta name=\"twitter:data1\" content=\"2\u00a0Minuten\" \/>\n<script type=\"application\/ld+json\" class=\"yoast-schema-graph\">{\"@context\":\"https:\\\/\\\/schema.org\",\"@graph\":[{\"@type\":\"WebPage\",\"@id\":\"https:\\\/\\\/www.econindustries.com\\\/de\\\/industries\\\/chemische-industrien-2\",\"url\":\"https:\\\/\\\/www.econindustries.com\\\/de\\\/industries\\\/chemische-industrien-2\",\"name\":\"Chemische Industrien - econ industries services GmbH\",\"isPartOf\":{\"@id\":\"https:\\\/\\\/www.econindustries.com\\\/#website\"},\"primaryImageOfPage\":{\"@id\":\"https:\\\/\\\/www.econindustries.com\\\/de\\\/industries\\\/chemische-industrien-2#primaryimage\"},\"image\":{\"@id\":\"https:\\\/\\\/www.econindustries.com\\\/de\\\/industries\\\/chemische-industrien-2#primaryimage\"},\"thumbnailUrl\":\"https:\\\/\\\/www.econindustries.com\\\/wp-content\\\/uploads\\\/2018\\\/11\\\/bild2.jpg\",\"datePublished\":\"2015-03-03T08:13:05+00:00\",\"dateModified\":\"2019-11-28T09:19:34+00:00\",\"breadcrumb\":{\"@id\":\"https:\\\/\\\/www.econindustries.com\\\/de\\\/industries\\\/chemische-industrien-2#breadcrumb\"},\"inLanguage\":\"de\",\"potentialAction\":[{\"@type\":\"ReadAction\",\"target\":[\"https:\\\/\\\/www.econindustries.com\\\/de\\\/industries\\\/chemische-industrien-2\"]}]},{\"@type\":\"ImageObject\",\"inLanguage\":\"de\",\"@id\":\"https:\\\/\\\/www.econindustries.com\\\/de\\\/industries\\\/chemische-industrien-2#primaryimage\",\"url\":\"https:\\\/\\\/www.econindustries.com\\\/wp-content\\\/uploads\\\/2018\\\/11\\\/bild2.jpg\",\"contentUrl\":\"https:\\\/\\\/www.econindustries.com\\\/wp-content\\\/uploads\\\/2018\\\/11\\\/bild2.jpg\",\"width\":1377,\"height\":915},{\"@type\":\"BreadcrumbList\",\"@id\":\"https:\\\/\\\/www.econindustries.com\\\/de\\\/industries\\\/chemische-industrien-2#breadcrumb\",\"itemListElement\":[{\"@type\":\"ListItem\",\"position\":1,\"name\":\"Home\",\"item\":\"https:\\\/\\\/www.econindustries.com\\\/de\"},{\"@type\":\"ListItem\",\"position\":2,\"name\":\"Branchen\",\"item\":\"https:\\\/\\\/www.econindustries.com\\\/de\\\/industries\"},{\"@type\":\"ListItem\",\"position\":3,\"name\":\"Chemische Industrien\"}]},{\"@type\":\"WebSite\",\"@id\":\"https:\\\/\\\/www.econindustries.com\\\/#website\",\"url\":\"https:\\\/\\\/www.econindustries.com\\\/\",\"name\":\"econ industries services GmbH\",\"description\":\"\",\"potentialAction\":[{\"@type\":\"SearchAction\",\"target\":{\"@type\":\"EntryPoint\",\"urlTemplate\":\"https:\\\/\\\/www.econindustries.com\\\/?s={search_term_string}\"},\"query-input\":{\"@type\":\"PropertyValueSpecification\",\"valueRequired\":true,\"valueName\":\"search_term_string\"}}],\"inLanguage\":\"de\"}]}<\/script>\n<!-- \/ Yoast SEO plugin. -->","yoast_head_json":{"title":"Chemische Industrien - econ industries services GmbH","robots":{"index":"index","follow":"follow","max-snippet":"max-snippet:-1","max-image-preview":"max-image-preview:large","max-video-preview":"max-video-preview:-1"},"canonical":"https:\/\/www.econindustries.com\/de\/industries\/chemische-industrien-2","og_locale":"de_DE","og_type":"article","og_title":"Chemische Industrien - econ industries services GmbH","og_description":"Sonderabfallwirtschaft Entsorgungsunternehmen auf der ganzen Welt tragen eine gro\u00dfe Verantwortung f\u00fcr die professionelle Entsorgung der Abf\u00e4lle ihrer Kunden. Diese Unternehmen sollten \u00fcber die entsprechenden Lizenzen und die richtige Technologie verf\u00fcgen, weiterlesen...","og_url":"https:\/\/www.econindustries.com\/de\/industries\/chemische-industrien-2","og_site_name":"econ industries services GmbH","article_publisher":"https:\/\/www.facebook.com\/econindustries","article_modified_time":"2019-11-28T09:19:34+00:00","og_image":[{"width":1377,"height":915,"url":"https:\/\/www.econindustries.com\/wp-content\/uploads\/2018\/11\/bild2.jpg","type":"image\/jpeg"}],"twitter_misc":{"Gesch\u00e4tzte Lesezeit":"2\u00a0Minuten"},"schema":{"@context":"https:\/\/schema.org","@graph":[{"@type":"WebPage","@id":"https:\/\/www.econindustries.com\/de\/industries\/chemische-industrien-2","url":"https:\/\/www.econindustries.com\/de\/industries\/chemische-industrien-2","name":"Chemische Industrien - econ industries services GmbH","isPartOf":{"@id":"https:\/\/www.econindustries.com\/#website"},"primaryImageOfPage":{"@id":"https:\/\/www.econindustries.com\/de\/industries\/chemische-industrien-2#primaryimage"},"image":{"@id":"https:\/\/www.econindustries.com\/de\/industries\/chemische-industrien-2#primaryimage"},"thumbnailUrl":"https:\/\/www.econindustries.com\/wp-content\/uploads\/2018\/11\/bild2.jpg","datePublished":"2015-03-03T08:13:05+00:00","dateModified":"2019-11-28T09:19:34+00:00","breadcrumb":{"@id":"https:\/\/www.econindustries.com\/de\/industries\/chemische-industrien-2#breadcrumb"},"inLanguage":"de","potentialAction":[{"@type":"ReadAction","target":["https:\/\/www.econindustries.com\/de\/industries\/chemische-industrien-2"]}]},{"@type":"ImageObject","inLanguage":"de","@id":"https:\/\/www.econindustries.com\/de\/industries\/chemische-industrien-2#primaryimage","url":"https:\/\/www.econindustries.com\/wp-content\/uploads\/2018\/11\/bild2.jpg","contentUrl":"https:\/\/www.econindustries.com\/wp-content\/uploads\/2018\/11\/bild2.jpg","width":1377,"height":915},{"@type":"BreadcrumbList","@id":"https:\/\/www.econindustries.com\/de\/industries\/chemische-industrien-2#breadcrumb","itemListElement":[{"@type":"ListItem","position":1,"name":"Home","item":"https:\/\/www.econindustries.com\/de"},{"@type":"ListItem","position":2,"name":"Branchen","item":"https:\/\/www.econindustries.com\/de\/industries"},{"@type":"ListItem","position":3,"name":"Chemische Industrien"}]},{"@type":"WebSite","@id":"https:\/\/www.econindustries.com\/#website","url":"https:\/\/www.econindustries.com\/","name":"econ industries services GmbH","description":"","potentialAction":[{"@type":"SearchAction","target":{"@type":"EntryPoint","urlTemplate":"https:\/\/www.econindustries.com\/?s={search_term_string}"},"query-input":{"@type":"PropertyValueSpecification","valueRequired":true,"valueName":"search_term_string"}}],"inLanguage":"de"}]}},"_links":{"self":[{"href":"https:\/\/www.econindustries.com\/de\/wp-json\/wp\/v2\/pages\/1832","targetHints":{"allow":["GET"]}}],"collection":[{"href":"https:\/\/www.econindustries.com\/de\/wp-json\/wp\/v2\/pages"}],"about":[{"href":"https:\/\/www.econindustries.com\/de\/wp-json\/wp\/v2\/types\/page"}],"author":[{"embeddable":true,"href":"https:\/\/www.econindustries.com\/de\/wp-json\/wp\/v2\/users\/3"}],"replies":[{"embeddable":true,"href":"https:\/\/www.econindustries.com\/de\/wp-json\/wp\/v2\/comments?post=1832"}],"version-history":[{"count":15,"href":"https:\/\/www.econindustries.com\/de\/wp-json\/wp\/v2\/pages\/1832\/revisions"}],"predecessor-version":[{"id":4571,"href":"https:\/\/www.econindustries.com\/de\/wp-json\/wp\/v2\/pages\/1832\/revisions\/4571"}],"up":[{"embeddable":true,"href":"https:\/\/www.econindustries.com\/de\/wp-json\/wp\/v2\/pages\/1813"}],"wp:featuredmedia":[{"embeddable":true,"href":"https:\/\/www.econindustries.com\/de\/wp-json\/wp\/v2\/media\/3308"}],"wp:attachment":[{"href":"https:\/\/www.econindustries.com\/de\/wp-json\/wp\/v2\/media?parent=1832"}],"curies":[{"name":"wp","href":"https:\/\/api.w.org\/{rel}","templated":true}]}}