	{"id":1819,"date":"2015-03-03T09:43:54","date_gmt":"2015-03-03T07:43:54","guid":{"rendered":"http:\/\/www.econ.industries\/de\/industries\/oil-gas"},"modified":"2018-04-11T13:56:48","modified_gmt":"2018-04-11T11:56:48","slug":"oil-gas","status":"publish","type":"page","link":"https:\/\/www.econindustries.com\/de\/industries\/oil-gas","title":{"rendered":"\u00d6l und Gas"},"content":{"rendered":"<div class=\"row sub_content\">\n<div class=\"ls-col-md-3\">\n<p><img loading=\"lazy\" decoding=\"async\" class=\"alignnone wp-image-1230 size-size-640x480\" src=\"https:\/\/www.econindustries.com\/wp-content\/uploads\/2015\/01\/tank-farm-640x480.jpg\" alt=\"tank-farm\" width=\"640\" height=\"480\" srcset=\"https:\/\/www.econindustries.com\/wp-content\/uploads\/2015\/01\/tank-farm-640x480.jpg 640w, https:\/\/www.econindustries.com\/wp-content\/uploads\/2015\/01\/tank-farm-300x225.jpg 300w, https:\/\/www.econindustries.com\/wp-content\/uploads\/2015\/01\/tank-farm-400x300.jpg 400w, https:\/\/www.econindustries.com\/wp-content\/uploads\/2015\/01\/tank-farm-200x150.jpg 200w, https:\/\/www.econindustries.com\/wp-content\/uploads\/2015\/01\/tank-farm.jpg 935w\" sizes=\"(max-width: 640px) 100vw, 640px\" \/><\/p>\n<\/div>\n<div class=\"ls-col-md-3\"><img loading=\"lazy\" decoding=\"async\" class=\"alignnone wp-image-1305 size-full\" src=\"https:\/\/www.econindustries.com\/wp-content\/uploads\/2015\/05\/drilling-rig.jpg\" alt=\"drilling-rig\" width=\"1499\" height=\"1124\" srcset=\"https:\/\/www.econindustries.com\/wp-content\/uploads\/2015\/05\/drilling-rig.jpg 1499w, https:\/\/www.econindustries.com\/wp-content\/uploads\/2015\/05\/drilling-rig-300x225.jpg 300w, https:\/\/www.econindustries.com\/wp-content\/uploads\/2015\/05\/drilling-rig-1024x768.jpg 1024w, https:\/\/www.econindustries.com\/wp-content\/uploads\/2015\/05\/drilling-rig-640x480.jpg 640w, https:\/\/www.econindustries.com\/wp-content\/uploads\/2015\/05\/drilling-rig-400x300.jpg 400w, https:\/\/www.econindustries.com\/wp-content\/uploads\/2015\/05\/drilling-rig-200x150.jpg 200w\" sizes=\"(max-width: 1499px) 100vw, 1499px\" \/><\/p>\n<\/div>\n<div class=\"ls-col-md-3\">\n<p><img loading=\"lazy\" decoding=\"async\" class=\"alignnone wp-image-203 size-size-640x480\" src=\"https:\/\/www.econindustries.com\/wp-content\/uploads\/2015\/01\/oil-lagoon-640x480.jpg\" alt=\"Oil lagoon\" width=\"640\" height=\"480\" srcset=\"https:\/\/www.econindustries.com\/wp-content\/uploads\/2015\/01\/oil-lagoon-640x480.jpg 640w, https:\/\/www.econindustries.com\/wp-content\/uploads\/2015\/01\/oil-lagoon-300x225.jpg 300w, https:\/\/www.econindustries.com\/wp-content\/uploads\/2015\/01\/oil-lagoon-1024x768.jpg 1024w, https:\/\/www.econindustries.com\/wp-content\/uploads\/2015\/01\/oil-lagoon.jpg 1600w, https:\/\/www.econindustries.com\/wp-content\/uploads\/2015\/01\/oil-lagoon-400x300.jpg 400w, https:\/\/www.econindustries.com\/wp-content\/uploads\/2015\/01\/oil-lagoon-200x150.jpg 200w\" sizes=\"(max-width: 640px) 100vw, 640px\" \/><\/p>\n<\/div>\n<div class=\"ls-col-md-3\">\n<p><img loading=\"lazy\" decoding=\"async\" class=\"alignnone wp-image-1304 size-full\" src=\"https:\/\/www.econindustries.com\/wp-content\/uploads\/2015\/05\/oil-platform.jpg\" alt=\"oil-platform\" width=\"1501\" height=\"1125\" srcset=\"https:\/\/www.econindustries.com\/wp-content\/uploads\/2015\/05\/oil-platform.jpg 1501w, https:\/\/www.econindustries.com\/wp-content\/uploads\/2015\/05\/oil-platform-300x225.jpg 300w, https:\/\/www.econindustries.com\/wp-content\/uploads\/2015\/05\/oil-platform-1024x767.jpg 1024w, https:\/\/www.econindustries.com\/wp-content\/uploads\/2015\/05\/oil-platform-640x480.jpg 640w, https:\/\/www.econindustries.com\/wp-content\/uploads\/2015\/05\/oil-platform-400x300.jpg 400w, https:\/\/www.econindustries.com\/wp-content\/uploads\/2015\/05\/oil-platform-200x150.jpg 200w\" sizes=\"(max-width: 1501px) 100vw, 1501px\" \/><\/p>\n<\/div>\n<\/div>\n<p>In der \u00d6l- und Gasindustrie gibt es breite Anwendungsm\u00f6glichkeiten f\u00fcr unseren VacuDry<sup>\u00ae<\/sup>-Prozess. Eine Vielzahl an Abf\u00e4llen und Nebenprodukten, die in der \u00d6l- und Gasproduktion entstehen, k\u00f6nnen effektiv und nachhaltig behandelt werden.<\/p>\n<p>In den vergangenen Jahrzehnten wurden weltweit zahlreiche thermische Desorptionsprozesse mit einer Vielzahl unterschiedlicher Heizkammer-Designs implementiert, um Kohlenwasserstoffe von mineralischen Feststoffen zu trennen. Gew\u00f6hnliche thermische Desorptionseinheiten (Standard-TDUs) arbeiten unter Atmosph\u00e4rendruck, was zu Sicherheitsrisiken, hohem Energieverbrauch, gr\u00f6\u00dferen Emissionen und begrenzter Flexibilit\u00e4t hinsichtlich sich ver\u00e4ndernder Inputmaterialen f\u00fchren kann. Im VacuDry<sup>\u00ae<\/sup>-Prozess werden die oben beschriebenen Komplikationen aufgrund des einzigartigen Konzepts vermieden. Unser vakuum-thermisches Desorptionsverfahren ist wirtschaftlich unschlagbar, wenn es darum geht, \u00f6l-, quecksilber- oder NORM-haltige Abfallstr\u00f6me zu behandeln und nat\u00fcrlich, um wertvolle Bohrsp\u00fclung aus Bohrklein r\u00fcckzugewinnen.<\/p>\n<div style=\"height:30px\"><\/div>\n<div class=\"row sub_content\">\n<div class=\"ls-col-md-6\">\n<table summary=\"Eckdaten\" class=\"key-facts ls-table-responsive\">\n<colgroup>\n<col width=\"30%\" \/>\n<col width=\"70%\" \/><\/colgroup>\n<tr>\n<td colspan=\"2\"><strong>Eckdaten<\/strong><\/td>\n<\/tr>\n<tr>\n<td>\n<p>Technologie:<\/p>\n<\/td>\n<td>\n<p>VacuDry<sup>\u00ae<\/sup>-Vakuumdestillation<\/p>\n<\/td>\n<\/tr>\n<tr>\n<td>\n<p>Durchsatzleistung:<\/p>\n<\/td>\n<td>\n<p>0,5 \u2013 10 t\/h<\/p>\n<\/td>\n<\/tr>\n<tr>\n<td>\n<p>Inputmaterial:<\/p>\n<\/td>\n<td>\n<p>Bohrklein, Raffinerieabf\u00e4lle, NORM, verbrauchte Katalysatoren, verbrauchte Aktivkohle, kontaminierte B\u00f6den, Tankbodenr\u00fcckst\u00e4nde, Schlamm aus der Abwasserbehandlung, Zentrifugenr\u00fcckst\u00e4nde, Filterkuchen aus Filterpressen, Schlammf\u00e4ngerr\u00fcckst\u00e4nde (mit oder ohne Quecksilberkontamination)<\/p>\n<\/td>\n<\/tr>\n<tr>\n<td>\n<p>W\u00e4rmequelle:<\/p>\n<\/td>\n<td>\n<p>Ca. 300 kW pro Tonne Inputmaterial; Heiz\u00f6l, Diesel, Erdgas, Biokraftstoffe, r\u00fcckgewonnene Mineral\u00f6lfraktion, Strom<\/p>\n<\/td>\n<\/tr>\n<\/table>\n<\/div>\n<div class=\"ls-col-md-6\">\n<h3>Unser Angebot an die \u00d6l- und Gasindustrie:<\/h3>\n<ul>\n<li>Fast 2 Jahrzehnte Erfahrung in der Behandlung von kohlenwasserstoff- und quecksilberhaltigen Abfallstr\u00f6men<\/li>\n<li>Ausarbeitung von Business-Case-Szenarien auf Basis von Pilotversuchen f\u00fcr die on-site-Aufbereitung, sowohl f\u00fcr Dienstleistungsunternehmen als auch f\u00fcr Abfallerzeuger<\/li>\n<li>F&amp;E-Teams auf dem aktuellsten Stand und Projektmanagement-F\u00e4higkeiten auf Expertenniveau, um neue Herausforderungen anzunehmen<\/li>\n<li>Das wirtschaftlichste und flexibelste Anlagendesign: platzsparend, standardisiert oder ma\u00dfgeschneidert<\/li>\n<li>Es stehen modulare, semi-mobile VacuDry<sup>\u00ae<\/sup>-Anlagen ebenso zur Verf\u00fcgung, wie zentrale Abfallaufbereitungszentren<\/li>\n<li>VacuDry<sup>\u00ae<\/sup> erf\u00fcllt alle Designstandards f\u00fcr Raffinerien sowie lokale Arbeitsschutzbestimmungen und das weltweit<\/li>\n<li>Mit unserer on-site-Aufbereitungsoption liegt das nachhaltige, finale Handling der Abf\u00e4lle in den H\u00e4nden des Endkunden<\/li>\n<li>econ industries bietet Unterst\u00fctzung w\u00e4hrend der gesamten Servicekette inklusive Vor-Ort-Schulung und Betrieb der VacuDry<sup>\u00ae<\/sup>-Anlagen<\/li>\n<\/ul>\n<\/div>\n<\/div>\n<p>&nbsp;<\/p>\n","protected":false},"excerpt":{"rendered":"<p>In der \u00d6l- und Gasindustrie gibt es breite Anwendungsm\u00f6glichkeiten f\u00fcr unseren VacuDry\u00ae-Prozess. Eine Vielzahl an Abf\u00e4llen und Nebenprodukten, die in der \u00d6l- und Gasproduktion entstehen, k\u00f6nnen effektiv und nachhaltig behandelt <a class=\"moretag\" href=\"https:\/\/www.econindustries.com\/de\/ls_keyfacts\/industries-oilandgas\">weiterlesen&#8230;<\/a><\/p>\n","protected":false},"author":3,"featured_media":774,"parent":1813,"menu_order":3,"comment_status":"closed","ping_status":"closed","template":"","meta":{"_acf_changed":false,"content-type":"","footnotes":"","_links_to":"","_links_to_target":""},"class_list":["post-1819","page","type-page","status-publish","has-post-thumbnail","hentry"],"acf":[],"yoast_head":"<!-- This site is optimized with the Yoast SEO plugin v27.3 - https:\/\/yoast.com\/product\/yoast-seo-wordpress\/ -->\n<title>\u00d6l und Gas - econ industries services GmbH<\/title>\n<meta name=\"robots\" content=\"index, follow, max-snippet:-1, max-image-preview:large, max-video-preview:-1\" \/>\n<link rel=\"canonical\" href=\"https:\/\/www.econindustries.com\/de\/industries\/oil-gas\" \/>\n<meta property=\"og:locale\" content=\"de_DE\" \/>\n<meta property=\"og:type\" content=\"article\" \/>\n<meta property=\"og:title\" content=\"\u00d6l und Gas - econ industries services GmbH\" \/>\n<meta property=\"og:description\" content=\"In der \u00d6l- und Gasindustrie gibt es breite Anwendungsm\u00f6glichkeiten f\u00fcr unseren VacuDry\u00ae-Prozess. Eine Vielzahl an Abf\u00e4llen und Nebenprodukten, die in der \u00d6l- und Gasproduktion entstehen, k\u00f6nnen effektiv und nachhaltig behandelt weiterlesen...\" \/>\n<meta property=\"og:url\" content=\"https:\/\/www.econindustries.com\/de\/industries\/oil-gas\" \/>\n<meta property=\"og:site_name\" content=\"econ industries services GmbH\" \/>\n<meta property=\"article:publisher\" content=\"https:\/\/www.facebook.com\/econindustries\" \/>\n<meta property=\"article:modified_time\" content=\"2018-04-11T11:56:48+00:00\" \/>\n<meta property=\"og:image\" content=\"https:\/\/www.econindustries.com\/wp-content\/uploads\/2015\/01\/oil-lagoon-remediation.jpg\" \/>\n\t<meta property=\"og:image:width\" content=\"800\" \/>\n\t<meta property=\"og:image:height\" content=\"600\" \/>\n\t<meta property=\"og:image:type\" content=\"image\/jpeg\" \/>\n<meta name=\"twitter:label1\" content=\"Gesch\u00e4tzte Lesezeit\" \/>\n\t<meta name=\"twitter:data1\" content=\"1\u00a0Minute\" \/>\n<script type=\"application\/ld+json\" class=\"yoast-schema-graph\">{\"@context\":\"https:\\\/\\\/schema.org\",\"@graph\":[{\"@type\":\"WebPage\",\"@id\":\"https:\\\/\\\/www.econindustries.com\\\/de\\\/industries\\\/oil-gas\",\"url\":\"https:\\\/\\\/www.econindustries.com\\\/de\\\/industries\\\/oil-gas\",\"name\":\"\u00d6l und Gas - econ industries services GmbH\",\"isPartOf\":{\"@id\":\"https:\\\/\\\/www.econindustries.com\\\/#website\"},\"primaryImageOfPage\":{\"@id\":\"https:\\\/\\\/www.econindustries.com\\\/de\\\/industries\\\/oil-gas#primaryimage\"},\"image\":{\"@id\":\"https:\\\/\\\/www.econindustries.com\\\/de\\\/industries\\\/oil-gas#primaryimage\"},\"thumbnailUrl\":\"https:\\\/\\\/www.econindustries.com\\\/wp-content\\\/uploads\\\/2015\\\/01\\\/oil-lagoon-remediation.jpg\",\"datePublished\":\"2015-03-03T07:43:54+00:00\",\"dateModified\":\"2018-04-11T11:56:48+00:00\",\"breadcrumb\":{\"@id\":\"https:\\\/\\\/www.econindustries.com\\\/de\\\/industries\\\/oil-gas#breadcrumb\"},\"inLanguage\":\"de\",\"potentialAction\":[{\"@type\":\"ReadAction\",\"target\":[\"https:\\\/\\\/www.econindustries.com\\\/de\\\/industries\\\/oil-gas\"]}]},{\"@type\":\"ImageObject\",\"inLanguage\":\"de\",\"@id\":\"https:\\\/\\\/www.econindustries.com\\\/de\\\/industries\\\/oil-gas#primaryimage\",\"url\":\"https:\\\/\\\/www.econindustries.com\\\/wp-content\\\/uploads\\\/2015\\\/01\\\/oil-lagoon-remediation.jpg\",\"contentUrl\":\"https:\\\/\\\/www.econindustries.com\\\/wp-content\\\/uploads\\\/2015\\\/01\\\/oil-lagoon-remediation.jpg\",\"width\":800,\"height\":600,\"caption\":\"oil lagoon\"},{\"@type\":\"BreadcrumbList\",\"@id\":\"https:\\\/\\\/www.econindustries.com\\\/de\\\/industries\\\/oil-gas#breadcrumb\",\"itemListElement\":[{\"@type\":\"ListItem\",\"position\":1,\"name\":\"Home\",\"item\":\"https:\\\/\\\/www.econindustries.com\\\/de\"},{\"@type\":\"ListItem\",\"position\":2,\"name\":\"Branchen\",\"item\":\"https:\\\/\\\/www.econindustries.com\\\/de\\\/industries\"},{\"@type\":\"ListItem\",\"position\":3,\"name\":\"\u00d6l und Gas\"}]},{\"@type\":\"WebSite\",\"@id\":\"https:\\\/\\\/www.econindustries.com\\\/#website\",\"url\":\"https:\\\/\\\/www.econindustries.com\\\/\",\"name\":\"econ industries services GmbH\",\"description\":\"\",\"potentialAction\":[{\"@type\":\"SearchAction\",\"target\":{\"@type\":\"EntryPoint\",\"urlTemplate\":\"https:\\\/\\\/www.econindustries.com\\\/?s={search_term_string}\"},\"query-input\":{\"@type\":\"PropertyValueSpecification\",\"valueRequired\":true,\"valueName\":\"search_term_string\"}}],\"inLanguage\":\"de\"}]}<\/script>\n<!-- \/ Yoast SEO plugin. -->","yoast_head_json":{"title":"\u00d6l und Gas - econ industries services GmbH","robots":{"index":"index","follow":"follow","max-snippet":"max-snippet:-1","max-image-preview":"max-image-preview:large","max-video-preview":"max-video-preview:-1"},"canonical":"https:\/\/www.econindustries.com\/de\/industries\/oil-gas","og_locale":"de_DE","og_type":"article","og_title":"\u00d6l und Gas - econ industries services GmbH","og_description":"In der \u00d6l- und Gasindustrie gibt es breite Anwendungsm\u00f6glichkeiten f\u00fcr unseren VacuDry\u00ae-Prozess. Eine Vielzahl an Abf\u00e4llen und Nebenprodukten, die in der \u00d6l- und Gasproduktion entstehen, k\u00f6nnen effektiv und nachhaltig behandelt weiterlesen...","og_url":"https:\/\/www.econindustries.com\/de\/industries\/oil-gas","og_site_name":"econ industries services GmbH","article_publisher":"https:\/\/www.facebook.com\/econindustries","article_modified_time":"2018-04-11T11:56:48+00:00","og_image":[{"width":800,"height":600,"url":"https:\/\/www.econindustries.com\/wp-content\/uploads\/2015\/01\/oil-lagoon-remediation.jpg","type":"image\/jpeg"}],"twitter_misc":{"Gesch\u00e4tzte Lesezeit":"1\u00a0Minute"},"schema":{"@context":"https:\/\/schema.org","@graph":[{"@type":"WebPage","@id":"https:\/\/www.econindustries.com\/de\/industries\/oil-gas","url":"https:\/\/www.econindustries.com\/de\/industries\/oil-gas","name":"\u00d6l und Gas - econ industries services GmbH","isPartOf":{"@id":"https:\/\/www.econindustries.com\/#website"},"primaryImageOfPage":{"@id":"https:\/\/www.econindustries.com\/de\/industries\/oil-gas#primaryimage"},"image":{"@id":"https:\/\/www.econindustries.com\/de\/industries\/oil-gas#primaryimage"},"thumbnailUrl":"https:\/\/www.econindustries.com\/wp-content\/uploads\/2015\/01\/oil-lagoon-remediation.jpg","datePublished":"2015-03-03T07:43:54+00:00","dateModified":"2018-04-11T11:56:48+00:00","breadcrumb":{"@id":"https:\/\/www.econindustries.com\/de\/industries\/oil-gas#breadcrumb"},"inLanguage":"de","potentialAction":[{"@type":"ReadAction","target":["https:\/\/www.econindustries.com\/de\/industries\/oil-gas"]}]},{"@type":"ImageObject","inLanguage":"de","@id":"https:\/\/www.econindustries.com\/de\/industries\/oil-gas#primaryimage","url":"https:\/\/www.econindustries.com\/wp-content\/uploads\/2015\/01\/oil-lagoon-remediation.jpg","contentUrl":"https:\/\/www.econindustries.com\/wp-content\/uploads\/2015\/01\/oil-lagoon-remediation.jpg","width":800,"height":600,"caption":"oil lagoon"},{"@type":"BreadcrumbList","@id":"https:\/\/www.econindustries.com\/de\/industries\/oil-gas#breadcrumb","itemListElement":[{"@type":"ListItem","position":1,"name":"Home","item":"https:\/\/www.econindustries.com\/de"},{"@type":"ListItem","position":2,"name":"Branchen","item":"https:\/\/www.econindustries.com\/de\/industries"},{"@type":"ListItem","position":3,"name":"\u00d6l und Gas"}]},{"@type":"WebSite","@id":"https:\/\/www.econindustries.com\/#website","url":"https:\/\/www.econindustries.com\/","name":"econ industries services GmbH","description":"","potentialAction":[{"@type":"SearchAction","target":{"@type":"EntryPoint","urlTemplate":"https:\/\/www.econindustries.com\/?s={search_term_string}"},"query-input":{"@type":"PropertyValueSpecification","valueRequired":true,"valueName":"search_term_string"}}],"inLanguage":"de"}]}},"_links":{"self":[{"href":"https:\/\/www.econindustries.com\/de\/wp-json\/wp\/v2\/pages\/1819","targetHints":{"allow":["GET"]}}],"collection":[{"href":"https:\/\/www.econindustries.com\/de\/wp-json\/wp\/v2\/pages"}],"about":[{"href":"https:\/\/www.econindustries.com\/de\/wp-json\/wp\/v2\/types\/page"}],"author":[{"embeddable":true,"href":"https:\/\/www.econindustries.com\/de\/wp-json\/wp\/v2\/users\/3"}],"replies":[{"embeddable":true,"href":"https:\/\/www.econindustries.com\/de\/wp-json\/wp\/v2\/comments?post=1819"}],"version-history":[{"count":6,"href":"https:\/\/www.econindustries.com\/de\/wp-json\/wp\/v2\/pages\/1819\/revisions"}],"predecessor-version":[{"id":2756,"href":"https:\/\/www.econindustries.com\/de\/wp-json\/wp\/v2\/pages\/1819\/revisions\/2756"}],"up":[{"embeddable":true,"href":"https:\/\/www.econindustries.com\/de\/wp-json\/wp\/v2\/pages\/1813"}],"wp:featuredmedia":[{"embeddable":true,"href":"https:\/\/www.econindustries.com\/de\/wp-json\/wp\/v2\/media\/774"}],"wp:attachment":[{"href":"https:\/\/www.econindustries.com\/de\/wp-json\/wp\/v2\/media?parent=1819"}],"curies":[{"name":"wp","href":"https:\/\/api.w.org\/{rel}","templated":true}]}}