	{"id":1810,"date":"2015-01-30T12:57:22","date_gmt":"2015-01-30T10:57:22","guid":{"rendered":"http:\/\/www.econ.industries\/de\/technology\/rent-a-vacudry"},"modified":"2016-04-01T13:15:48","modified_gmt":"2016-04-01T11:15:48","slug":"rent-a-vacudry","status":"publish","type":"page","link":"https:\/\/www.econindustries.com\/de\/technology-2\/vacudry-3\/rent-a-vacudry","title":{"rendered":"Rent a VacuDry<sup>\u00ae<\/sup>"},"content":{"rendered":"<div class=\"row sub_content\">\n<div class=\"ls-col-md-6\">\n<p><img loading=\"lazy\" decoding=\"async\" class=\"alignnone wp-image-1245 size-size-640x400\" src=\"https:\/\/www.econindustries.com\/wp-content\/uploads\/2015\/04\/rent-vacudry-truck-e1432117338575-640x400.jpg\" alt=\"\" width=\"640\" height=\"400\" \/><\/p>\n<\/div>\n<div class=\"ls-col-md-6\">\n<p><img loading=\"lazy\" decoding=\"async\" class=\"alignnone wp-image-721 size-size-640x400\" src=\"https:\/\/www.econindustries.com\/wp-content\/uploads\/2015\/01\/rent-vacudry-soil-remediation-640x400.jpg\" alt=\"Rent a VacuDry - mobile unit\" width=\"640\" height=\"400\" \/><\/p>\n<\/div>\n<\/div>\n<div class=\"row sub_content\">\n<div class=\"ls-col-md-6\">\n<p>Um die Anforderungen unserer Kunden zu erf\u00fcllen und die Verantwortung f\u00fcr den Anlagenbetrieb zu teilen, haben wir einen Verleih- und Betriebsservice f\u00fcr VacuDry<sup>\u00ae<\/sup> gestartet. Damit hat econ den Grundstein f\u00fcr langfristige Partnerschaften gelegt, die alle Projektphasen abdecken. Heute bieten wir eine breite Palette an Dienstleistungen: von der Anlagenvermietung bis zum &#8222;Rundum-Sorglos-Paket&#8220;. Bei Letzterem \u00fcbernimmt econ industries den gesamten Betrieb und die Wartung der VacuDry<sup>\u00ae<\/sup>-Anlagen in enger Zusammenarbeit mit Partnern vor Ort. Wir finden die passende L\u00f6sung f\u00fcr Ihre speziellen Bed\u00fcrfnisse. Sprechen Sie uns an.<\/p>\n<div style=\"height:20px\"><\/div>\n<h3>Die gr\u00f6\u00dften Vorteile:<\/h3>\n<ul>\n<li>Geringe Anfangsinvestition &#8211; Sie zahlen lediglich eine monatliche Miete w\u00e4hrend Sie mit der VacuDry<sup>\u00ae<\/sup>-Anlage Geld verdienen<\/li>\n<li>Niedriges operationelles und finanzielle Risiko &#8211; fortlaufende, verl\u00e4ssliche \u00dcberwachung durch econ industries<\/li>\n<li>Bleiben Sie flexibel &#8211; keine Kapitalbindung f\u00fcr tempor\u00e4re Projekte<\/li>\n<li>Individuelle technische und wirtschaftliche L\u00f6sungen &#8211; zugeschnitten auf spezielle Kundenbed\u00fcrfnisse<\/li>\n<\/ul>\n<\/div>\n<div class=\"ls-col-md-6\">\n<table summary=\"Eckdaten\" class=\"key-facts ls-table-responsive\">\n<colgroup>\n<col width=\"30%\" \/>\n<col width=\"70%\" \/><\/colgroup>\n<tr>\n<td colspan=\"2\"><strong>Eckdaten<\/strong><\/td>\n<\/tr>\n<tr>\n<td>\n<p>Betriebsvarianten:<\/p>\n<\/td>\n<td>\n<p>\u2022 Reine Vermietung der Anlagen<br \/>\n\u2022 Vermietung der Anlagen und kontinuierliche \u00dcberwachung durch econ industries<br \/>\n\u2022 Der Kunde und econ industries betreiben das gesamte Projekt gemeinsam<\/p>\n<\/td>\n<\/tr>\n<tr>\n<td>\n<p>Was kann gemietet werden:<\/p>\n<\/td>\n<td>\n<p>VacuDry<sup>\u00ae<\/sup>-Anlagen inklusive Transport, Inbetriebnahme und Zubeh\u00f6r<\/p>\n<\/td>\n<\/tr>\n<tr>\n<td>\n<p>Durchsatzleistung:<\/p>\n<\/td>\n<td>\n<p>Zwischen 0,5 und 10 t\/h je nach VacuDry<sup>\u00ae<\/sup>-Anlage und Input-Material<\/p>\n<\/td>\n<\/tr>\n<tr>\n<td>\n<p>Mindestmietdauer:<\/p>\n<\/td>\n<td>\n<p>2 Jahre<\/p>\n<\/td>\n<\/tr>\n<tr>\n<td>\n<p>Wo:<\/p>\n<\/td>\n<td>\n<p>Weltweit<\/p>\n<\/td>\n<\/tr>\n<tr>\n<td>\n<p>Zielbranchen:<\/p>\n<\/td>\n<td>\n<p>\u2022 \u00d6l- und Gasindustrie<br \/>\n\u2022 Bodensanierung<br \/>\n\u2022 Quecksilberentsorgung<\/p>\n<\/td>\n<\/tr>\n<\/table>\n<\/div>\n<\/div>\n<p>&nbsp;<\/p>\n","protected":false},"excerpt":{"rendered":"<p>&nbsp;<\/p>\n","protected":false},"author":1,"featured_media":4930,"parent":3260,"menu_order":58,"comment_status":"closed","ping_status":"closed","template":"","meta":{"_acf_changed":false,"content-type":"","footnotes":"","_links_to":"","_links_to_target":""},"class_list":["post-1810","page","type-page","status-publish","has-post-thumbnail","hentry"],"acf":[],"yoast_head":"<!-- This site is optimized with the Yoast SEO plugin v27.3 - https:\/\/yoast.com\/product\/yoast-seo-wordpress\/ -->\n<title>Rent a VacuDry\u00ae - econ industries services GmbH<\/title>\n<meta name=\"robots\" content=\"index, follow, max-snippet:-1, max-image-preview:large, max-video-preview:-1\" \/>\n<link rel=\"canonical\" href=\"https:\/\/www.econindustries.com\/de\/technology-2\/vacudry-3\/rent-a-vacudry\" \/>\n<meta property=\"og:locale\" content=\"de_DE\" \/>\n<meta property=\"og:type\" content=\"article\" \/>\n<meta property=\"og:title\" content=\"Rent a VacuDry\u00ae - econ industries services GmbH\" \/>\n<meta property=\"og:description\" content=\"&nbsp;\" \/>\n<meta property=\"og:url\" content=\"https:\/\/www.econindustries.com\/de\/technology-2\/vacudry-3\/rent-a-vacudry\" \/>\n<meta property=\"og:site_name\" content=\"econ industries services GmbH\" \/>\n<meta property=\"article:publisher\" content=\"https:\/\/www.facebook.com\/econindustries\" \/>\n<meta property=\"article:modified_time\" content=\"2016-04-01T11:15:48+00:00\" \/>\n<meta property=\"og:image\" content=\"https:\/\/www.econindustries.com\/wp-content\/uploads\/2015\/01\/assambly-vacudry-oilwaste.jpg\" \/>\n\t<meta property=\"og:image:width\" content=\"1024\" \/>\n\t<meta property=\"og:image:height\" content=\"768\" \/>\n\t<meta property=\"og:image:type\" content=\"image\/jpeg\" \/>\n<meta name=\"twitter:label1\" content=\"Gesch\u00e4tzte Lesezeit\" \/>\n\t<meta name=\"twitter:data1\" content=\"1\u00a0Minute\" \/>\n<script type=\"application\/ld+json\" class=\"yoast-schema-graph\">{\"@context\":\"https:\\\/\\\/schema.org\",\"@graph\":[{\"@type\":\"WebPage\",\"@id\":\"https:\\\/\\\/www.econindustries.com\\\/de\\\/technology-2\\\/vacudry-3\\\/rent-a-vacudry\",\"url\":\"https:\\\/\\\/www.econindustries.com\\\/de\\\/technology-2\\\/vacudry-3\\\/rent-a-vacudry\",\"name\":\"Rent a VacuDry\u00ae - econ industries services GmbH\",\"isPartOf\":{\"@id\":\"https:\\\/\\\/www.econindustries.com\\\/#website\"},\"primaryImageOfPage\":{\"@id\":\"https:\\\/\\\/www.econindustries.com\\\/de\\\/technology-2\\\/vacudry-3\\\/rent-a-vacudry#primaryimage\"},\"image\":{\"@id\":\"https:\\\/\\\/www.econindustries.com\\\/de\\\/technology-2\\\/vacudry-3\\\/rent-a-vacudry#primaryimage\"},\"thumbnailUrl\":\"https:\\\/\\\/www.econindustries.com\\\/wp-content\\\/uploads\\\/2015\\\/01\\\/assambly-vacudry-oilwaste.jpg\",\"datePublished\":\"2015-01-30T10:57:22+00:00\",\"dateModified\":\"2016-04-01T11:15:48+00:00\",\"breadcrumb\":{\"@id\":\"https:\\\/\\\/www.econindustries.com\\\/de\\\/technology-2\\\/vacudry-3\\\/rent-a-vacudry#breadcrumb\"},\"inLanguage\":\"de\",\"potentialAction\":[{\"@type\":\"ReadAction\",\"target\":[\"https:\\\/\\\/www.econindustries.com\\\/de\\\/technology-2\\\/vacudry-3\\\/rent-a-vacudry\"]}]},{\"@type\":\"ImageObject\",\"inLanguage\":\"de\",\"@id\":\"https:\\\/\\\/www.econindustries.com\\\/de\\\/technology-2\\\/vacudry-3\\\/rent-a-vacudry#primaryimage\",\"url\":\"https:\\\/\\\/www.econindustries.com\\\/wp-content\\\/uploads\\\/2015\\\/01\\\/assambly-vacudry-oilwaste.jpg\",\"contentUrl\":\"https:\\\/\\\/www.econindustries.com\\\/wp-content\\\/uploads\\\/2015\\\/01\\\/assambly-vacudry-oilwaste.jpg\",\"width\":1024,\"height\":768,\"caption\":\"Assambly VacuDry\u00ae for oily waste\"},{\"@type\":\"BreadcrumbList\",\"@id\":\"https:\\\/\\\/www.econindustries.com\\\/de\\\/technology-2\\\/vacudry-3\\\/rent-a-vacudry#breadcrumb\",\"itemListElement\":[{\"@type\":\"ListItem\",\"position\":1,\"name\":\"Home\",\"item\":\"https:\\\/\\\/www.econindustries.com\\\/de\"},{\"@type\":\"ListItem\",\"position\":2,\"name\":\"Technologie\",\"item\":\"https:\\\/\\\/www.econindustries.com\\\/de\\\/technology-2\"},{\"@type\":\"ListItem\",\"position\":3,\"name\":\"VacuDry\u00ae\",\"item\":\"https:\\\/\\\/www.econindustries.com\\\/de\\\/technology-2\\\/vacudry-3\"},{\"@type\":\"ListItem\",\"position\":4,\"name\":\"Rent a VacuDry\u00ae\"}]},{\"@type\":\"WebSite\",\"@id\":\"https:\\\/\\\/www.econindustries.com\\\/#website\",\"url\":\"https:\\\/\\\/www.econindustries.com\\\/\",\"name\":\"econ industries services GmbH\",\"description\":\"\",\"potentialAction\":[{\"@type\":\"SearchAction\",\"target\":{\"@type\":\"EntryPoint\",\"urlTemplate\":\"https:\\\/\\\/www.econindustries.com\\\/?s={search_term_string}\"},\"query-input\":{\"@type\":\"PropertyValueSpecification\",\"valueRequired\":true,\"valueName\":\"search_term_string\"}}],\"inLanguage\":\"de\"}]}<\/script>\n<!-- \/ Yoast SEO plugin. -->","yoast_head_json":{"title":"Rent a VacuDry\u00ae - econ industries services GmbH","robots":{"index":"index","follow":"follow","max-snippet":"max-snippet:-1","max-image-preview":"max-image-preview:large","max-video-preview":"max-video-preview:-1"},"canonical":"https:\/\/www.econindustries.com\/de\/technology-2\/vacudry-3\/rent-a-vacudry","og_locale":"de_DE","og_type":"article","og_title":"Rent a VacuDry\u00ae - econ industries services GmbH","og_description":"&nbsp;","og_url":"https:\/\/www.econindustries.com\/de\/technology-2\/vacudry-3\/rent-a-vacudry","og_site_name":"econ industries services GmbH","article_publisher":"https:\/\/www.facebook.com\/econindustries","article_modified_time":"2016-04-01T11:15:48+00:00","og_image":[{"width":1024,"height":768,"url":"https:\/\/www.econindustries.com\/wp-content\/uploads\/2015\/01\/assambly-vacudry-oilwaste.jpg","type":"image\/jpeg"}],"twitter_misc":{"Gesch\u00e4tzte Lesezeit":"1\u00a0Minute"},"schema":{"@context":"https:\/\/schema.org","@graph":[{"@type":"WebPage","@id":"https:\/\/www.econindustries.com\/de\/technology-2\/vacudry-3\/rent-a-vacudry","url":"https:\/\/www.econindustries.com\/de\/technology-2\/vacudry-3\/rent-a-vacudry","name":"Rent a VacuDry\u00ae - econ industries services GmbH","isPartOf":{"@id":"https:\/\/www.econindustries.com\/#website"},"primaryImageOfPage":{"@id":"https:\/\/www.econindustries.com\/de\/technology-2\/vacudry-3\/rent-a-vacudry#primaryimage"},"image":{"@id":"https:\/\/www.econindustries.com\/de\/technology-2\/vacudry-3\/rent-a-vacudry#primaryimage"},"thumbnailUrl":"https:\/\/www.econindustries.com\/wp-content\/uploads\/2015\/01\/assambly-vacudry-oilwaste.jpg","datePublished":"2015-01-30T10:57:22+00:00","dateModified":"2016-04-01T11:15:48+00:00","breadcrumb":{"@id":"https:\/\/www.econindustries.com\/de\/technology-2\/vacudry-3\/rent-a-vacudry#breadcrumb"},"inLanguage":"de","potentialAction":[{"@type":"ReadAction","target":["https:\/\/www.econindustries.com\/de\/technology-2\/vacudry-3\/rent-a-vacudry"]}]},{"@type":"ImageObject","inLanguage":"de","@id":"https:\/\/www.econindustries.com\/de\/technology-2\/vacudry-3\/rent-a-vacudry#primaryimage","url":"https:\/\/www.econindustries.com\/wp-content\/uploads\/2015\/01\/assambly-vacudry-oilwaste.jpg","contentUrl":"https:\/\/www.econindustries.com\/wp-content\/uploads\/2015\/01\/assambly-vacudry-oilwaste.jpg","width":1024,"height":768,"caption":"Assambly VacuDry\u00ae for oily waste"},{"@type":"BreadcrumbList","@id":"https:\/\/www.econindustries.com\/de\/technology-2\/vacudry-3\/rent-a-vacudry#breadcrumb","itemListElement":[{"@type":"ListItem","position":1,"name":"Home","item":"https:\/\/www.econindustries.com\/de"},{"@type":"ListItem","position":2,"name":"Technologie","item":"https:\/\/www.econindustries.com\/de\/technology-2"},{"@type":"ListItem","position":3,"name":"VacuDry\u00ae","item":"https:\/\/www.econindustries.com\/de\/technology-2\/vacudry-3"},{"@type":"ListItem","position":4,"name":"Rent a VacuDry\u00ae"}]},{"@type":"WebSite","@id":"https:\/\/www.econindustries.com\/#website","url":"https:\/\/www.econindustries.com\/","name":"econ industries services GmbH","description":"","potentialAction":[{"@type":"SearchAction","target":{"@type":"EntryPoint","urlTemplate":"https:\/\/www.econindustries.com\/?s={search_term_string}"},"query-input":{"@type":"PropertyValueSpecification","valueRequired":true,"valueName":"search_term_string"}}],"inLanguage":"de"}]}},"_links":{"self":[{"href":"https:\/\/www.econindustries.com\/de\/wp-json\/wp\/v2\/pages\/1810","targetHints":{"allow":["GET"]}}],"collection":[{"href":"https:\/\/www.econindustries.com\/de\/wp-json\/wp\/v2\/pages"}],"about":[{"href":"https:\/\/www.econindustries.com\/de\/wp-json\/wp\/v2\/types\/page"}],"author":[{"embeddable":true,"href":"https:\/\/www.econindustries.com\/de\/wp-json\/wp\/v2\/users\/1"}],"replies":[{"embeddable":true,"href":"https:\/\/www.econindustries.com\/de\/wp-json\/wp\/v2\/comments?post=1810"}],"version-history":[{"count":8,"href":"https:\/\/www.econindustries.com\/de\/wp-json\/wp\/v2\/pages\/1810\/revisions"}],"predecessor-version":[{"id":2301,"href":"https:\/\/www.econindustries.com\/de\/wp-json\/wp\/v2\/pages\/1810\/revisions\/2301"}],"up":[{"embeddable":true,"href":"https:\/\/www.econindustries.com\/de\/wp-json\/wp\/v2\/pages\/3260"}],"wp:featuredmedia":[{"embeddable":true,"href":"https:\/\/www.econindustries.com\/de\/wp-json\/wp\/v2\/media\/4930"}],"wp:attachment":[{"href":"https:\/\/www.econindustries.com\/de\/wp-json\/wp\/v2\/media?parent=1810"}],"curies":[{"name":"wp","href":"https:\/\/api.w.org\/{rel}","templated":true}]}}