	{"id":1779,"date":"2018-03-14T17:20:22","date_gmt":"2018-03-14T16:20:22","guid":{"rendered":"http:\/\/www.econ.industries\/de\/technology\/mercury-waste-treatment-centre"},"modified":"2024-05-03T10:09:48","modified_gmt":"2024-05-03T08:09:48","slug":"mercury-waste-treatment-centre-2","status":"publish","type":"page","link":"https:\/\/www.econindustries.com\/de\/technology-2\/vacudry-3\/mercury-waste-treatment-centre-2","title":{"rendered":"Quecksilber-L\u00f6sung"},"content":{"rendered":"<div class=\"row sub_content\">\n<div class=\"ls-col-md-4\">\n<p><img loading=\"lazy\" decoding=\"async\" class=\"alignnone wp-image-619 size-size-640x480\" src=\"https:\/\/www.econindustries.com\/wp-content\/uploads\/2015\/01\/mercury-recovery-plant1-640x480.jpg\" alt=\"Mercury recovery from wastes with VacuDry\u00ae\" width=\"640\" height=\"480\" srcset=\"https:\/\/www.econindustries.com\/wp-content\/uploads\/2015\/01\/mercury-recovery-plant1-640x480.jpg 640w, https:\/\/www.econindustries.com\/wp-content\/uploads\/2015\/01\/mercury-recovery-plant1-300x225.jpg 300w, https:\/\/www.econindustries.com\/wp-content\/uploads\/2015\/01\/mercury-recovery-plant1-400x300.jpg 400w\" sizes=\"(max-width: 640px) 100vw, 640px\" \/><\/p>\n<\/div>\n<div class=\"ls-col-md-4\">\n<p><a href=\"https:\/\/www.econindustries.com\/wp-content\/uploads\/2015\/01\/mercury-waste-recovery.jpg\"><img loading=\"lazy\" decoding=\"async\" class=\"alignnone wp-image-889 size-size-640x480\" src=\"https:\/\/www.econindustries.com\/wp-content\/uploads\/2015\/01\/mercury-waste-recovery-640x480.jpg\" alt=\"\" width=\"640\" height=\"480\" srcset=\"https:\/\/www.econindustries.com\/wp-content\/uploads\/2015\/01\/mercury-waste-recovery-640x480.jpg 640w, https:\/\/www.econindustries.com\/wp-content\/uploads\/2015\/01\/mercury-waste-recovery-300x225.jpg 300w, https:\/\/www.econindustries.com\/wp-content\/uploads\/2015\/01\/mercury-waste-recovery-400x300.jpg 400w\" sizes=\"(max-width: 640px) 100vw, 640px\" \/><\/a><\/p>\n<\/div>\n<div class=\"ls-col-md-4\">\n<p><img loading=\"lazy\" decoding=\"async\" class=\"alignnone wp-image-626 size-size-640x480\" src=\"https:\/\/www.econindustries.com\/wp-content\/uploads\/2015\/01\/solidification-mercury-waste-640x480.jpg\" alt=\"mercury recovery from wastes with VacuDry\u00ae\" width=\"640\" height=\"480\" srcset=\"https:\/\/www.econindustries.com\/wp-content\/uploads\/2015\/01\/solidification-mercury-waste-640x480.jpg 640w, https:\/\/www.econindustries.com\/wp-content\/uploads\/2015\/01\/solidification-mercury-waste-300x225.jpg 300w, https:\/\/www.econindustries.com\/wp-content\/uploads\/2015\/01\/solidification-mercury-waste-400x300.jpg 400w\" sizes=\"(max-width: 640px) 100vw, 640px\" \/><\/p>\n<\/div>\n<\/div>\n<div class=\"row sub_content\">\n<div class=\"ls-col-md-6\">\n<p>econ industries betreibt als einziges Unternehmen weltweit ein Zentrum zur Aufbereitung aller Arten quecksilberhaltiger Abf\u00e4lle im industriellen Ma\u00dfstab. Dabei setzt econ ausschlie\u00dflich auf die sichersten und umweltfreundlichsten Technologien, die verf\u00fcgbar sind. Dank unserer Anlagen und unseres technischen Wissens sind wir in der Lage, Quecksilber sicher aus den Abf\u00e4llen zu entfernen und, falls erforderlich, das reine Quecksilber f\u00fcr die sichere Endlagerung zu stabilisieren.<\/p>\n<div style=\"height:15px\"><\/div>\n<h3>Die gr\u00f6\u00dften Vorteile<\/h3>\n<ul>\n<li>Hohe Flexibilit\u00e4t &#8211; Jeder quecksilberhaltige Abfallstrom kann behandelt werden<\/li>\n<li>Sicherste Technologie &#8211; Durch geschlossenes Vakuumsystem<\/li>\n<li>Bew\u00e4hrte Technik &#8211; Weltmarktf\u00fchrer im Bereich Quecksilberrecycling<\/li>\n<li>Schl\u00fcsselfertige L\u00f6sung &#8211; Gesamter Prozess einschlie\u00dflich Materialhandling und Sicherheitsregularien<\/li>\n<\/ul>\n<\/div>\n<div class=\"ls-col-md-6\">\n<table summary=\"Eckdaten\" class=\"key-facts ls-table-responsive\">\n<colgroup>\n<col width=\"30%\" \/>\n<col width=\"70%\" \/><\/colgroup>\n<tr>\n<td colspan=\"2\"><strong>Eckdaten<\/strong><\/td>\n<\/tr>\n<tr>\n<td>\n<p>Typische Durchsatzleistung:<\/p>\n<\/td>\n<td>\n<p>0.1 &#8211; 5 t\/h<\/p>\n<\/td>\n<\/tr>\n<tr>\n<td>\n<p>Inputmaterial:<\/p>\n<\/td>\n<td>\n<p>Alle Abfallstr\u00f6me, die Quecksilber oder Quecksilberverbindungen enthalten<br \/>\nz.B. Katalysatoren<br \/>\nBohrklein<br \/>\nquecksilberhaltige Schl\u00e4mme<br \/>\nreines Quecksilber (zur Stabilisierung)<br \/>\nquecksilberhaltige NORM-Abf\u00e4lle<\/p>\n<\/td>\n<\/tr>\n<tr>\n<td>\n<p>Anlagendesign:<\/p>\n<\/td>\n<td>\n<p>Station\u00e4re oder mobile Einheiten (Rent a VacuDry<sup>\u00ae<\/sup>)<\/p>\n<\/td>\n<\/tr>\n<tr>\n<td>\n<p>Lieferumfang:<\/p>\n<\/td>\n<td>\n<p>Schl\u00fcsselfertige Anlage; \u00dcberwachung von organisatorischem Ablauf und kompletten Projektzyklus; Beratung zu Genehmigungsverfahren, Abfallbehandlung und Arbeitsabl\u00e4ufen<\/p>\n<\/td>\n<\/tr>\n<\/table>\n<\/div>\n<\/div>\n<h3>econ industries Hg Zentren bestehen aus den folgenden drei Hauptkomponenten:<\/h3>\n<ol>\n<li>econ VacuDry<sup>\u00ae<\/sup>-Vakuumdestillationsanlage: Die Aufbereitung mit VacuDry<sup>\u00ae<\/sup> basiert auf einem speziell entwickelten Vakuumdestillationsverfahren. Das Inputmaterial wird kontinuierlich zugef\u00fchrt, dabei erhitzt und einem kontrollierten Vakuum ausgesetzt. Dabei verdampfen Wasser, Kohlenwasserstoffe und Quecksilber. Die Anlage kann f\u00fcr alle Abfallstr\u00f6me eingesetzt werden, die metallisches Quecksilber und Quecksilberverbindungen mit einem Siedepunkt von bis zu 450 \u00b0C enthalten. Typische Abfallstr\u00f6me sind: NORM-Abfall, Bohrklein, Filterkuchen, mit Quecksilber verunreinigte B\u00f6den, Bauschutt, Katalysatoren (Vorbehandlung) und Schl\u00e4mme.<\/li>\n<li>econ Hochtemperatur-Aufbereitungseinheit (HTTU): Mit dieser Anlage k\u00f6nnen Katalysatoren aus der \u00d6l- und Gasindustrie, Aktivkohle und alle mit Quecksilbersulfid (HgS) oder Quecksilber (I\/II) -Chlorid (MgCl2) belasteten Abf\u00e4lle aufbereitet werden. Die econ HTTU kommt als zweiter Aufbereitungsschritt zum Einsatz. Im Hochtemperatur-Oxidationsverfahren (R\u00f6sten) wird das Material unter Sauerstoffatmosph\u00e4re und kontinuierlichem Mischen auf 900 \u00b0C erhitzt. W\u00e4hrend dieses Schritts werden HgS und MgCl2 aufgespalten. Quecksilber, Chlor und Schwefel verdampfen und k\u00f6nnen anschlie\u00dfend im Abgasbehandlungssystem sicher zur\u00fcckgewonnen werden. Durch die Vorbehandlung des Abfalls in der VacuDry<sup>\u00ae<\/sup>-Anlage wird die Menge des Abgases und damit die Dimension des Abgasbehandlungssystems wesentlich kleiner als beim HTTU Verfahren allein. Da alle fl\u00fcchtigen Kohlenwasserstoffe vor der HTTU-Aufbereitung entfernt wurden, ist der Prozess vollst\u00e4ndig kontrollierbar und erlaubt so eine sichere und wirksame Aufbereitung.<\/li>\n<li>econ Quecksilber-Stabilisierungseinheit (VaCure): Das Quecksilber aus VacuDry<sup>\u00ae<\/sup> und HTTU wird durch Kondensation in hoher Reinheit (&gt; 99%) r\u00fcckgewonnen. Je nach gesetzlichen Anforderungen kann dieses Quecksilber entweder recycelt und erneut dem industriellen Stoffkreislauf zugef\u00fchrt oder f\u00fcr eine sichere Entsorgung stabilisiert werden. Im Falle einer Stabilisierung wird das Quecksilber in roten Zinnober (HgS) umgewandelt &#8211; die stabilste, nicht-toxische Quecksilberverbindung. F\u00fcr diese Stabilisierung steht der komplett gekapselte VaCure-Prozess zur Verf\u00fcgung.<\/li>\n<\/ol>\n<p>&nbsp;<\/p>\n","protected":false},"excerpt":{"rendered":"<p>econ industries Hg Zentren bestehen aus den folgenden drei Hauptkomponenten: econ VacuDry\u00ae-Vakuumdestillationsanlage: Die Aufbereitung mit VacuDry\u00ae basiert auf einem speziell entwickelten Vakuumdestillationsverfahren. Das Inputmaterial wird kontinuierlich zugef\u00fchrt, dabei erhitzt und <a class=\"moretag\" href=\"https:\/\/www.econindustries.com\/de\/ls_keyfacts\/technology-mwtc\">weiterlesen&#8230;<\/a><\/p>\n","protected":false},"author":1,"featured_media":3207,"parent":3260,"menu_order":33,"comment_status":"closed","ping_status":"closed","template":"","meta":{"_acf_changed":false,"content-type":"","footnotes":"","_links_to":"","_links_to_target":""},"class_list":["post-1779","page","type-page","status-publish","has-post-thumbnail","hentry"],"acf":[],"yoast_head":"<!-- This site is optimized with the Yoast SEO plugin v27.3 - https:\/\/yoast.com\/product\/yoast-seo-wordpress\/ -->\n<title>Aufbereitungszentrum f\u00fcr quecksilberhaltige Abf\u00e4lle - econ industries<\/title>\n<meta name=\"robots\" content=\"index, follow, max-snippet:-1, max-image-preview:large, max-video-preview:-1\" \/>\n<link rel=\"canonical\" href=\"https:\/\/www.econindustries.com\/de\/technology-2\/vacudry-3\/mercury-waste-treatment-centre-2\" \/>\n<meta property=\"og:locale\" content=\"de_DE\" \/>\n<meta property=\"og:type\" content=\"article\" \/>\n<meta property=\"og:title\" content=\"Aufbereitungszentrum f\u00fcr quecksilberhaltige Abf\u00e4lle - econ industries\" \/>\n<meta property=\"og:description\" content=\"econ industries Hg Zentren bestehen aus den folgenden drei Hauptkomponenten: econ VacuDry\u00ae-Vakuumdestillationsanlage: Die Aufbereitung mit VacuDry\u00ae basiert auf einem speziell entwickelten Vakuumdestillationsverfahren. Das Inputmaterial wird kontinuierlich zugef\u00fchrt, dabei erhitzt und weiterlesen...\" \/>\n<meta property=\"og:url\" content=\"https:\/\/www.econindustries.com\/de\/technology-2\/vacudry-3\/mercury-waste-treatment-centre-2\" \/>\n<meta property=\"og:site_name\" content=\"econ industries services GmbH\" \/>\n<meta property=\"article:publisher\" content=\"https:\/\/www.facebook.com\/econindustries\" \/>\n<meta property=\"article:modified_time\" content=\"2024-05-03T08:09:48+00:00\" \/>\n<meta property=\"og:image\" content=\"https:\/\/www.econindustries.com\/wp-content\/uploads\/2018\/11\/Plant_Germany_View_01.jpg\" \/>\n\t<meta property=\"og:image:width\" content=\"873\" \/>\n\t<meta property=\"og:image:height\" content=\"590\" \/>\n\t<meta property=\"og:image:type\" content=\"image\/jpeg\" \/>\n<meta name=\"twitter:label1\" content=\"Gesch\u00e4tzte Lesezeit\" \/>\n\t<meta name=\"twitter:data1\" content=\"3\u00a0Minuten\" \/>\n<script type=\"application\/ld+json\" class=\"yoast-schema-graph\">{\"@context\":\"https:\\\/\\\/schema.org\",\"@graph\":[{\"@type\":\"WebPage\",\"@id\":\"https:\\\/\\\/www.econindustries.com\\\/de\\\/technology-2\\\/vacudry-3\\\/mercury-waste-treatment-centre-2\",\"url\":\"https:\\\/\\\/www.econindustries.com\\\/de\\\/technology-2\\\/vacudry-3\\\/mercury-waste-treatment-centre-2\",\"name\":\"Aufbereitungszentrum f\u00fcr quecksilberhaltige Abf\u00e4lle - econ industries\",\"isPartOf\":{\"@id\":\"https:\\\/\\\/www.econindustries.com\\\/#website\"},\"primaryImageOfPage\":{\"@id\":\"https:\\\/\\\/www.econindustries.com\\\/de\\\/technology-2\\\/vacudry-3\\\/mercury-waste-treatment-centre-2#primaryimage\"},\"image\":{\"@id\":\"https:\\\/\\\/www.econindustries.com\\\/de\\\/technology-2\\\/vacudry-3\\\/mercury-waste-treatment-centre-2#primaryimage\"},\"thumbnailUrl\":\"https:\\\/\\\/www.econindustries.com\\\/wp-content\\\/uploads\\\/2018\\\/11\\\/Plant_Germany_View_01.jpg\",\"datePublished\":\"2018-03-14T16:20:22+00:00\",\"dateModified\":\"2024-05-03T08:09:48+00:00\",\"breadcrumb\":{\"@id\":\"https:\\\/\\\/www.econindustries.com\\\/de\\\/technology-2\\\/vacudry-3\\\/mercury-waste-treatment-centre-2#breadcrumb\"},\"inLanguage\":\"de\",\"potentialAction\":[{\"@type\":\"ReadAction\",\"target\":[\"https:\\\/\\\/www.econindustries.com\\\/de\\\/technology-2\\\/vacudry-3\\\/mercury-waste-treatment-centre-2\"]}]},{\"@type\":\"ImageObject\",\"inLanguage\":\"de\",\"@id\":\"https:\\\/\\\/www.econindustries.com\\\/de\\\/technology-2\\\/vacudry-3\\\/mercury-waste-treatment-centre-2#primaryimage\",\"url\":\"https:\\\/\\\/www.econindustries.com\\\/wp-content\\\/uploads\\\/2018\\\/11\\\/Plant_Germany_View_01.jpg\",\"contentUrl\":\"https:\\\/\\\/www.econindustries.com\\\/wp-content\\\/uploads\\\/2018\\\/11\\\/Plant_Germany_View_01.jpg\",\"width\":873,\"height\":590},{\"@type\":\"BreadcrumbList\",\"@id\":\"https:\\\/\\\/www.econindustries.com\\\/de\\\/technology-2\\\/vacudry-3\\\/mercury-waste-treatment-centre-2#breadcrumb\",\"itemListElement\":[{\"@type\":\"ListItem\",\"position\":1,\"name\":\"Home\",\"item\":\"https:\\\/\\\/www.econindustries.com\\\/de\"},{\"@type\":\"ListItem\",\"position\":2,\"name\":\"Technologie\",\"item\":\"https:\\\/\\\/www.econindustries.com\\\/de\\\/technology-2\"},{\"@type\":\"ListItem\",\"position\":3,\"name\":\"VacuDry\u00ae\",\"item\":\"https:\\\/\\\/www.econindustries.com\\\/de\\\/technology-2\\\/vacudry-3\"},{\"@type\":\"ListItem\",\"position\":4,\"name\":\"Quecksilber-L\u00f6sung\"}]},{\"@type\":\"WebSite\",\"@id\":\"https:\\\/\\\/www.econindustries.com\\\/#website\",\"url\":\"https:\\\/\\\/www.econindustries.com\\\/\",\"name\":\"econ industries services GmbH\",\"description\":\"\",\"potentialAction\":[{\"@type\":\"SearchAction\",\"target\":{\"@type\":\"EntryPoint\",\"urlTemplate\":\"https:\\\/\\\/www.econindustries.com\\\/?s={search_term_string}\"},\"query-input\":{\"@type\":\"PropertyValueSpecification\",\"valueRequired\":true,\"valueName\":\"search_term_string\"}}],\"inLanguage\":\"de\"}]}<\/script>\n<!-- \/ Yoast SEO plugin. -->","yoast_head_json":{"title":"Aufbereitungszentrum f\u00fcr quecksilberhaltige Abf\u00e4lle - econ industries","robots":{"index":"index","follow":"follow","max-snippet":"max-snippet:-1","max-image-preview":"max-image-preview:large","max-video-preview":"max-video-preview:-1"},"canonical":"https:\/\/www.econindustries.com\/de\/technology-2\/vacudry-3\/mercury-waste-treatment-centre-2","og_locale":"de_DE","og_type":"article","og_title":"Aufbereitungszentrum f\u00fcr quecksilberhaltige Abf\u00e4lle - econ industries","og_description":"econ industries Hg Zentren bestehen aus den folgenden drei Hauptkomponenten: econ VacuDry\u00ae-Vakuumdestillationsanlage: Die Aufbereitung mit VacuDry\u00ae basiert auf einem speziell entwickelten Vakuumdestillationsverfahren. Das Inputmaterial wird kontinuierlich zugef\u00fchrt, dabei erhitzt und weiterlesen...","og_url":"https:\/\/www.econindustries.com\/de\/technology-2\/vacudry-3\/mercury-waste-treatment-centre-2","og_site_name":"econ industries services GmbH","article_publisher":"https:\/\/www.facebook.com\/econindustries","article_modified_time":"2024-05-03T08:09:48+00:00","og_image":[{"width":873,"height":590,"url":"https:\/\/www.econindustries.com\/wp-content\/uploads\/2018\/11\/Plant_Germany_View_01.jpg","type":"image\/jpeg"}],"twitter_misc":{"Gesch\u00e4tzte Lesezeit":"3\u00a0Minuten"},"schema":{"@context":"https:\/\/schema.org","@graph":[{"@type":"WebPage","@id":"https:\/\/www.econindustries.com\/de\/technology-2\/vacudry-3\/mercury-waste-treatment-centre-2","url":"https:\/\/www.econindustries.com\/de\/technology-2\/vacudry-3\/mercury-waste-treatment-centre-2","name":"Aufbereitungszentrum f\u00fcr quecksilberhaltige Abf\u00e4lle - econ industries","isPartOf":{"@id":"https:\/\/www.econindustries.com\/#website"},"primaryImageOfPage":{"@id":"https:\/\/www.econindustries.com\/de\/technology-2\/vacudry-3\/mercury-waste-treatment-centre-2#primaryimage"},"image":{"@id":"https:\/\/www.econindustries.com\/de\/technology-2\/vacudry-3\/mercury-waste-treatment-centre-2#primaryimage"},"thumbnailUrl":"https:\/\/www.econindustries.com\/wp-content\/uploads\/2018\/11\/Plant_Germany_View_01.jpg","datePublished":"2018-03-14T16:20:22+00:00","dateModified":"2024-05-03T08:09:48+00:00","breadcrumb":{"@id":"https:\/\/www.econindustries.com\/de\/technology-2\/vacudry-3\/mercury-waste-treatment-centre-2#breadcrumb"},"inLanguage":"de","potentialAction":[{"@type":"ReadAction","target":["https:\/\/www.econindustries.com\/de\/technology-2\/vacudry-3\/mercury-waste-treatment-centre-2"]}]},{"@type":"ImageObject","inLanguage":"de","@id":"https:\/\/www.econindustries.com\/de\/technology-2\/vacudry-3\/mercury-waste-treatment-centre-2#primaryimage","url":"https:\/\/www.econindustries.com\/wp-content\/uploads\/2018\/11\/Plant_Germany_View_01.jpg","contentUrl":"https:\/\/www.econindustries.com\/wp-content\/uploads\/2018\/11\/Plant_Germany_View_01.jpg","width":873,"height":590},{"@type":"BreadcrumbList","@id":"https:\/\/www.econindustries.com\/de\/technology-2\/vacudry-3\/mercury-waste-treatment-centre-2#breadcrumb","itemListElement":[{"@type":"ListItem","position":1,"name":"Home","item":"https:\/\/www.econindustries.com\/de"},{"@type":"ListItem","position":2,"name":"Technologie","item":"https:\/\/www.econindustries.com\/de\/technology-2"},{"@type":"ListItem","position":3,"name":"VacuDry\u00ae","item":"https:\/\/www.econindustries.com\/de\/technology-2\/vacudry-3"},{"@type":"ListItem","position":4,"name":"Quecksilber-L\u00f6sung"}]},{"@type":"WebSite","@id":"https:\/\/www.econindustries.com\/#website","url":"https:\/\/www.econindustries.com\/","name":"econ industries services GmbH","description":"","potentialAction":[{"@type":"SearchAction","target":{"@type":"EntryPoint","urlTemplate":"https:\/\/www.econindustries.com\/?s={search_term_string}"},"query-input":{"@type":"PropertyValueSpecification","valueRequired":true,"valueName":"search_term_string"}}],"inLanguage":"de"}]}},"_links":{"self":[{"href":"https:\/\/www.econindustries.com\/de\/wp-json\/wp\/v2\/pages\/1779","targetHints":{"allow":["GET"]}}],"collection":[{"href":"https:\/\/www.econindustries.com\/de\/wp-json\/wp\/v2\/pages"}],"about":[{"href":"https:\/\/www.econindustries.com\/de\/wp-json\/wp\/v2\/types\/page"}],"author":[{"embeddable":true,"href":"https:\/\/www.econindustries.com\/de\/wp-json\/wp\/v2\/users\/1"}],"replies":[{"embeddable":true,"href":"https:\/\/www.econindustries.com\/de\/wp-json\/wp\/v2\/comments?post=1779"}],"version-history":[{"count":10,"href":"https:\/\/www.econindustries.com\/de\/wp-json\/wp\/v2\/pages\/1779\/revisions"}],"predecessor-version":[{"id":4240,"href":"https:\/\/www.econindustries.com\/de\/wp-json\/wp\/v2\/pages\/1779\/revisions\/4240"}],"up":[{"embeddable":true,"href":"https:\/\/www.econindustries.com\/de\/wp-json\/wp\/v2\/pages\/3260"}],"wp:featuredmedia":[{"embeddable":true,"href":"https:\/\/www.econindustries.com\/de\/wp-json\/wp\/v2\/media\/3207"}],"wp:attachment":[{"href":"https:\/\/www.econindustries.com\/de\/wp-json\/wp\/v2\/media?parent=1779"}],"curies":[{"name":"wp","href":"https:\/\/api.w.org\/{rel}","templated":true}]}}