	{"id":1764,"date":"2017-03-06T16:57:22","date_gmt":"2017-03-06T15:57:22","guid":{"rendered":"http:\/\/www.econ.industries\/de\/technology\/vacudry-mobile-solutions"},"modified":"2024-05-03T09:59:33","modified_gmt":"2024-05-03T07:59:33","slug":"vacudry-mobile-solutions-2","status":"publish","type":"page","link":"https:\/\/www.econindustries.com\/de\/technology-2\/vacudry-3\/vacudry-mobile-solutions-2","title":{"rendered":"Mobile VacuDry<sup>\u00ae<\/sup>-L\u00f6sungen"},"content":{"rendered":"<div class=\"row sub_content\">\n<div class=\"ls-col-md-6\">\n<p><a href=\"https:\/\/www.econindustries.com\/wp-content\/uploads\/2015\/01\/180301_mobile_proudly-completed_m.jpg\"><img loading=\"lazy\" decoding=\"async\" class=\"alignnone wp-image-2660 size-size-640x480\" src=\"https:\/\/www.econindustries.com\/wp-content\/uploads\/2015\/01\/180301_mobile_proudly-completed_m-640x480.jpg\" alt=\"\" width=\"640\" height=\"480\" srcset=\"https:\/\/www.econindustries.com\/wp-content\/uploads\/2015\/01\/180301_mobile_proudly-completed_m-640x480.jpg 640w, https:\/\/www.econindustries.com\/wp-content\/uploads\/2015\/01\/180301_mobile_proudly-completed_m-300x225.jpg 300w, https:\/\/www.econindustries.com\/wp-content\/uploads\/2015\/01\/180301_mobile_proudly-completed_m-768x576.jpg 768w, https:\/\/www.econindustries.com\/wp-content\/uploads\/2015\/01\/180301_mobile_proudly-completed_m-1024x767.jpg 1024w, https:\/\/www.econindustries.com\/wp-content\/uploads\/2015\/01\/180301_mobile_proudly-completed_m.jpg 1600w, https:\/\/www.econindustries.com\/wp-content\/uploads\/2015\/01\/180301_mobile_proudly-completed_m-400x300.jpg 400w, https:\/\/www.econindustries.com\/wp-content\/uploads\/2015\/01\/180301_mobile_proudly-completed_m-200x150.jpg 200w\" sizes=\"(max-width: 640px) 100vw, 640px\" \/><\/a><\/p>\n<\/div>\n<div class=\"ls-col-md-6\">\n<p><img loading=\"lazy\" decoding=\"async\" class=\"alignnone wp-image-720 size-size-640x480\" src=\"https:\/\/www.econindustries.com\/wp-content\/uploads\/2015\/01\/rent-vacudry-site-cleanup-640x480.jpg\" alt=\"Rent a VacuDry - mobile unit\" width=\"640\" height=\"480\" srcset=\"https:\/\/www.econindustries.com\/wp-content\/uploads\/2015\/01\/rent-vacudry-site-cleanup-640x480.jpg 640w, https:\/\/www.econindustries.com\/wp-content\/uploads\/2015\/01\/rent-vacudry-site-cleanup-300x225.jpg 300w, https:\/\/www.econindustries.com\/wp-content\/uploads\/2015\/01\/rent-vacudry-site-cleanup-1024x768.jpg 1024w, https:\/\/www.econindustries.com\/wp-content\/uploads\/2015\/01\/rent-vacudry-site-cleanup.jpg 1600w, https:\/\/www.econindustries.com\/wp-content\/uploads\/2015\/01\/rent-vacudry-site-cleanup-400x300.jpg 400w, https:\/\/www.econindustries.com\/wp-content\/uploads\/2015\/01\/rent-vacudry-site-cleanup-200x150.jpg 200w\" sizes=\"(max-width: 640px) 100vw, 640px\" \/><\/p>\n<\/div>\n<\/div>\n<p>Mit der neuen VacuDry<sup>\u00ae<\/sup> 1.500 und VacuDry<sup>\u00ae<\/sup> 12.000-Serie steht die innovative VacuDry<sup>\u00ae<\/sup>-Technologie auch als komplett mobile Anlage zur Verf\u00fcgung. Dieses unglaublich flexible Design bietet alle Vorteile, die unsere Kunden erwarten, von denen viele auf dem Gebiet der Aufbereitung von Industrieabf\u00e4llen marktf\u00fchrend sind. Die mobilen Anlagen bestehen aus komplett vormontierten und in Containern verladenen Modulen. Sie k\u00f6nnen einfach transportiert und leicht in Betrieb genommen werden. Sobald ein Projekt erfolgreich abgeschlossen ist, kann die mobile VacuDry<sup>\u00ae<\/sup>-Anlage innerhalb von weniger als vier Wochen zum n\u00e4chsten Ort verlagert werden.<\/p>\n<div class=\"row sub_content\">\n<div class=\"ls-col-md-6\">\n<h3>Die gr\u00f6\u00dften Vorteile<\/h3>\n<ul>\n<li>Kosteng\u00fcnstige On-site-Ma\u00dfnahme<\/li>\n<li>In weniger als vier Wochen verlegbar<\/li>\n<li>Hochflexibel, da die Anlage f\u00fcr eine Vielzahl verschiedener Projekte und Abfallstr\u00f6me verwendet werden kann<\/li>\n<li>Weltweite Verf\u00fcgbarkeit<\/li>\n<\/ul>\n<\/div>\n<div class=\"ls-col-md-6\">\n<table summary=\"Eckdaten\" class=\"key-facts ls-table-responsive\">\n<colgroup>\n<col width=\"30%\" \/>\n<col width=\"70%\" \/><\/colgroup>\n<tr>\n<td colspan=\"2\"><strong>Eckdaten<\/strong><\/td>\n<\/tr>\n<tr>\n<td>\n<p>Typisches Inputmaterial:<\/p>\n<\/td>\n<td>\n<p>Bohrklein, quecksilber- und NORM-haltiger Abfall, belasteter Boden<\/p>\n<\/td>\n<\/tr>\n<tr>\n<td>\n<p>Anlagenkapazit\u00e4ten:<\/p>\n<\/td>\n<td>\n<p>0,1 \u2013 2,0 t\/h<\/p>\n<\/td>\n<\/tr>\n<tr>\n<td>\n<p>Beschickungssystem:<\/p>\n<\/td>\n<td>\n<p>Je nach Inputmaterial; Aufgabetrichter, Feststoffpumpe, Gurtf\u00f6rderer<\/p>\n<\/td>\n<\/tr>\n<tr>\n<td>\n<p>Heizsystem:<\/p>\n<\/td>\n<td>\n<p>Indirektes Thermal\u00f6l-Heizsystem (Temperaturen bis 400 \u00b0C)<\/p>\n<\/td>\n<\/tr>\n<tr>\n<td>\n<p>Zeit f\u00fcr Verlegung:<\/p>\n<\/td>\n<td>\n<p>Weniger als 4 Wochen<\/p>\n<\/td>\n<\/tr>\n<\/table>\n<\/div>\n<\/div>\n<p>Die mobilen Einheiten sind speziell f\u00fcr On-Site-Sanierungsprojekte in der \u00d6l- und Gasindustrie entwickelt. Typische Anwendungen sind die On-Site-Aufbereitung von Bohrklein, Aufbereitung von Quecksilber\/B\u00f6den und NORM-Abf\u00e4llen.<\/p>\n<p><a title=\"Rent a VacuDry\u00ae\" href=\"https:\/\/www.econindustries.com\/de\/industries\/oil-gas\">Lesen Sie mehr&#8230;<\/a><\/p>\n<div style=\"height:30px\"><\/div>\n<div class=\"row sub_content\">\n<div class=\"ls-col-md-4\">\n<p><img loading=\"lazy\" decoding=\"async\" class=\"alignnone wp-image-941 size-full\" src=\"https:\/\/www.econindustries.com\/wp-content\/uploads\/2015\/01\/condensation-transport-installation.jpg\" alt=\"Transport of the vacuum dryer\" width=\"640\" height=\"480\" srcset=\"https:\/\/www.econindustries.com\/wp-content\/uploads\/2015\/01\/condensation-transport-installation.jpg 640w, https:\/\/www.econindustries.com\/wp-content\/uploads\/2015\/01\/condensation-transport-installation-300x225.jpg 300w, https:\/\/www.econindustries.com\/wp-content\/uploads\/2015\/01\/condensation-transport-installation-400x300.jpg 400w, https:\/\/www.econindustries.com\/wp-content\/uploads\/2015\/01\/condensation-transport-installation-200x150.jpg 200w\" sizes=\"(max-width: 640px) 100vw, 640px\" \/><\/div>\n<div class=\"ls-col-md-4\">\n<p><img loading=\"lazy\" decoding=\"async\" class=\"alignnone wp-image-943 size-size-640x480\" src=\"https:\/\/www.econindustries.com\/wp-content\/uploads\/2015\/01\/vacuum-dryer-installation-640x480.jpg\" alt=\"vacuum-dryer-installation\" width=\"640\" height=\"480\" srcset=\"https:\/\/www.econindustries.com\/wp-content\/uploads\/2015\/01\/vacuum-dryer-installation-640x480.jpg 640w, https:\/\/www.econindustries.com\/wp-content\/uploads\/2015\/01\/vacuum-dryer-installation-300x225.jpg 300w, https:\/\/www.econindustries.com\/wp-content\/uploads\/2015\/01\/vacuum-dryer-installation-1024x768.jpg 1024w, https:\/\/www.econindustries.com\/wp-content\/uploads\/2015\/01\/vacuum-dryer-installation.jpg 1600w, https:\/\/www.econindustries.com\/wp-content\/uploads\/2015\/01\/vacuum-dryer-installation-400x300.jpg 400w, https:\/\/www.econindustries.com\/wp-content\/uploads\/2015\/01\/vacuum-dryer-installation-200x150.jpg 200w\" sizes=\"(max-width: 640px) 100vw, 640px\" \/><\/div>\n<div class=\"ls-col-md-4\">\n<p><img loading=\"lazy\" decoding=\"async\" class=\"alignnone wp-image-942 size-full\" src=\"https:\/\/www.econindustries.com\/wp-content\/uploads\/2015\/01\/condensation-unit-mobile.jpg\" alt=\"condensation-unit-mobile\" width=\"640\" height=\"480\" srcset=\"https:\/\/www.econindustries.com\/wp-content\/uploads\/2015\/01\/condensation-unit-mobile.jpg 640w, https:\/\/www.econindustries.com\/wp-content\/uploads\/2015\/01\/condensation-unit-mobile-300x225.jpg 300w, https:\/\/www.econindustries.com\/wp-content\/uploads\/2015\/01\/condensation-unit-mobile-400x300.jpg 400w, https:\/\/www.econindustries.com\/wp-content\/uploads\/2015\/01\/condensation-unit-mobile-200x150.jpg 200w\" sizes=\"(max-width: 640px) 100vw, 640px\" \/><\/div>\n<\/div>\n<div style=\"height:30px\"><\/div>\n<h2>F\u00fcr quecksilberhaltige Abf\u00e4lle bieten wir das mobile System an:<\/h2>\n<div class=\"row sub_content\">\n<div class=\"ls-col-md-6\">\n<h3>Die gr\u00f6\u00dften Vorteile<\/h3>\n<ul>\n<li>Unsere mobile Anlagen verwandeln giftiges Quecksilber in ungiftiges rotes Quecksilbersulfid (HgS &#8211; Zinnober). Dieses kann sicher \u00fcber oder unter Tage gelagert werden.<\/li>\n<li>Komplett<wbr \/> geschlossenes<wbr \/> und<wbr \/> \u00fcberwachtes<wbr \/> System &#8211;<wbr \/> sicher<wbr \/> und<wbr \/> emissionsfrei<\/li>\n<li>Volle Kontrolle und Transparenz \u00fcber den gesamten Prozess der Abfallaufbereitung: On-site-Aufbereitung gemeinsam mit dem Kunden<\/li>\n<li>Sonderm\u00fclltransporte entfallen und damit auch teure und langfristige Verfahren f\u00fcr deren Anmeldung<\/li>\n<li>Anerkanntes und bew\u00e4hrtes Prozessdesign &#8211; zur Unterst\u00fctzung umweltrechtlicher Genehmigungsverfahren sind Pilotversuche m\u00f6glich<\/li>\n<\/ul>\n<\/div>\n<div class=\"ls-col-md-6\">\n<table summary=\"Eckdaten\" class=\"key-facts ls-table-responsive\">\n<colgroup>\n<col width=\"30%\" \/>\n<col width=\"70%\" \/><\/colgroup>\n<tr>\n<td colspan=\"2\"><strong>Eckdaten<\/strong><\/td>\n<\/tr>\n<tr>\n<td>\n<p>Typische Durchsatzleistung:<\/p>\n<\/td>\n<td>\n<p>Bis zu 5 Tonnen pro Tag<\/p>\n<\/td>\n<\/tr>\n<tr>\n<td>\n<p>Inputmaterial:<\/p>\n<\/td>\n<td>\n<p>Elementares Quecksilber und Schwefel<\/p>\n<\/td>\n<\/tr>\n<tr>\n<td>\n<p>Quellen:<\/p>\n<\/td>\n<td>\n<p>Chloralkali-Industrie<br \/>\n\u00d6l- und Gasindustrie<br \/>\nAltlastensanierung und Abfallverwertung \/ -aufbereitung<\/p>\n<\/td>\n<\/tr>\n<tr>\n<td>\n<p>Anlagendesign:<\/p>\n<\/td>\n<td>\n<p>Mobile Anlage in einem 40-Fu\u00df-Container verbaut<\/p>\n<\/td>\n<\/tr>\n<tr>\n<td>\n<p>Liefer- und Leistungsumfang:<\/p>\n<\/td>\n<td>\n<p>Schl\u00fcsselfertige Anlage, HSE-Beratung, Transport, Prozess\u00fcberwachung, Beratung zur Endlagerung des stabilisierten Quecksilbers<\/p>\n<\/td>\n<\/tr>\n<\/table>\n<\/div>\n<\/div>\n<p>Mit den mobilen Systemen bietet econ industries eine L\u00f6sung, die weltweit ihresgleichen sucht: Mobile Anlagen zur Stabilisierung von Quecksilber, die in 40-Fu\u00df-Container passen. Hinsichtlich Flexibilit\u00e4t, Sicherheit und Umweltfreundlichkeit ist unser Quecksilber-Entsorgungsverfahren konkurrenzlos. Sie wollen die Kontrolle \u00fcber Ihre quecksilberhaltigen Abf\u00e4lle behalten und verhindern, dass diese gehandelt oder auf undurchsichtige und fragw\u00fcrdige Art und Weise entsorgt werden? Dann sind mobile Anlagen die ideale L\u00f6sung f\u00fcr Ihr Unternehmen. Lesen Sie <a href=\"https:\/\/www.econindustries.com\/de\/technology\/mmcu\" target=\"_blank\" rel=\"noopener noreferrer\">hier<\/a> mehr&#8230;<\/p>\n","protected":false},"excerpt":{"rendered":"<p>Mit der neuen VacuDry\u00ae 1.500 und VacuDry\u00ae 12.000-Serie steht die innovative VacuDry\u00ae-Technologie auch als komplett mobile Anlage zur Verf\u00fcgung. Dieses unglaublich flexible Design bietet alle Vorteile, die unsere Kunden erwarten, <a class=\"moretag\" href=\"https:\/\/www.econindustries.com\/de\/ls_keyfacts\/technology-vacure\">weiterlesen&#8230;<\/a><\/p>\n","protected":false},"author":1,"featured_media":6746,"parent":3260,"menu_order":27,"comment_status":"closed","ping_status":"closed","template":"","meta":{"_acf_changed":false,"content-type":"","footnotes":"","_links_to":"","_links_to_target":""},"class_list":["post-1764","page","type-page","status-publish","has-post-thumbnail","hentry"],"acf":[],"yoast_head":"<!-- This site is optimized with the Yoast SEO plugin v27.3 - https:\/\/yoast.com\/product\/yoast-seo-wordpress\/ -->\n<title>Mobile VacuDry \u00ae -L\u00f6sungen - Quecksilber - econ industries GmbH<\/title>\n<meta name=\"description\" content=\"Mit der neuen VacuDry\u00ae 1.500 und VacuDry\u00ae 12.000-Serie steht die innovative VacuDry\u00ae-Technologie auch als komplett mobile Anlage zur Verf\u00fcgung. Dieses unglaublich flexible Design bietet alle Vorteile, die unsere Kunden erwarten, von denen viele auf dem Gebiet der Aufbereitung von Industrieabf\u00e4llen marktf\u00fchrend sind\" \/>\n<meta name=\"robots\" content=\"index, follow, max-snippet:-1, max-image-preview:large, max-video-preview:-1\" \/>\n<link rel=\"canonical\" href=\"https:\/\/www.econindustries.com\/de\/technology-2\/vacudry-3\/vacudry-mobile-solutions-2\" \/>\n<meta property=\"og:locale\" content=\"de_DE\" \/>\n<meta property=\"og:type\" content=\"article\" \/>\n<meta property=\"og:title\" content=\"Mobile VacuDry \u00ae -L\u00f6sungen - Quecksilber - econ industries GmbH\" \/>\n<meta property=\"og:description\" content=\"Mit der neuen VacuDry\u00ae 1.500 und VacuDry\u00ae 12.000-Serie steht die innovative VacuDry\u00ae-Technologie auch als komplett mobile Anlage zur Verf\u00fcgung. Dieses unglaublich flexible Design bietet alle Vorteile, die unsere Kunden erwarten, von denen viele auf dem Gebiet der Aufbereitung von Industrieabf\u00e4llen marktf\u00fchrend sind\" \/>\n<meta property=\"og:url\" content=\"https:\/\/www.econindustries.com\/de\/technology-2\/vacudry-3\/vacudry-mobile-solutions-2\" \/>\n<meta property=\"og:site_name\" content=\"econ industries services GmbH\" \/>\n<meta property=\"article:publisher\" content=\"https:\/\/www.facebook.com\/econindustries\" \/>\n<meta property=\"article:modified_time\" content=\"2024-05-03T07:59:33+00:00\" \/>\n<meta property=\"og:image\" content=\"https:\/\/www.econindustries.com\/wp-content\/uploads\/2023\/03\/MMCU-Mobile-Anlage-scaled.jpg\" \/>\n\t<meta property=\"og:image:width\" content=\"2048\" \/>\n\t<meta property=\"og:image:height\" content=\"1536\" \/>\n\t<meta property=\"og:image:type\" content=\"image\/jpeg\" \/>\n<meta name=\"twitter:label1\" content=\"Gesch\u00e4tzte Lesezeit\" \/>\n\t<meta name=\"twitter:data1\" content=\"3\u00a0Minuten\" \/>\n<script type=\"application\/ld+json\" class=\"yoast-schema-graph\">{\"@context\":\"https:\\\/\\\/schema.org\",\"@graph\":[{\"@type\":\"WebPage\",\"@id\":\"https:\\\/\\\/www.econindustries.com\\\/de\\\/technology-2\\\/vacudry-3\\\/vacudry-mobile-solutions-2\",\"url\":\"https:\\\/\\\/www.econindustries.com\\\/de\\\/technology-2\\\/vacudry-3\\\/vacudry-mobile-solutions-2\",\"name\":\"Mobile VacuDry \u00ae -L\u00f6sungen - Quecksilber - econ industries GmbH\",\"isPartOf\":{\"@id\":\"https:\\\/\\\/www.econindustries.com\\\/#website\"},\"primaryImageOfPage\":{\"@id\":\"https:\\\/\\\/www.econindustries.com\\\/de\\\/technology-2\\\/vacudry-3\\\/vacudry-mobile-solutions-2#primaryimage\"},\"image\":{\"@id\":\"https:\\\/\\\/www.econindustries.com\\\/de\\\/technology-2\\\/vacudry-3\\\/vacudry-mobile-solutions-2#primaryimage\"},\"thumbnailUrl\":\"https:\\\/\\\/www.econindustries.com\\\/wp-content\\\/uploads\\\/2023\\\/03\\\/MMCU-Mobile-Anlage-scaled.jpg\",\"datePublished\":\"2017-03-06T15:57:22+00:00\",\"dateModified\":\"2024-05-03T07:59:33+00:00\",\"description\":\"Mit der neuen VacuDry\u00ae 1.500 und VacuDry\u00ae 12.000-Serie steht die innovative VacuDry\u00ae-Technologie auch als komplett mobile Anlage zur Verf\u00fcgung. Dieses unglaublich flexible Design bietet alle Vorteile, die unsere Kunden erwarten, von denen viele auf dem Gebiet der Aufbereitung von Industrieabf\u00e4llen marktf\u00fchrend sind\",\"breadcrumb\":{\"@id\":\"https:\\\/\\\/www.econindustries.com\\\/de\\\/technology-2\\\/vacudry-3\\\/vacudry-mobile-solutions-2#breadcrumb\"},\"inLanguage\":\"de\",\"potentialAction\":[{\"@type\":\"ReadAction\",\"target\":[\"https:\\\/\\\/www.econindustries.com\\\/de\\\/technology-2\\\/vacudry-3\\\/vacudry-mobile-solutions-2\"]}]},{\"@type\":\"ImageObject\",\"inLanguage\":\"de\",\"@id\":\"https:\\\/\\\/www.econindustries.com\\\/de\\\/technology-2\\\/vacudry-3\\\/vacudry-mobile-solutions-2#primaryimage\",\"url\":\"https:\\\/\\\/www.econindustries.com\\\/wp-content\\\/uploads\\\/2023\\\/03\\\/MMCU-Mobile-Anlage-scaled.jpg\",\"contentUrl\":\"https:\\\/\\\/www.econindustries.com\\\/wp-content\\\/uploads\\\/2023\\\/03\\\/MMCU-Mobile-Anlage-scaled.jpg\",\"width\":2048,\"height\":1536},{\"@type\":\"BreadcrumbList\",\"@id\":\"https:\\\/\\\/www.econindustries.com\\\/de\\\/technology-2\\\/vacudry-3\\\/vacudry-mobile-solutions-2#breadcrumb\",\"itemListElement\":[{\"@type\":\"ListItem\",\"position\":1,\"name\":\"Home\",\"item\":\"https:\\\/\\\/www.econindustries.com\\\/de\"},{\"@type\":\"ListItem\",\"position\":2,\"name\":\"Technologie\",\"item\":\"https:\\\/\\\/www.econindustries.com\\\/de\\\/technology-2\"},{\"@type\":\"ListItem\",\"position\":3,\"name\":\"VacuDry\u00ae\",\"item\":\"https:\\\/\\\/www.econindustries.com\\\/de\\\/technology-2\\\/vacudry-3\"},{\"@type\":\"ListItem\",\"position\":4,\"name\":\"Mobile VacuDry\u00ae-L\u00f6sungen\"}]},{\"@type\":\"WebSite\",\"@id\":\"https:\\\/\\\/www.econindustries.com\\\/#website\",\"url\":\"https:\\\/\\\/www.econindustries.com\\\/\",\"name\":\"econ industries services GmbH\",\"description\":\"\",\"potentialAction\":[{\"@type\":\"SearchAction\",\"target\":{\"@type\":\"EntryPoint\",\"urlTemplate\":\"https:\\\/\\\/www.econindustries.com\\\/?s={search_term_string}\"},\"query-input\":{\"@type\":\"PropertyValueSpecification\",\"valueRequired\":true,\"valueName\":\"search_term_string\"}}],\"inLanguage\":\"de\"}]}<\/script>\n<!-- \/ Yoast SEO plugin. -->","yoast_head_json":{"title":"Mobile VacuDry \u00ae -L\u00f6sungen - Quecksilber - econ industries GmbH","description":"Mit der neuen VacuDry\u00ae 1.500 und VacuDry\u00ae 12.000-Serie steht die innovative VacuDry\u00ae-Technologie auch als komplett mobile Anlage zur Verf\u00fcgung. Dieses unglaublich flexible Design bietet alle Vorteile, die unsere Kunden erwarten, von denen viele auf dem Gebiet der Aufbereitung von Industrieabf\u00e4llen marktf\u00fchrend sind","robots":{"index":"index","follow":"follow","max-snippet":"max-snippet:-1","max-image-preview":"max-image-preview:large","max-video-preview":"max-video-preview:-1"},"canonical":"https:\/\/www.econindustries.com\/de\/technology-2\/vacudry-3\/vacudry-mobile-solutions-2","og_locale":"de_DE","og_type":"article","og_title":"Mobile VacuDry \u00ae -L\u00f6sungen - Quecksilber - econ industries GmbH","og_description":"Mit der neuen VacuDry\u00ae 1.500 und VacuDry\u00ae 12.000-Serie steht die innovative VacuDry\u00ae-Technologie auch als komplett mobile Anlage zur Verf\u00fcgung. Dieses unglaublich flexible Design bietet alle Vorteile, die unsere Kunden erwarten, von denen viele auf dem Gebiet der Aufbereitung von Industrieabf\u00e4llen marktf\u00fchrend sind","og_url":"https:\/\/www.econindustries.com\/de\/technology-2\/vacudry-3\/vacudry-mobile-solutions-2","og_site_name":"econ industries services GmbH","article_publisher":"https:\/\/www.facebook.com\/econindustries","article_modified_time":"2024-05-03T07:59:33+00:00","og_image":[{"width":2048,"height":1536,"url":"https:\/\/www.econindustries.com\/wp-content\/uploads\/2023\/03\/MMCU-Mobile-Anlage-scaled.jpg","type":"image\/jpeg"}],"twitter_misc":{"Gesch\u00e4tzte Lesezeit":"3\u00a0Minuten"},"schema":{"@context":"https:\/\/schema.org","@graph":[{"@type":"WebPage","@id":"https:\/\/www.econindustries.com\/de\/technology-2\/vacudry-3\/vacudry-mobile-solutions-2","url":"https:\/\/www.econindustries.com\/de\/technology-2\/vacudry-3\/vacudry-mobile-solutions-2","name":"Mobile VacuDry \u00ae -L\u00f6sungen - Quecksilber - econ industries GmbH","isPartOf":{"@id":"https:\/\/www.econindustries.com\/#website"},"primaryImageOfPage":{"@id":"https:\/\/www.econindustries.com\/de\/technology-2\/vacudry-3\/vacudry-mobile-solutions-2#primaryimage"},"image":{"@id":"https:\/\/www.econindustries.com\/de\/technology-2\/vacudry-3\/vacudry-mobile-solutions-2#primaryimage"},"thumbnailUrl":"https:\/\/www.econindustries.com\/wp-content\/uploads\/2023\/03\/MMCU-Mobile-Anlage-scaled.jpg","datePublished":"2017-03-06T15:57:22+00:00","dateModified":"2024-05-03T07:59:33+00:00","description":"Mit der neuen VacuDry\u00ae 1.500 und VacuDry\u00ae 12.000-Serie steht die innovative VacuDry\u00ae-Technologie auch als komplett mobile Anlage zur Verf\u00fcgung. Dieses unglaublich flexible Design bietet alle Vorteile, die unsere Kunden erwarten, von denen viele auf dem Gebiet der Aufbereitung von Industrieabf\u00e4llen marktf\u00fchrend sind","breadcrumb":{"@id":"https:\/\/www.econindustries.com\/de\/technology-2\/vacudry-3\/vacudry-mobile-solutions-2#breadcrumb"},"inLanguage":"de","potentialAction":[{"@type":"ReadAction","target":["https:\/\/www.econindustries.com\/de\/technology-2\/vacudry-3\/vacudry-mobile-solutions-2"]}]},{"@type":"ImageObject","inLanguage":"de","@id":"https:\/\/www.econindustries.com\/de\/technology-2\/vacudry-3\/vacudry-mobile-solutions-2#primaryimage","url":"https:\/\/www.econindustries.com\/wp-content\/uploads\/2023\/03\/MMCU-Mobile-Anlage-scaled.jpg","contentUrl":"https:\/\/www.econindustries.com\/wp-content\/uploads\/2023\/03\/MMCU-Mobile-Anlage-scaled.jpg","width":2048,"height":1536},{"@type":"BreadcrumbList","@id":"https:\/\/www.econindustries.com\/de\/technology-2\/vacudry-3\/vacudry-mobile-solutions-2#breadcrumb","itemListElement":[{"@type":"ListItem","position":1,"name":"Home","item":"https:\/\/www.econindustries.com\/de"},{"@type":"ListItem","position":2,"name":"Technologie","item":"https:\/\/www.econindustries.com\/de\/technology-2"},{"@type":"ListItem","position":3,"name":"VacuDry\u00ae","item":"https:\/\/www.econindustries.com\/de\/technology-2\/vacudry-3"},{"@type":"ListItem","position":4,"name":"Mobile VacuDry\u00ae-L\u00f6sungen"}]},{"@type":"WebSite","@id":"https:\/\/www.econindustries.com\/#website","url":"https:\/\/www.econindustries.com\/","name":"econ industries services GmbH","description":"","potentialAction":[{"@type":"SearchAction","target":{"@type":"EntryPoint","urlTemplate":"https:\/\/www.econindustries.com\/?s={search_term_string}"},"query-input":{"@type":"PropertyValueSpecification","valueRequired":true,"valueName":"search_term_string"}}],"inLanguage":"de"}]}},"_links":{"self":[{"href":"https:\/\/www.econindustries.com\/de\/wp-json\/wp\/v2\/pages\/1764","targetHints":{"allow":["GET"]}}],"collection":[{"href":"https:\/\/www.econindustries.com\/de\/wp-json\/wp\/v2\/pages"}],"about":[{"href":"https:\/\/www.econindustries.com\/de\/wp-json\/wp\/v2\/types\/page"}],"author":[{"embeddable":true,"href":"https:\/\/www.econindustries.com\/de\/wp-json\/wp\/v2\/users\/1"}],"replies":[{"embeddable":true,"href":"https:\/\/www.econindustries.com\/de\/wp-json\/wp\/v2\/comments?post=1764"}],"version-history":[{"count":31,"href":"https:\/\/www.econindustries.com\/de\/wp-json\/wp\/v2\/pages\/1764\/revisions"}],"predecessor-version":[{"id":3805,"href":"https:\/\/www.econindustries.com\/de\/wp-json\/wp\/v2\/pages\/1764\/revisions\/3805"}],"up":[{"embeddable":true,"href":"https:\/\/www.econindustries.com\/de\/wp-json\/wp\/v2\/pages\/3260"}],"wp:featuredmedia":[{"embeddable":true,"href":"https:\/\/www.econindustries.com\/de\/wp-json\/wp\/v2\/media\/6746"}],"wp:attachment":[{"href":"https:\/\/www.econindustries.com\/de\/wp-json\/wp\/v2\/media?parent=1764"}],"curies":[{"name":"wp","href":"https:\/\/api.w.org\/{rel}","templated":true}]}}