	{"id":1724,"date":"2016-03-23T18:44:18","date_gmt":"2016-03-23T16:44:18","guid":{"rendered":"http:\/\/www.econ.industries\/de\/?page_id=1724"},"modified":"2024-07-17T11:55:39","modified_gmt":"2024-07-17T09:55:39","slug":"contact","status":"publish","type":"page","link":"https:\/\/www.econindustries.com\/de\/contact","title":{"rendered":"Kontakt"},"content":{"rendered":"<h2>Berichten Sie uns von Ihren Projektideen oder sagen Sie einfach nur Hallo.<\/h2>\n<p>Sie wollen mehr \u00fcber uns, unsere Produkte oder unsere L\u00f6sungen erfahren? Wir freuen uns auf Ihr Feedback und stehen Ihnen gern mit weiteren Informationen und pers\u00f6nlicher Beratung zur Verf\u00fcgung.<\/p>\n","protected":false},"excerpt":{"rendered":"<p>Berichten Sie uns von Ihren Projektideen oder sagen Sie einfach nur Hallo. Sie wollen mehr \u00fcber uns, unsere Produkte oder unsere L\u00f6sungen erfahren? Wir freuen uns auf Ihr Feedback und <a class=\"moretag\" href=\"https:\/\/www.econindustries.com\/de\/contact\">weiterlesen&#8230;<\/a><\/p>\n","protected":false},"author":3,"featured_media":0,"parent":0,"menu_order":120,"comment_status":"open","ping_status":"open","template":"tmpl\/template-contact.php","meta":{"_acf_changed":false,"content-type":"","footnotes":"","_links_to":"","_links_to_target":""},"class_list":["post-1724","page","type-page","status-publish","hentry"],"acf":[],"yoast_head":"<!-- This site is optimized with the Yoast SEO plugin v27.4 - https:\/\/yoast.com\/product\/yoast-seo-wordpress\/ -->\n<title>Kontakt - econ industries services GmbH<\/title>\n<meta name=\"robots\" content=\"index, follow, max-snippet:-1, max-image-preview:large, max-video-preview:-1\" \/>\n<link rel=\"canonical\" href=\"https:\/\/www.econindustries.com\/de\/contact\" \/>\n<meta property=\"og:locale\" content=\"de_DE\" \/>\n<meta property=\"og:type\" content=\"article\" \/>\n<meta property=\"og:title\" content=\"Kontakt - econ industries services GmbH\" \/>\n<meta property=\"og:description\" content=\"Berichten Sie uns von Ihren Projektideen oder sagen Sie einfach nur Hallo. Sie wollen mehr \u00fcber uns, unsere Produkte oder unsere L\u00f6sungen erfahren? Wir freuen uns auf Ihr Feedback und weiterlesen...\" \/>\n<meta property=\"og:url\" content=\"https:\/\/www.econindustries.com\/de\/contact\" \/>\n<meta property=\"og:site_name\" content=\"econ industries services GmbH\" \/>\n<meta property=\"article:publisher\" content=\"https:\/\/www.facebook.com\/econindustries\" \/>\n<meta property=\"article:modified_time\" content=\"2024-07-17T09:55:39+00:00\" \/>\n<meta name=\"twitter:label1\" content=\"Gesch\u00e4tzte Lesezeit\" \/>\n\t<meta name=\"twitter:data1\" content=\"1\u00a0Minute\" \/>\n<script type=\"application\/ld+json\" class=\"yoast-schema-graph\">{\"@context\":\"https:\\\/\\\/schema.org\",\"@graph\":[{\"@type\":\"WebPage\",\"@id\":\"https:\\\/\\\/www.econindustries.com\\\/de\\\/contact\",\"url\":\"https:\\\/\\\/www.econindustries.com\\\/de\\\/contact\",\"name\":\"Kontakt - econ industries services GmbH\",\"isPartOf\":{\"@id\":\"https:\\\/\\\/www.econindustries.com\\\/#website\"},\"datePublished\":\"2016-03-23T16:44:18+00:00\",\"dateModified\":\"2024-07-17T09:55:39+00:00\",\"breadcrumb\":{\"@id\":\"https:\\\/\\\/www.econindustries.com\\\/de\\\/contact#breadcrumb\"},\"inLanguage\":\"de\",\"potentialAction\":[{\"@type\":\"ReadAction\",\"target\":[\"https:\\\/\\\/www.econindustries.com\\\/de\\\/contact\"]}]},{\"@type\":\"BreadcrumbList\",\"@id\":\"https:\\\/\\\/www.econindustries.com\\\/de\\\/contact#breadcrumb\",\"itemListElement\":[{\"@type\":\"ListItem\",\"position\":1,\"name\":\"Home\",\"item\":\"https:\\\/\\\/www.econindustries.com\\\/de\"},{\"@type\":\"ListItem\",\"position\":2,\"name\":\"Kontakt\"}]},{\"@type\":\"WebSite\",\"@id\":\"https:\\\/\\\/www.econindustries.com\\\/#website\",\"url\":\"https:\\\/\\\/www.econindustries.com\\\/\",\"name\":\"econ industries services GmbH\",\"description\":\"\",\"potentialAction\":[{\"@type\":\"SearchAction\",\"target\":{\"@type\":\"EntryPoint\",\"urlTemplate\":\"https:\\\/\\\/www.econindustries.com\\\/?s={search_term_string}\"},\"query-input\":{\"@type\":\"PropertyValueSpecification\",\"valueRequired\":true,\"valueName\":\"search_term_string\"}}],\"inLanguage\":\"de\"}]}<\/script>\n<!-- \/ Yoast SEO plugin. -->","yoast_head_json":{"title":"Kontakt - econ industries services GmbH","robots":{"index":"index","follow":"follow","max-snippet":"max-snippet:-1","max-image-preview":"max-image-preview:large","max-video-preview":"max-video-preview:-1"},"canonical":"https:\/\/www.econindustries.com\/de\/contact","og_locale":"de_DE","og_type":"article","og_title":"Kontakt - econ industries services GmbH","og_description":"Berichten Sie uns von Ihren Projektideen oder sagen Sie einfach nur Hallo. Sie wollen mehr \u00fcber uns, unsere Produkte oder unsere L\u00f6sungen erfahren? Wir freuen uns auf Ihr Feedback und weiterlesen...","og_url":"https:\/\/www.econindustries.com\/de\/contact","og_site_name":"econ industries services GmbH","article_publisher":"https:\/\/www.facebook.com\/econindustries","article_modified_time":"2024-07-17T09:55:39+00:00","twitter_misc":{"Gesch\u00e4tzte Lesezeit":"1\u00a0Minute"},"schema":{"@context":"https:\/\/schema.org","@graph":[{"@type":"WebPage","@id":"https:\/\/www.econindustries.com\/de\/contact","url":"https:\/\/www.econindustries.com\/de\/contact","name":"Kontakt - econ industries services GmbH","isPartOf":{"@id":"https:\/\/www.econindustries.com\/#website"},"datePublished":"2016-03-23T16:44:18+00:00","dateModified":"2024-07-17T09:55:39+00:00","breadcrumb":{"@id":"https:\/\/www.econindustries.com\/de\/contact#breadcrumb"},"inLanguage":"de","potentialAction":[{"@type":"ReadAction","target":["https:\/\/www.econindustries.com\/de\/contact"]}]},{"@type":"BreadcrumbList","@id":"https:\/\/www.econindustries.com\/de\/contact#breadcrumb","itemListElement":[{"@type":"ListItem","position":1,"name":"Home","item":"https:\/\/www.econindustries.com\/de"},{"@type":"ListItem","position":2,"name":"Kontakt"}]},{"@type":"WebSite","@id":"https:\/\/www.econindustries.com\/#website","url":"https:\/\/www.econindustries.com\/","name":"econ industries services GmbH","description":"","potentialAction":[{"@type":"SearchAction","target":{"@type":"EntryPoint","urlTemplate":"https:\/\/www.econindustries.com\/?s={search_term_string}"},"query-input":{"@type":"PropertyValueSpecification","valueRequired":true,"valueName":"search_term_string"}}],"inLanguage":"de"}]}},"_links":{"self":[{"href":"https:\/\/www.econindustries.com\/de\/wp-json\/wp\/v2\/pages\/1724","targetHints":{"allow":["GET"]}}],"collection":[{"href":"https:\/\/www.econindustries.com\/de\/wp-json\/wp\/v2\/pages"}],"about":[{"href":"https:\/\/www.econindustries.com\/de\/wp-json\/wp\/v2\/types\/page"}],"author":[{"embeddable":true,"href":"https:\/\/www.econindustries.com\/de\/wp-json\/wp\/v2\/users\/3"}],"replies":[{"embeddable":true,"href":"https:\/\/www.econindustries.com\/de\/wp-json\/wp\/v2\/comments?post=1724"}],"version-history":[{"count":6,"href":"https:\/\/www.econindustries.com\/de\/wp-json\/wp\/v2\/pages\/1724\/revisions"}],"predecessor-version":[{"id":7597,"href":"https:\/\/www.econindustries.com\/de\/wp-json\/wp\/v2\/pages\/1724\/revisions\/7597"}],"wp:attachment":[{"href":"https:\/\/www.econindustries.com\/de\/wp-json\/wp\/v2\/media?parent=1724"}],"curies":[{"name":"wp","href":"https:\/\/api.w.org\/{rel}","templated":true}]}}